{"id":10262,"date":"2018-06-05T09:43:35","date_gmt":"2018-06-05T09:43:35","guid":{"rendered":"https:\/\/promz.be\/promo-ideaz\/"},"modified":"2018-06-05T09:50:20","modified_gmt":"2018-06-05T09:50:20","slug":"promo-ideaz","status":"publish","type":"page","link":"https:\/\/promz.be\/fr\/promo-ideaz\/","title":{"rendered":"Promo-IdeaZ"},"content":{"rendered":"<p>[vc_row][vc_column]<div class=\"container-fluid layout main\"><div class=\"row\"><div id=\"post-34697\" class=\"post layout-one\"><div class=\"row\"><div class=\"col-md-6 featured-image\"><a href=\"https:\/\/promz.be\/fr\/car-protected-and-advert-visible\/\" title=\"Car protected and Advert visible\"><img width=\"750\" height=\"500\" src=\"https:\/\/promz.be\/wp-content\/uploads\/2021\/05\/PROMZ_750x500_Mayo21.jpg\" class=\"attachment-380x200 size-380x200 wp-post-image\" alt=\"Advertising Jumbo Car Sunshade\" loading=\"lazy\" srcset=\"https:\/\/promz.be\/wp-content\/uploads\/2021\/05\/PROMZ_750x500_Mayo21.jpg 750w, https:\/\/promz.be\/wp-content\/uploads\/2021\/05\/PROMZ_750x500_Mayo21-300x200@2x.jpg 600w, https:\/\/promz.be\/wp-content\/uploads\/2021\/05\/PROMZ_750x500_Mayo21-300x200.jpg 300w\" sizes=\"(max-width: 750px) 100vw, 750px\" \/><\/a><\/div><div class=\"col-md-6 post-content\"><div class=\"terms\"><span id=\"3626\" class=\"category\"><a href=\"https:\/\/promz.be\/fr\/category\/promo-ideaz-fr\/\">#Promo-IdeaZ <\/a><\/span><\/div><a href=\"https:\/\/promz.be\/fr\/car-protected-and-advert-visible\/\" title=\"Car protected and Advert visible\"><h3 class=\"post-title\">Car protected and Advert visible<\/h3><\/a><p class=\"text-content\">Advertising Jumbo Car Sunshade a large sunshade, made of film aluminum honeycomb metallic on both sides of high quality.\r\n\r\nCan be customized with an Impression in...<\/p><\/div><\/div><\/div><div id=\"post-32570\" class=\"post layout-one\"><div class=\"row\"><div class=\"col-md-6 featured-image\"><a href=\"https:\/\/promz.be\/fr\/cloturez-lannee-en-beaute-en-offrant-une-carte-cadeau-collishop-professional\/\" title=\"Cl\u00f4turez l\u2019ann\u00e9e en beaut\u00e9 en offrant une carte-cadeau ColliShop Professional\"><img width=\"750\" height=\"500\" src=\"https:\/\/promz.be\/wp-content\/uploads\/2020\/11\/Cl\u00f4turez-l\u2019ann\u00e9e-en-beaut\u00e9-en-offrant-une-carte-cadeau-ColliShop-Professional.jpg\" class=\"attachment-380x200 size-380x200 wp-post-image\" alt=\"\" loading=\"lazy\" srcset=\"https:\/\/promz.be\/wp-content\/uploads\/2020\/11\/Cl\u00f4turez-l\u2019ann\u00e9e-en-beaut\u00e9-en-offrant-une-carte-cadeau-ColliShop-Professional.jpg 750w, https:\/\/promz.be\/wp-content\/uploads\/2020\/11\/Cl\u00f4turez-l\u2019ann\u00e9e-en-beaut\u00e9-en-offrant-une-carte-cadeau-ColliShop-Professional-600x400.jpg 600w, https:\/\/promz.be\/wp-content\/uploads\/2020\/11\/Cl\u00f4turez-l\u2019ann\u00e9e-en-beaut\u00e9-en-offrant-une-carte-cadeau-ColliShop-Professional-300x200.jpg 300w\" sizes=\"(max-width: 750px) 100vw, 750px\" \/><\/a><\/div><div class=\"col-md-6 post-content\"><div class=\"terms\"><span id=\"3626\" class=\"category\"><a href=\"https:\/\/promz.be\/fr\/category\/promo-ideaz-fr\/\">#Promo-IdeaZ <\/a><\/span><\/div><a href=\"https:\/\/promz.be\/fr\/cloturez-lannee-en-beaute-en-offrant-une-carte-cadeau-collishop-professional\/\" title=\"Cl\u00f4turez l\u2019ann\u00e9e en beaut\u00e9 en offrant une carte-cadeau ColliShop Professional\"><h3 class=\"post-title\">Cl\u00f4turez l\u2019ann\u00e9e en beaut\u00e9 en offrant une carte-cadeau ColliShop Professional<\/h3><\/a><p class=\"text-content\">2020 restera dans les annales comme une ann\u00e9e qui a chang\u00e9 nos vies. Nous avons \u00e9t\u00e9 pouss\u00e9s dans nos derniers retranchements et mis au d\u00e9fi...<\/p><\/div><\/div><\/div><div id=\"post-30444\" class=\"post layout-one\"><div class=\"row\"><div class=\"col-md-6 featured-image\"><a href=\"https:\/\/promz.be\/fr\/automatic-umbrella-from-fare\/\" title=\"Automatic umbrella from FARE\u00ae\"><img width=\"750\" height=\"500\" src=\"https:\/\/promz.be\/wp-content\/uploads\/2020\/08\/Automatic-umbrella-from-FARE.jpg\" class=\"attachment-380x200 size-380x200 wp-post-image\" alt=\"Automatic umbrella from FARE\" loading=\"lazy\" srcset=\"https:\/\/promz.be\/wp-content\/uploads\/2020\/08\/Automatic-umbrella-from-FARE.jpg 750w, https:\/\/promz.be\/wp-content\/uploads\/2020\/08\/Automatic-umbrella-from-FARE-600x400.jpg 600w, https:\/\/promz.be\/wp-content\/uploads\/2020\/08\/Automatic-umbrella-from-FARE-300x200.jpg 300w\" sizes=\"(max-width: 750px) 100vw, 750px\" \/><\/a><\/div><div class=\"col-md-6 post-content\"><div class=\"terms\"><span id=\"3626\" class=\"category\"><a href=\"https:\/\/promz.be\/fr\/category\/promo-ideaz-fr\/\">#Promo-IdeaZ <\/a><\/span><\/div><a href=\"https:\/\/promz.be\/fr\/automatic-umbrella-from-fare\/\" title=\"Automatic umbrella from FARE\u00ae\"><h3 class=\"post-title\">Automatic umbrella from FARE\u00ae<\/h3><\/a><p class=\"text-content\">My Home Is My Castle - the sun and smile at home\u00a0\r\n\r\nBeautiful automatic umbrella with outdoor print motif.\r\n2 summer feelings like sunflower and palm tree...<\/p><\/div><\/div><\/div><div id=\"post-10286\" class=\"post layout-two\"><div class=\"row\"><div class=\"col-md-12 featured-image\"><a href=\"https:\/\/promz.be\/fr\/fine-speaker\/\" title=\"Fine speaker\"><img width=\"720\" height=\"961\" src=\"https:\/\/promz.be\/wp-content\/uploads\/2018\/06\/04-Fine-Speaker.png\" class=\"attachment-250x150 size-250x150 wp-post-image\" alt=\"\" loading=\"lazy\" srcset=\"https:\/\/promz.be\/wp-content\/uploads\/2018\/06\/04-Fine-Speaker.png 720w, https:\/\/promz.be\/wp-content\/uploads\/2018\/06\/04-Fine-Speaker-600x801.png 600w, https:\/\/promz.be\/wp-content\/uploads\/2018\/06\/04-Fine-Speaker-225x300.png 225w\" sizes=\"(max-width: 720px) 100vw, 720px\" \/><\/a><\/div><div class=\"col-md-12 post-content\"><div class=\"terms\"><span id=\"3626\" class=\"category\"><a href=\"https:\/\/promz.be\/fr\/category\/promo-ideaz-fr\/\">#Promo-IdeaZ <\/a><\/span><\/div><a href=\"https:\/\/promz.be\/fr\/fine-speaker\/\" title=\"Fine speaker\"><h3 class=\"post-title\">Fine speaker<\/h3><\/a><p class=\"text-content\">Lexon top speaker. Designed by Pauline Deltour.\r\n3W speaker with top noise.\r\nHigh end and exclusive product.\r\nTurn on and pump up the volume by turning. Rechargeable, 6...<\/p><\/div><\/div><\/div><div id=\"post-10285\" class=\"post layout-two\"><div class=\"row\"><div class=\"col-md-12 featured-image\"><a href=\"https:\/\/promz.be\/fr\/treets-traditions-a-gift-from-mother-nature\/\" title=\"Treets Traditions, a gift from Mother Nature\"><img width=\"2157\" height=\"2560\" src=\"https:\/\/promz.be\/wp-content\/uploads\/2018\/06\/Energising-Secrets_Treets-Traditions_Amazon-scaled.jpg\" class=\"attachment-250x150 size-250x150 wp-post-image\" alt=\"energising-secrets_treets-traditions_amazon\" loading=\"lazy\" srcset=\"https:\/\/promz.be\/wp-content\/uploads\/2018\/06\/Energising-Secrets_Treets-Traditions_Amazon-scaled.jpg 2157w, https:\/\/promz.be\/wp-content\/uploads\/2018\/06\/Energising-Secrets_Treets-Traditions_Amazon-600x712.jpg 600w, https:\/\/promz.be\/wp-content\/uploads\/2018\/06\/Energising-Secrets_Treets-Traditions_Amazon-253x300.jpg 253w, https:\/\/promz.be\/wp-content\/uploads\/2018\/06\/Energising-Secrets_Treets-Traditions_Amazon-768x911.jpg 768w, https:\/\/promz.be\/wp-content\/uploads\/2018\/06\/Energising-Secrets_Treets-Traditions_Amazon-863x1024.jpg 863w\" sizes=\"(max-width: 2157px) 100vw, 2157px\" \/><\/a><\/div><div class=\"col-md-12 post-content\"><div class=\"terms\"><span id=\"3626\" class=\"category\"><a href=\"https:\/\/promz.be\/fr\/category\/promo-ideaz-fr\/\">#Promo-IdeaZ <\/a><\/span><\/div><a href=\"https:\/\/promz.be\/fr\/treets-traditions-a-gift-from-mother-nature\/\" title=\"Treets Traditions, a gift from Mother Nature\"><h3 class=\"post-title\">Treets Traditions, a gift from Mother Nature<\/h3><\/a><p class=\"text-content\">Treets Traditions, a gift from Mother Nature\nWhen nature\u2019s own ingredients are so remarkable, why mess around with them? Treets is committed to providing products that...<\/p><\/div><\/div><\/div><div id=\"post-10283\" class=\"post layout-two\"><div class=\"row\"><div class=\"col-md-12 featured-image\"><a href=\"https:\/\/promz.be\/fr\/keep-it-cool\/\" title=\"Keep it cool!\"><img width=\"1000\" height=\"750\" src=\"https:\/\/promz.be\/wp-content\/uploads\/2018\/06\/Keep-it-cool-Bredemeijergroup.jpg\" class=\"attachment-250x150 size-250x150 wp-post-image\" alt=\"Keep it cool! Bredemijer\" loading=\"lazy\" srcset=\"https:\/\/promz.be\/wp-content\/uploads\/2018\/06\/Keep-it-cool-Bredemeijergroup.jpg 1000w, https:\/\/promz.be\/wp-content\/uploads\/2018\/06\/Keep-it-cool-Bredemeijergroup-600x450.jpg 600w, https:\/\/promz.be\/wp-content\/uploads\/2018\/06\/Keep-it-cool-Bredemeijergroup-300x225.jpg 300w, https:\/\/promz.be\/wp-content\/uploads\/2018\/06\/Keep-it-cool-Bredemeijergroup-768x576.jpg 768w\" sizes=\"(max-width: 1000px) 100vw, 1000px\" \/><\/a><\/div><div class=\"col-md-12 post-content\"><div class=\"terms\"><span id=\"3626\" class=\"category\"><a href=\"https:\/\/promz.be\/fr\/category\/promo-ideaz-fr\/\">#Promo-IdeaZ <\/a><\/span><\/div><a href=\"https:\/\/promz.be\/fr\/keep-it-cool\/\" title=\"Keep it cool!\"><h3 class=\"post-title\">Keep it cool!<\/h3><\/a><p class=\"text-content\">This single walled stainless steel champagne bucket keeps your champagne cool. The bucket has been finished with a nice crocodile print. A perfect gift!\n\nMeasurements: \u00d8...<\/p><\/div><\/div><\/div><div id=\"post-10284\" class=\"post layout-one\"><div class=\"row\"><div class=\"col-md-6 featured-image\"><a href=\"https:\/\/promz.be\/fr\/celebrate-christmas-with-the-latest-rituals-gift-sets\/\" title=\"Celebrate Christmas with the latest Rituals gift sets\"><img width=\"960\" height=\"961\" src=\"https:\/\/promz.be\/wp-content\/uploads\/2018\/06\/Hiephiep_promo-idea-ayurveda.jpg\" class=\"attachment-380x200 size-380x200 wp-post-image\" alt=\"hiephiep_promo-idea-ayurveda_rituals\" loading=\"lazy\" srcset=\"https:\/\/promz.be\/wp-content\/uploads\/2018\/06\/Hiephiep_promo-idea-ayurveda.jpg 960w, https:\/\/promz.be\/wp-content\/uploads\/2018\/06\/Hiephiep_promo-idea-ayurveda-300x300.jpg 300w, https:\/\/promz.be\/wp-content\/uploads\/2018\/06\/Hiephiep_promo-idea-ayurveda-100x100.jpg 100w, https:\/\/promz.be\/wp-content\/uploads\/2018\/06\/Hiephiep_promo-idea-ayurveda-600x600.jpg 600w, https:\/\/promz.be\/wp-content\/uploads\/2018\/06\/Hiephiep_promo-idea-ayurveda-150x150.jpg 150w, https:\/\/promz.be\/wp-content\/uploads\/2018\/06\/Hiephiep_promo-idea-ayurveda-768x769.jpg 768w, https:\/\/promz.be\/wp-content\/uploads\/2018\/06\/Hiephiep_promo-idea-ayurveda-180x180.jpg 180w\" sizes=\"(max-width: 960px) 100vw, 960px\" \/><\/a><\/div><div class=\"col-md-6 post-content\"><div class=\"terms\"><span id=\"3626\" class=\"category\"><a href=\"https:\/\/promz.be\/fr\/category\/promo-ideaz-fr\/\">#Promo-IdeaZ <\/a><\/span><\/div><a href=\"https:\/\/promz.be\/fr\/celebrate-christmas-with-the-latest-rituals-gift-sets\/\" title=\"Celebrate Christmas with the latest Rituals gift sets\"><h3 class=\"post-title\">Celebrate Christmas with the latest Rituals gift sets<\/h3><\/a><p class=\"text-content\">Rituals has recently renewed the entire line of gift sets. You can order these\u00a0wonderful gift sets now at HiepHiepKado. Need any help making your choice?...<\/p><\/div><\/div><\/div><div id=\"post-10274\" class=\"post layout-one\"><div class=\"row\"><div class=\"col-md-6 featured-image\"><a href=\"https:\/\/promz.be\/fr\/cool-keychain-with-led-logo\/\" title=\"Cool keychain with LED logo\"><img width=\"960\" height=\"960\" src=\"https:\/\/promz.be\/wp-content\/uploads\/2018\/06\/Hiep-Kado-Xooper.jpg\" class=\"attachment-380x200 size-380x200 wp-post-image\" alt=\"\" loading=\"lazy\" srcset=\"https:\/\/promz.be\/wp-content\/uploads\/2018\/06\/Hiep-Kado-Xooper.jpg 960w, https:\/\/promz.be\/wp-content\/uploads\/2018\/06\/Hiep-Kado-Xooper-300x300.jpg 300w, https:\/\/promz.be\/wp-content\/uploads\/2018\/06\/Hiep-Kado-Xooper-100x100.jpg 100w, https:\/\/promz.be\/wp-content\/uploads\/2018\/06\/Hiep-Kado-Xooper-600x600.jpg 600w, https:\/\/promz.be\/wp-content\/uploads\/2018\/06\/Hiep-Kado-Xooper-150x150.jpg 150w, https:\/\/promz.be\/wp-content\/uploads\/2018\/06\/Hiep-Kado-Xooper-768x768.jpg 768w, https:\/\/promz.be\/wp-content\/uploads\/2018\/06\/Hiep-Kado-Xooper-180x180.jpg 180w\" sizes=\"(max-width: 960px) 100vw, 960px\" \/><\/a><\/div><div class=\"col-md-6 post-content\"><div class=\"terms\"><span id=\"3626\" class=\"category\"><a href=\"https:\/\/promz.be\/fr\/category\/promo-ideaz-fr\/\">#Promo-IdeaZ <\/a><\/span><\/div><a href=\"https:\/\/promz.be\/fr\/cool-keychain-with-led-logo\/\" title=\"Cool keychain with LED logo\"><h3 class=\"post-title\">Cool keychain with LED logo<\/h3><\/a><p class=\"text-content\">Let your brand shine with this cool key chain including power bank with LED logo.\n\nIncludes built-in charging cable (micro \/ lightning) and 500 mAh battery...<\/p><\/div><\/div><\/div><div id=\"post-10275\" class=\"post layout-one\"><div class=\"row\"><div class=\"col-md-6 featured-image\"><a href=\"https:\/\/promz.be\/fr\/warm-winter-tea\/\" title=\"Warm winter tea\"><img width=\"900\" height=\"600\" src=\"https:\/\/promz.be\/wp-content\/uploads\/2018\/06\/Bredemeijer_Asia-Jang-set-900-px.jpg\" class=\"attachment-380x200 size-380x200 wp-post-image\" alt=\"\" loading=\"lazy\" srcset=\"https:\/\/promz.be\/wp-content\/uploads\/2018\/06\/Bredemeijer_Asia-Jang-set-900-px.jpg 900w, https:\/\/promz.be\/wp-content\/uploads\/2018\/06\/Bredemeijer_Asia-Jang-set-900-px-600x400.jpg 600w, https:\/\/promz.be\/wp-content\/uploads\/2018\/06\/Bredemeijer_Asia-Jang-set-900-px-300x200.jpg 300w, https:\/\/promz.be\/wp-content\/uploads\/2018\/06\/Bredemeijer_Asia-Jang-set-900-px-768x512.jpg 768w\" sizes=\"(max-width: 900px) 100vw, 900px\" \/><\/a><\/div><div class=\"col-md-6 post-content\"><div class=\"terms\"><span id=\"3626\" class=\"category\"><a href=\"https:\/\/promz.be\/fr\/category\/promo-ideaz-fr\/\">#Promo-IdeaZ <\/a><\/span><\/div><a href=\"https:\/\/promz.be\/fr\/warm-winter-tea\/\" title=\"Warm winter tea\"><h3 class=\"post-title\">Warm winter tea<\/h3><\/a><p class=\"text-content\">Warm winter tea\nA teapot is the perfect gift to keep your customers or employees warm in winter time.\n\nEspecially with this charming set consisting of cast...<\/p><\/div><\/div><\/div><div class=\"pagination\"><ul class='page-numbers'>\n\t<li><span aria-current=\"page\" class=\"page-numbers current\">1<\/span><\/li>\n\t<li><a class=\"page-numbers\" href=\"https:\/\/promz.be\/fr\/wp-json\/wp\/v2\/pages\/10262\/page\/2\/\">2<\/a><\/li>\n\t<li><a class=\"next page-numbers\" href=\"https:\/\/promz.be\/fr\/wp-json\/wp\/v2\/pages\/10262\/page\/2\/\">Next &raquo;<\/a><\/li>\n<\/ul>\n<\/div><div class=\"clearfix\"><\/div><\/div><\/div>[\/vc_column][\/vc_row]<\/p>\n","protected":false},"excerpt":{"rendered":"<p>[vc_row][vc_column][\/vc_column][\/vc_row] [&#8230;]<\/p>\n<p><a class=\"btn btn-secondary understrap-read-more-link\" href=\"https:\/\/promz.be\/fr\/warm-winter-tea\/\">Lire la suite&#8230;<\/a><\/p>\n","protected":false},"author":3,"featured_media":0,"parent":0,"menu_order":0,"comment_status":"closed","ping_status":"closed","template":"","meta":[],"_links":{"self":[{"href":"https:\/\/promz.be\/fr\/wp-json\/wp\/v2\/pages\/10262"}],"collection":[{"href":"https:\/\/promz.be\/fr\/wp-json\/wp\/v2\/pages"}],"about":[{"href":"https:\/\/promz.be\/fr\/wp-json\/wp\/v2\/types\/page"}],"author":[{"embeddable":true,"href":"https:\/\/promz.be\/fr\/wp-json\/wp\/v2\/users\/3"}],"replies":[{"embeddable":true,"href":"https:\/\/promz.be\/fr\/wp-json\/wp\/v2\/comments?post=10262"}],"version-history":[{"count":2,"href":"https:\/\/promz.be\/fr\/wp-json\/wp\/v2\/pages\/10262\/revisions"}],"predecessor-version":[{"id":10272,"href":"https:\/\/promz.be\/fr\/wp-json\/wp\/v2\/pages\/10262\/revisions\/10272"}],"wp:attachment":[{"href":"https:\/\/promz.be\/fr\/wp-json\/wp\/v2\/media?parent=10262"}],"curies":[{"name":"wp","href":"https:\/\/api.w.org\/{rel}","templated":true}]}}