{"id":11377,"date":"2018-06-05T14:31:48","date_gmt":"2018-06-05T14:31:48","guid":{"rendered":"https:\/\/promz.be\/?page_id=11377"},"modified":"2018-06-05T14:31:48","modified_gmt":"2018-06-05T14:31:48","slug":"promo-watch","status":"publish","type":"page","link":"https:\/\/promz.be\/fr\/promo-watch\/","title":{"rendered":"Promo-Watch"},"content":{"rendered":"<p>[vc_row][vc_column][vc_column_text]<div class=\"container-fluid layout main\"><div class=\"row\"><div id=\"post-47441\" class=\"post layout-one\"><div class=\"row\"><div class=\"col-md-6 featured-image\"><a href=\"https:\/\/promz.be\/fr\/les-promotions-de-la-semaine-15-6\/\" title=\"Les promotions de la semaine &#8211; 15\"><img width=\"750\" height=\"500\" src=\"https:\/\/promz.be\/wp-content\/uploads\/2026\/04\/4.jpg\" class=\"attachment-380x200 size-380x200 wp-post-image\" alt=\"\" loading=\"lazy\" srcset=\"https:\/\/promz.be\/wp-content\/uploads\/2026\/04\/4.jpg 750w, https:\/\/promz.be\/wp-content\/uploads\/2026\/04\/4-300x200.jpg 300w, https:\/\/promz.be\/wp-content\/uploads\/2026\/04\/4-600x400.jpg 600w\" sizes=\"(max-width: 750px) 100vw, 750px\" \/><\/a><\/div><div class=\"col-md-6 post-content\"><div class=\"terms\"><span id=\"3725\" class=\"category\"><a href=\"https:\/\/promz.be\/fr\/category\/promo-watch-fr\/\">#Promo-Watch <\/a><\/span><\/div><a href=\"https:\/\/promz.be\/fr\/les-promotions-de-la-semaine-15-6\/\" title=\"Les promotions de la semaine &#8211; 15\"><h3 class=\"post-title\">Les promotions de la semaine &#8211; 15<\/h3><\/a><p class=\"text-content\">PromZ.be a rep\u00e9r\u00e9 les actions promotionnelles suivantes pour la semaine du 6 au 11 avril :\r\n\r\n&nbsp;\r\n\r\ndans le d\u00e9pliant du Belbev Horeca-News\r\n\r\n- un essuie-verre professionel \u00e0...<\/p><\/div><\/div><\/div><div id=\"post-47430\" class=\"post layout-one\"><div class=\"row\"><div class=\"col-md-6 featured-image\"><a href=\"https:\/\/promz.be\/fr\/les-promotions-de-la-semaine-14-4\/\" title=\"Les promotions de la semaine &#8211; 14\"><img width=\"750\" height=\"500\" src=\"https:\/\/promz.be\/wp-content\/uploads\/2026\/04\/04.jpg\" class=\"attachment-380x200 size-380x200 wp-post-image\" alt=\"\" loading=\"lazy\" srcset=\"https:\/\/promz.be\/wp-content\/uploads\/2026\/04\/04.jpg 750w, https:\/\/promz.be\/wp-content\/uploads\/2026\/04\/04-300x200.jpg 300w, https:\/\/promz.be\/wp-content\/uploads\/2026\/04\/04-600x400.jpg 600w\" sizes=\"(max-width: 750px) 100vw, 750px\" \/><\/a><\/div><div class=\"col-md-6 post-content\"><div class=\"terms\"><span id=\"3725\" class=\"category\"><a href=\"https:\/\/promz.be\/fr\/category\/promo-watch-fr\/\">#Promo-Watch <\/a><\/span><\/div><a href=\"https:\/\/promz.be\/fr\/les-promotions-de-la-semaine-14-4\/\" title=\"Les promotions de la semaine &#8211; 14\"><h3 class=\"post-title\">Les promotions de la semaine &#8211; 14<\/h3><\/a><p class=\"text-content\">PromZ.be a rep\u00e9r\u00e9 l\u2019action promotionnelle suivante pour la semaine du 30 mars au 4 avril :\r\n\r\n&nbsp;\r\n\r\ndans le d\u00e9pliant du Kruidvat\r\n\r\n-\u00a0 une tasse \u2018Salt &amp; Pepper\u2019...<\/p><\/div><\/div><\/div><div id=\"post-47370\" class=\"post layout-one\"><div class=\"row\"><div class=\"col-md-6 featured-image\"><a href=\"https:\/\/promz.be\/fr\/les-promotions-de-la-semaine-13-5\/\" title=\"Les promotions de la semaine &#8211; 13\"><img width=\"750\" height=\"500\" src=\"https:\/\/promz.be\/wp-content\/uploads\/2026\/03\/03-1.jpg\" class=\"attachment-380x200 size-380x200 wp-post-image\" alt=\"\" loading=\"lazy\" srcset=\"https:\/\/promz.be\/wp-content\/uploads\/2026\/03\/03-1.jpg 750w, https:\/\/promz.be\/wp-content\/uploads\/2026\/03\/03-1-300x200.jpg 300w, https:\/\/promz.be\/wp-content\/uploads\/2026\/03\/03-1-600x400.jpg 600w\" sizes=\"(max-width: 750px) 100vw, 750px\" \/><\/a><\/div><div class=\"col-md-6 post-content\"><div class=\"terms\"><span id=\"3725\" class=\"category\"><a href=\"https:\/\/promz.be\/fr\/category\/promo-watch-fr\/\">#Promo-Watch <\/a><\/span><\/div><a href=\"https:\/\/promz.be\/fr\/les-promotions-de-la-semaine-13-5\/\" title=\"Les promotions de la semaine &#8211; 13\"><h3 class=\"post-title\">Les promotions de la semaine &#8211; 13<\/h3><\/a><p class=\"text-content\">PromZ.be a rep\u00e9r\u00e9 les actions promotionnelles suivantes pour la semaine du 23 au 28 mars:\r\n\r\n&nbsp;\r\n\r\ndans le d\u00e9pliant du Prik &amp; Tik\r\n\r\n- une casquette de cyclisme...<\/p><\/div><\/div><\/div><div id=\"post-47308\" class=\"post layout-two\"><div class=\"row\"><div class=\"col-md-12 featured-image\"><a href=\"https:\/\/promz.be\/fr\/les-promotions-de-la-semaine-11-5\/\" title=\"Les promotions de la semaine &#8211; 11\"><img width=\"750\" height=\"500\" src=\"https:\/\/promz.be\/wp-content\/uploads\/2026\/03\/Week-11.png\" class=\"attachment-250x150 size-250x150 wp-post-image\" alt=\"\" loading=\"lazy\" srcset=\"https:\/\/promz.be\/wp-content\/uploads\/2026\/03\/Week-11.png 750w, https:\/\/promz.be\/wp-content\/uploads\/2026\/03\/Week-11-300x200.png 300w, https:\/\/promz.be\/wp-content\/uploads\/2026\/03\/Week-11-600x400.png 600w\" sizes=\"(max-width: 750px) 100vw, 750px\" \/><\/a><\/div><div class=\"col-md-12 post-content\"><div class=\"terms\"><span id=\"3725\" class=\"category\"><a href=\"https:\/\/promz.be\/fr\/category\/promo-watch-fr\/\">#Promo-Watch <\/a><\/span><\/div><a href=\"https:\/\/promz.be\/fr\/les-promotions-de-la-semaine-11-5\/\" title=\"Les promotions de la semaine &#8211; 11\"><h3 class=\"post-title\">Les promotions de la semaine &#8211; 11<\/h3><\/a><p class=\"text-content\">PromZ.be a rep\u00e9r\u00e9 les actions promotionnelles suivantes pour la semaine du 9 au 14 mars:\r\n\r\ndans le d\u00e9pliant du Carrefour Hypermarket\r\n\r\n- un verre \u00e0 l'achat d'un...<\/p><\/div><\/div><\/div><div id=\"post-47241\" class=\"post layout-two\"><div class=\"row\"><div class=\"col-md-12 featured-image\"><a href=\"https:\/\/promz.be\/fr\/les-promotions-de-la-semaine-7-5\/\" title=\"Les promotions de la semaine &#8211; 7\"><img width=\"750\" height=\"500\" src=\"https:\/\/promz.be\/wp-content\/uploads\/2026\/02\/16-Februari.png\" class=\"attachment-250x150 size-250x150 wp-post-image\" alt=\"\" loading=\"lazy\" srcset=\"https:\/\/promz.be\/wp-content\/uploads\/2026\/02\/16-Februari.png 750w, https:\/\/promz.be\/wp-content\/uploads\/2026\/02\/16-Februari-300x200.png 300w, https:\/\/promz.be\/wp-content\/uploads\/2026\/02\/16-Februari-600x400.png 600w\" sizes=\"(max-width: 750px) 100vw, 750px\" \/><\/a><\/div><div class=\"col-md-12 post-content\"><div class=\"terms\"><span id=\"3725\" class=\"category\"><a href=\"https:\/\/promz.be\/fr\/category\/promo-watch-fr\/\">#Promo-Watch <\/a><\/span><\/div><a href=\"https:\/\/promz.be\/fr\/les-promotions-de-la-semaine-7-5\/\" title=\"Les promotions de la semaine &#8211; 7\"><h3 class=\"post-title\">Les promotions de la semaine &#8211; 7<\/h3><\/a><p class=\"text-content\">PromZ.be a rep\u00e9r\u00e9 l\u2019action promotionnelle suivante pour la semaine du 9 au 14 f\u00e9vrier:\r\n\r\n&nbsp;\r\n\r\n\u00e0 la t\u00e9l\u00e9vision\r\n\r\n- McDonalds: un mug Friends \u00e0 l\u2019achat d\u2019un Friends Meal...<\/p><\/div><\/div><\/div><div id=\"post-47230\" class=\"post layout-two\"><div class=\"row\"><div class=\"col-md-12 featured-image\"><a href=\"https:\/\/promz.be\/fr\/les-promotions-de-la-semaine-6-6\/\" title=\"Les promotions de la semaine &#8211; 6\"><img width=\"2226\" height=\"1478\" src=\"https:\/\/promz.be\/wp-content\/uploads\/2026\/02\/CleanShot-2026-02-06-at-14.28.19@2x.png\" class=\"attachment-250x150 size-250x150 wp-post-image\" alt=\"\" loading=\"lazy\" srcset=\"https:\/\/promz.be\/wp-content\/uploads\/2026\/02\/CleanShot-2026-02-06-at-14.28.19@2x.png 2226w, https:\/\/promz.be\/wp-content\/uploads\/2026\/02\/CleanShot-2026-02-06-at-14.28.19@2x-300x199.png 300w, https:\/\/promz.be\/wp-content\/uploads\/2026\/02\/CleanShot-2026-02-06-at-14.28.19@2x-1024x680.png 1024w, https:\/\/promz.be\/wp-content\/uploads\/2026\/02\/CleanShot-2026-02-06-at-14.28.19@2x-1536x1020.png 1536w, https:\/\/promz.be\/wp-content\/uploads\/2026\/02\/CleanShot-2026-02-06-at-14.28.19@2x-2048x1360.png 2048w, https:\/\/promz.be\/wp-content\/uploads\/2026\/02\/CleanShot-2026-02-06-at-14.28.19@2x-600x398.png 600w\" sizes=\"(max-width: 2226px) 100vw, 2226px\" \/><\/a><\/div><div class=\"col-md-12 post-content\"><div class=\"terms\"><span id=\"3725\" class=\"category\"><a href=\"https:\/\/promz.be\/fr\/category\/promo-watch-fr\/\">#Promo-Watch <\/a><\/span><\/div><a href=\"https:\/\/promz.be\/fr\/les-promotions-de-la-semaine-6-6\/\" title=\"Les promotions de la semaine &#8211; 6\"><h3 class=\"post-title\">Les promotions de la semaine &#8211; 6<\/h3><\/a><p class=\"text-content\">PromZ.be a rep\u00e9r\u00e9 les actions promotionnelles suivantes pour la semaine du 2 au 7 f\u00e9vrier:\r\n\r\n&nbsp;\r\n\r\ndans le d\u00e9pliant du Kruidvat\r\n\r\n- des produits Pyrex \u2018cook &amp; freeze\u2019\u00e0...<\/p><\/div><\/div><\/div><div id=\"post-47186\" class=\"post layout-one\"><div class=\"row\"><div class=\"col-md-6 featured-image\"><a href=\"https:\/\/promz.be\/fr\/les-promotions-de-la-semaine-5-5\/\" title=\"Les promotions de la semaine &#8211; 5\"><img width=\"750\" height=\"500\" src=\"https:\/\/promz.be\/wp-content\/uploads\/2026\/02\/Week-50.png\" class=\"attachment-380x200 size-380x200 wp-post-image\" alt=\"\" loading=\"lazy\" srcset=\"https:\/\/promz.be\/wp-content\/uploads\/2026\/02\/Week-50.png 750w, https:\/\/promz.be\/wp-content\/uploads\/2026\/02\/Week-50-300x200.png 300w, https:\/\/promz.be\/wp-content\/uploads\/2026\/02\/Week-50-600x400.png 600w\" sizes=\"(max-width: 750px) 100vw, 750px\" \/><\/a><\/div><div class=\"col-md-6 post-content\"><div class=\"terms\"><span id=\"3725\" class=\"category\"><a href=\"https:\/\/promz.be\/fr\/category\/promo-watch-fr\/\">#Promo-Watch <\/a><\/span><\/div><a href=\"https:\/\/promz.be\/fr\/les-promotions-de-la-semaine-5-5\/\" title=\"Les promotions de la semaine &#8211; 5\"><h3 class=\"post-title\">Les promotions de la semaine &#8211; 5<\/h3><\/a><p class=\"text-content\">PromZ.be a rep\u00e9r\u00e9 l\u2019actions promotionnelle suivante pour la semaine du 26 au 31 janvier:\r\n\r\n&nbsp;\r\n\r\ndans le d\u00e9pliant du Colruyt Meilleurs Prix\r\n\r\n- un jeu de cards \u00e0...<\/p><\/div><\/div><\/div><div id=\"post-47163\" class=\"post layout-one\"><div class=\"row\"><div class=\"col-md-6 featured-image\"><a href=\"https:\/\/promz.be\/fr\/les-promotions-de-la-semaine-4-5\/\" title=\"Les promotions de la semaine &#8211; 4\"><img width=\"750\" height=\"500\" src=\"https:\/\/promz.be\/wp-content\/uploads\/2026\/01\/adwadadada.png\" class=\"attachment-380x200 size-380x200 wp-post-image\" alt=\"\" loading=\"lazy\" srcset=\"https:\/\/promz.be\/wp-content\/uploads\/2026\/01\/adwadadada.png 750w, https:\/\/promz.be\/wp-content\/uploads\/2026\/01\/adwadadada-300x200.png 300w, https:\/\/promz.be\/wp-content\/uploads\/2026\/01\/adwadadada-600x400.png 600w\" sizes=\"(max-width: 750px) 100vw, 750px\" \/><\/a><\/div><div class=\"col-md-6 post-content\"><div class=\"terms\"><span id=\"3725\" class=\"category\"><a href=\"https:\/\/promz.be\/fr\/category\/promo-watch-fr\/\">#Promo-Watch <\/a><\/span><\/div><a href=\"https:\/\/promz.be\/fr\/les-promotions-de-la-semaine-4-5\/\" title=\"Les promotions de la semaine &#8211; 4\"><h3 class=\"post-title\">Les promotions de la semaine &#8211; 4<\/h3><\/a><p class=\"text-content\">PromZ.be a rep\u00e9r\u00e9 les actions promotionnelles suivantes pour la semaine du 19 au 24 janvier:\r\n\r\n&nbsp;\r\n\r\ndans le d\u00e9pliant du Delhaize\r\n\r\n- coup d\u2019envoi d\u2019une action d\u2019\u00e9pargne pour...<\/p><\/div><\/div><\/div><div id=\"post-47156\" class=\"post layout-one\"><div class=\"row\"><div class=\"col-md-6 featured-image\"><a href=\"https:\/\/promz.be\/fr\/les-promotions-de-la-semaine-3-5\/\" title=\"Les promotions de la semaine &#8211; 3\"><img width=\"750\" height=\"500\" src=\"https:\/\/promz.be\/wp-content\/uploads\/2026\/01\/De-promoties-van-de-week-3.png\" class=\"attachment-380x200 size-380x200 wp-post-image\" alt=\"\" loading=\"lazy\" srcset=\"https:\/\/promz.be\/wp-content\/uploads\/2026\/01\/De-promoties-van-de-week-3.png 750w, https:\/\/promz.be\/wp-content\/uploads\/2026\/01\/De-promoties-van-de-week-3-300x200.png 300w, https:\/\/promz.be\/wp-content\/uploads\/2026\/01\/De-promoties-van-de-week-3-600x400.png 600w\" sizes=\"(max-width: 750px) 100vw, 750px\" \/><\/a><\/div><div class=\"col-md-6 post-content\"><div class=\"terms\"><span id=\"3725\" class=\"category\"><a href=\"https:\/\/promz.be\/fr\/category\/promo-watch-fr\/\">#Promo-Watch <\/a><\/span><\/div><a href=\"https:\/\/promz.be\/fr\/les-promotions-de-la-semaine-3-5\/\" title=\"Les promotions de la semaine &#8211; 3\"><h3 class=\"post-title\">Les promotions de la semaine &#8211; 3<\/h3><\/a><p class=\"text-content\">PromZ.be a rep\u00e9r\u00e9 l\u2019action promotionnelle suivante pour la semaine du 12 au 17 janvier:\r\n\r\n&nbsp;\r\n\r\ndans le d\u00e9pliant du Carrefour\r\n\r\n- coup d\u2019envoi d\u2019une action d\u2019\u00e9pargne pour des...<\/p><\/div><\/div><\/div><div class=\"pagination\"><ul class='page-numbers'>\n\t<li><span aria-current=\"page\" class=\"page-numbers current\">1<\/span><\/li>\n\t<li><a class=\"page-numbers\" href=\"https:\/\/promz.be\/fr\/wp-json\/wp\/v2\/pages\/11377\/page\/2\/\">2<\/a><\/li>\n\t<li><a class=\"page-numbers\" href=\"https:\/\/promz.be\/fr\/wp-json\/wp\/v2\/pages\/11377\/page\/3\/\">3<\/a><\/li>\n\t<li><a class=\"page-numbers\" href=\"https:\/\/promz.be\/fr\/wp-json\/wp\/v2\/pages\/11377\/page\/4\/\">4<\/a><\/li>\n\t<li><a class=\"page-numbers\" href=\"https:\/\/promz.be\/fr\/wp-json\/wp\/v2\/pages\/11377\/page\/5\/\">5<\/a><\/li>\n\t<li><a class=\"page-numbers\" href=\"https:\/\/promz.be\/fr\/wp-json\/wp\/v2\/pages\/11377\/page\/6\/\">6<\/a><\/li>\n\t<li><span class=\"page-numbers dots\">&hellip;<\/span><\/li>\n\t<li><a class=\"page-numbers\" href=\"https:\/\/promz.be\/fr\/wp-json\/wp\/v2\/pages\/11377\/page\/56\/\">56<\/a><\/li>\n\t<li><a class=\"next page-numbers\" href=\"https:\/\/promz.be\/fr\/wp-json\/wp\/v2\/pages\/11377\/page\/2\/\">Next &raquo;<\/a><\/li>\n<\/ul>\n<\/div><div class=\"clearfix\"><\/div><\/div><\/div>\n","protected":false},"excerpt":{"rendered":"<p>[vc_row][vc_column][vc_column_text] [&#8230;]<\/p>\n<p><a class=\"btn btn-secondary understrap-read-more-link\" href=\"https:\/\/promz.be\/fr\/les-promotions-de-la-semaine-3-5\/\">Lire la suite&#8230;<\/a><\/p>\n","protected":false},"author":3,"featured_media":0,"parent":0,"menu_order":0,"comment_status":"closed","ping_status":"closed","template":"","meta":[],"_links":{"self":[{"href":"https:\/\/promz.be\/fr\/wp-json\/wp\/v2\/pages\/11377"}],"collection":[{"href":"https:\/\/promz.be\/fr\/wp-json\/wp\/v2\/pages"}],"about":[{"href":"https:\/\/promz.be\/fr\/wp-json\/wp\/v2\/types\/page"}],"author":[{"embeddable":true,"href":"https:\/\/promz.be\/fr\/wp-json\/wp\/v2\/users\/3"}],"replies":[{"embeddable":true,"href":"https:\/\/promz.be\/fr\/wp-json\/wp\/v2\/comments?post=11377"}],"version-history":[{"count":1,"href":"https:\/\/promz.be\/fr\/wp-json\/wp\/v2\/pages\/11377\/revisions"}],"predecessor-version":[{"id":11378,"href":"https:\/\/promz.be\/fr\/wp-json\/wp\/v2\/pages\/11377\/revisions\/11378"}],"wp:attachment":[{"href":"https:\/\/promz.be\/fr\/wp-json\/wp\/v2\/media?parent=11377"}],"curies":[{"name":"wp","href":"https:\/\/api.w.org\/{rel}","templated":true}]}}