{"id":11704,"date":"2018-06-07T13:04:56","date_gmt":"2018-06-07T13:04:56","guid":{"rendered":"https:\/\/promz.be\/?page_id=11704"},"modified":"2018-12-13T13:38:54","modified_gmt":"2018-12-13T12:38:54","slug":"abonnement-promz-be-magazine","status":"publish","type":"page","link":"https:\/\/promz.be\/fr\/abonnement-promz-be-magazine\/","title":{"rendered":"Abonnement PromZ.be magazine"},"content":{"rendered":"<p>Le magazine PromZ.be est publi\u00e9 4 fois par an.<\/p>\n<h2>Co\u00fbts d&#8217;abonnement<\/h2>\n<p>Un abonnement \u00e0 PromZ.be Magazine co\u00fbte 22,50 \u20ac par an (hors TVA et frais de port inclus). Le tarif pour les abonn\u00e9s \u00e9trangers (en Europe) est de 38,50 \u20ac par an (TVA et frais de port compris).<\/p>\n<h2>Annuler l&#8217;abonnement<\/h2>\n<p>Votre abonnement doit \u00eatre annul\u00e9 par \u00e9crit ou par e-mail au plus tard six semaines avant l&#8217;apparition du dernier num\u00e9ro de votre abonnement.<\/p>\n","protected":false},"excerpt":{"rendered":"<p>Le magazine PromZ.be est publi\u00e9 4 fois par an. Co\u00fbts d&#8217;abonnement Un abonnement \u00e0 PromZ.be Magazine co\u00fbte 22,50 \u20ac par an (hors TVA et frais de port inclus). Le tarif pour les abonn\u00e9s \u00e9trangers (en Europe) est de 38,50 \u20ac par an (TVA et frais de port compris). Annuler l&#8217;abonnement Votre abonnement doit \u00eatre annul\u00e9 par \u00e9crit ou par e-mail au plus tard six semaines avant l&#8217;apparition du dernier num\u00e9ro de votre abonnement. [&#8230;]<\/p>\n<p><a class=\"btn btn-secondary understrap-read-more-link\" href=\"https:\/\/promz.be\/fr\/abonnement-promz-be-magazine\/\">Lire la suite&#8230;<\/a><\/p>\n","protected":false},"author":3,"featured_media":0,"parent":0,"menu_order":0,"comment_status":"closed","ping_status":"closed","template":"","meta":[],"_links":{"self":[{"href":"https:\/\/promz.be\/fr\/wp-json\/wp\/v2\/pages\/11704"}],"collection":[{"href":"https:\/\/promz.be\/fr\/wp-json\/wp\/v2\/pages"}],"about":[{"href":"https:\/\/promz.be\/fr\/wp-json\/wp\/v2\/types\/page"}],"author":[{"embeddable":true,"href":"https:\/\/promz.be\/fr\/wp-json\/wp\/v2\/users\/3"}],"replies":[{"embeddable":true,"href":"https:\/\/promz.be\/fr\/wp-json\/wp\/v2\/comments?post=11704"}],"version-history":[{"count":3,"href":"https:\/\/promz.be\/fr\/wp-json\/wp\/v2\/pages\/11704\/revisions"}],"predecessor-version":[{"id":16867,"href":"https:\/\/promz.be\/fr\/wp-json\/wp\/v2\/pages\/11704\/revisions\/16867"}],"wp:attachment":[{"href":"https:\/\/promz.be\/fr\/wp-json\/wp\/v2\/media?parent=11704"}],"curies":[{"name":"wp","href":"https:\/\/api.w.org\/{rel}","templated":true}]}}