{"id":25235,"date":"2019-09-26T11:38:03","date_gmt":"2019-09-26T09:38:03","guid":{"rendered":"https:\/\/promz.be\/?page_id=25235"},"modified":"2019-09-26T13:45:58","modified_gmt":"2019-09-26T11:45:58","slug":"package-productzfinder","status":"publish","type":"page","link":"https:\/\/promz.be\/fr\/package-productzfinder\/","title":{"rendered":"Package ProductZfinder"},"content":{"rendered":"<br \/>\n<h1><strong>\u200b<\/strong><strong>CHOISISSEZ MAINTENANT<\/strong> VOTRE PACKAGE POUR LA PROCHAINE SAISON<strong>\u200b<\/strong><\/h1>\n<p>\u00c0 partir du 1<sup>er<\/sup> octobre 2019, nous lan\u00e7ons de nouveaux abonnements annuels au ProductZfinder. Vous pouvez indiquer ici quel package vous choisissez pour l\u2019ann\u00e9e prochaine.<\/p>\n<p><span style=\"width: 100%;\"><img loading=\"lazy\" alt=\"The PromZ ProductZfinder\" width=\"1027\" height=\"810\" title=\"The PromZ ProductZfinder\" data-id=\"61326\" src=\"https:\/\/promz.be\/wp-content\/uploads\/2019\/09\/The-PromZ-ProductZfinder-4.png\" style=\"width: 100%;\"><\/span><\/p>\n<h2><strong>Basic<\/strong><\/h2>\n<p>110 \u20ac<\/p>\n<p>+ 7,50 \u20ac par demande d\u2019offre<\/p>\n<h5><u><u><u>AVANTAGE PROMZ<\/u><\/u><\/u><span style=\"font-size: 35px; color: rgb(238, 124, 0);\">*<\/span><\/h5>\n<ul>\n<li><span>Abonnement annuel<\/span><\/li>\n<\/ul>\n<h5><u>EN LIGNE<\/u><\/h5>\n<ul>\n<li><span>Profil complet de l\u2019entreprise<\/span><\/li>\n<li><span>10 r\u00e9f\u00e9rences<\/span><\/li>\n<\/ul>\n<h5><u>magazine<\/u><\/h5>\n<ul>\n<li>                    <span>Pas de mention produit<\/span><\/li>\n<\/ul>\n<p style=\"text-align: right;\">La plus populaire<\/p>\n<h2><strong>PLUS<\/strong><\/h2>\n<p>170 \u20ac<\/p>\n<p><span>+ 7,50 \u20ac par demande d\u2019offre<\/span><\/p>\n<h5><u><u><u>AVANTAGE PROMZ<\/u><\/u><\/u><span>*<\/span><\/h5>\n<ul>\n<li><span>Abonnement annuel<\/span><\/li>\n<\/ul>\n<h5><u>EN LIGNE<\/u><\/h5>\n<ul>\n<li><span>Profil complet de l\u2019entreprise<\/span><\/li>\n<li><span>50 r\u00e9f\u00e9rences<\/span><\/li>\n<\/ul>\n<h5><u>magazine<\/u><\/h5>\n<ul>\n<li><span>1 produit dans l\u2019aper\u00e7u des rubriques<\/span><\/li>\n<\/ul>\n<h2><strong>PREMIUM<\/strong><\/h2>\n<p>340 \u20ac<\/p>\n<p><span>+ 7,50 \u20ac par demande d\u2019offre<\/span><\/p>\n<h5><u><u><u>AVANTAGE PROMZ<\/u><\/u><\/u><span>*<\/span><\/h5>\n<ul>\n<li><span>Abonnement annuel<\/span><\/li>\n<\/ul>\n<h5><u>EN LIGNE<\/u><\/h5>\n<ul>\n<li><span>Profil complet de l\u2019entreprise<\/span><\/li>\n<li><span>100 r\u00e9f\u00e9rences<\/span><\/li>\n<\/ul>\n<h5><u>magazine<\/u><\/h5>\n<ul>\n<li><span>1 produit dans l\u2019aper\u00e7u des rubriques<\/span><\/li>\n<\/ul>\n<p><span style=\"width: 100%;\"><img loading=\"lazy\" alt=\"Profiteer van PromZ Voordeel\" width=\"900\" height=\"900\" title=\"Profiteer van PromZ Voordeel\" data-id=\"61599\" src=\"https:\/\/promz.be\/wp-content\/uploads\/2019\/09\/Profiteer-van-PromZ-Voordeel-4.png\" style=\"width: 100%;\"><\/span><\/p>\n<h2><strong><span style=\"font-size: 42px; text-transform: uppercase; color: rgb(238, 124, 0);\">*<\/span> <strong>NOUVEAU : PROMZ AVANTAGE<\/strong><\/strong><\/h2>\n<p>PromZ Avantage est une nouveaut\u00e9. Ce service est offert pendant un an avec chaque abonnement ProductZfinder.<\/p>\n<ul>\n<li><span>Abonnements gratuits \u00e0 PromZ.be, PromZ Vak, PromZ Magazine, EPPI, WA Nachrichten + Newsletters<\/span><\/li>\n<li><span>Entr\u00e9e gratuite au PSI D\u00fcsseldorf + boisson gratuite au PromZ Bar<\/span><\/li>\n<li><span>Vols avantageux vers divers salons internationaux haut de gamme avec KLM<\/span><\/li>\n<li><span>Conseils et astuces pour mieux r\u00e9ussir en ligne<\/span><\/li>\n<\/ul>\n<h2><strong>IMPORTANT<\/strong><\/h2>\n<p>Attention : si vous ne choisissez pas de package <strong>avant le 1<sup>er<\/sup> octobre<\/strong>, votre entreprise ne sera pas mentionn\u00e9e dans le num\u00e9ro annuel de PromZ.be Magazine ni sur le site <a href=\"https:\/\/promz.be\/fr\/\" target=\"_blank\" rel=\"noopener noreferrer\">www.promz.be<\/a>. <strong>De plus, vous ne recevrez plus votre PromZ.be Magazine automatiquement.<\/strong><\/p>\n<p style=\"text-align: center;\">\u00ab Vous aimeriez que des produits suppl\u00e9mentaires soient inclus dans l\u2019\u00e9dition magazine de ProductZfinder\u2009? Vous pouvez le sp\u00e9cifier sur le formulaire de commande. \u00bb<\/p>\n<h6><strong>\u200b<\/strong><strong>EN LIGNE<\/strong><\/h6>\n<h3>PROFIL COMPLET DE L\u2019ENTREPRISE<\/h3>\n<p><span style=\"width: 100%;\"><a href=\"https:\/\/promz.be\/nl\/producten\/van-helden-relatiegeschenken\/\" target=\"_blank\" rel=\"nofollow noopener noreferrer\"><img loading=\"lazy\" alt=\"\" width=\"500\" height=\"241\" title=\"van_helden_preview_profiel\" data-id=\"25064\" src=\"https:\/\/promz.be\/wp-content\/uploads\/2019\/09\/van_helden_preview_profiel-1.jpg\" style=\"width: 100%;\" data-link-wrap=\"1\"><\/a><\/span><\/p>\n<h6><strong>\u200b<\/strong><strong>EN LIGNE<\/strong><\/h6>\n<h3>PRODUITS DANS LE PRODUCTZFINDER<\/h3>\n<p><span style=\"width: 100%;\"><a href=\"https:\/\/promz.be\/nl\/leverancier\/van-helden-relatiegeschenken\/\" target=\"_blank\" rel=\"nofollow noopener noreferrer\"><img loading=\"lazy\" alt=\"Producten in online productzfinder\" width=\"500\" height=\"241\" title=\"Producten in online productzfinder\" data-id=\"25066\" src=\"https:\/\/promz.be\/wp-content\/uploads\/2019\/09\/Producten-in-online-productzfinder-1.jpg\" style=\"width: 100%;\" data-link-wrap=\"1\"><\/a><\/span><\/p>\n<h6><strong>MAGAZINE<\/strong><\/h6>\n<h3>PRODUIT DANS L\u2019APER\u00c7U DES RUBRIQUES<\/h3>\n<p><span style=\"width: 100%;\"><a href=\"https:\/\/promz.be\/wp-content\/uploads\/2019\/09\/Ontwerp-PF_2019_2020-1.png\" target=\"_blank\" rel=\"nofollow noopener noreferrer\"><img loading=\"lazy\" alt=\"ProductZfinder productoverzicht in PromZ Magazine\" width=\"500\" height=\"241\" title=\"Ontwerp PF_2019 keuze\" data-id=\"61451\" src=\"https:\/\/promz.be\/wp-content\/uploads\/2019\/09\/Ontwerp-PF_2019-keuze-1.png\" style=\"width: 100%;\" data-link-wrap=\"1\"><\/a><\/span><\/p>\n<p>Si vous avez encore des questions ou besoin de conseils, contactez-nous par t\u00e9l\u00e9phone ou envoyez un e-mail \u00e0 votre personne de contact :<\/p>\n<p>Arjan Woortman (<a href=\"mailto:arjan.woortman@hetportaal.com?subject=ProductZfinder-abonnement%202019-2020\" target=\"_blank\" rel=\"noopener noreferrer\">arjan.woortman@hetportaal.com<\/a>)<\/p>\n<h1>+31 (0)75-6475747<\/h1>\n<h3>PROMZ.BE EST UNE MARQUE DE<\/h3>\n<p>Het Portaal uitgeversVeerdijk 40-11351 MS Wormer NL+31 (0)75 6475747<a href=\"http:\/\/www.hetportaal.com\/\" rel=\"noopener noreferrer\" target=\"_blank\">www.hetportaal.com<\/a><\/p>\n","protected":false},"excerpt":{"rendered":"<p>\u200bCHOISISSEZ MAINTENANT VOTRE PACKAGE POUR LA PROCHAINE SAISON\u200b \u00c0 partir du 1er octobre 2019, nous lan\u00e7ons de nouveaux abonnements annuels au ProductZfinder. Vous pouvez indiquer ici quel package vous choisissez pour l\u2019ann\u00e9e prochaine. Basic 110 \u20ac + 7,50 \u20ac par demande d\u2019offre AVANTAGE PROMZ* Abonnement annuel EN LIGNE Profil complet de l\u2019entreprise 10 r\u00e9f\u00e9rences magazine Pas de mention produit La plus populaire PLUS 170 \u20ac + 7,50 \u20ac par demande d\u2019offre AVANTAGE PROMZ* Abonnement annuel [&#8230;]<\/p>\n<p><a class=\"btn btn-secondary understrap-read-more-link\" href=\"https:\/\/promz.be\/fr\/package-productzfinder\/\">Lire la suite&#8230;<\/a><\/p>\n","protected":false},"author":4,"featured_media":0,"parent":0,"menu_order":0,"comment_status":"closed","ping_status":"closed","template":"","meta":[],"_links":{"self":[{"href":"https:\/\/promz.be\/fr\/wp-json\/wp\/v2\/pages\/25235"}],"collection":[{"href":"https:\/\/promz.be\/fr\/wp-json\/wp\/v2\/pages"}],"about":[{"href":"https:\/\/promz.be\/fr\/wp-json\/wp\/v2\/types\/page"}],"author":[{"embeddable":true,"href":"https:\/\/promz.be\/fr\/wp-json\/wp\/v2\/users\/4"}],"replies":[{"embeddable":true,"href":"https:\/\/promz.be\/fr\/wp-json\/wp\/v2\/comments?post=25235"}],"version-history":[{"count":5,"href":"https:\/\/promz.be\/fr\/wp-json\/wp\/v2\/pages\/25235\/revisions"}],"predecessor-version":[{"id":25293,"href":"https:\/\/promz.be\/fr\/wp-json\/wp\/v2\/pages\/25235\/revisions\/25293"}],"wp:attachment":[{"href":"https:\/\/promz.be\/fr\/wp-json\/wp\/v2\/media?parent=25235"}],"curies":[{"name":"wp","href":"https:\/\/api.w.org\/{rel}","templated":true}]}}