{"id":25261,"date":"2019-09-26T12:14:13","date_gmt":"2019-09-26T10:14:13","guid":{"rendered":"https:\/\/promz.be\/?page_id=25261"},"modified":"2019-09-26T13:12:32","modified_gmt":"2019-09-26T11:12:32","slug":"bon-commande-package-package-plus-productzfinder","status":"publish","type":"page","link":"https:\/\/promz.be\/fr\/package-productzfinder\/bon-commande-package-package-plus-productzfinder\/","title":{"rendered":"Bon de commande package package plus productzfinder"},"content":{"rendered":"<br \/>\n<h1><strong>BESTELFORMULIER<\/strong><strong>BON DE COMMANDE PACKAGE&nbsp;<\/strong><strong>PLUS<\/strong><strong>&nbsp;<\/strong><strong>\u200b<\/strong>PRODUCTZFINDER<\/h1>\n<p>\u00c0 partir du 1<sup>er<\/sup> octobre 2019, nous lan\u00e7ons de nouveaux abonnements annuels au ProductZfinder. Vous commandez le package PLUS en utilisant le formulaire ci-dessous.<\/p>\n<p><span style=\"width: 100%;\"><img loading=\"lazy\" alt=\"The PromZ ProductZfinder\" width=\"1027\" height=\"810\" title=\"The PromZ ProductZfinder\" data-id=\"61326\" src=\"https:\/\/promz.be\/wp-content\/uploads\/2019\/09\/The-PromZ-ProductZfinder-2-1.png\" style=\"width: 100%;\"><\/span><div role=\"form\" class=\"wpcf7\" id=\"wpcf7-f25288-o1\" lang=\"nl-NL\" dir=\"ltr\">\n<div class=\"screen-reader-response\"><p role=\"status\" aria-live=\"polite\" aria-atomic=\"true\"><\/p> <ul><\/ul><\/div>\n<form action=\"\/fr\/wp-json\/wp\/v2\/pages\/25261#wpcf7-f25288-o1\" method=\"post\" class=\"wpcf7-form init\" novalidate=\"novalidate\" data-status=\"init\">\n<div style=\"display: none;\">\n<input type=\"hidden\" name=\"_wpcf7\" value=\"25288\" \/>\n<input type=\"hidden\" name=\"_wpcf7_version\" value=\"5.6.2\" \/>\n<input type=\"hidden\" name=\"_wpcf7_locale\" value=\"nl_NL\" \/>\n<input type=\"hidden\" name=\"_wpcf7_unit_tag\" value=\"wpcf7-f25288-o1\" \/>\n<input type=\"hidden\" name=\"_wpcf7_container_post\" value=\"0\" \/>\n<input type=\"hidden\" name=\"_wpcf7_posted_data_hash\" value=\"\" \/>\n<input type=\"hidden\" name=\"_wpcf7_recaptcha_response\" value=\"\" \/>\n<\/div>\n<div class=\"form_container_wrapper\">\n<h2>VOTRE ABONNEMENT<\/h2>\n<div class=\"form_container\">\n<div class=\"form_row row\">\n<div class=\"col-lg-1\"> <span class=\"wpcf7-form-control-wrap\" data-name=\"plusja\"><span class=\"wpcf7-form-control wpcf7-acceptance\"><span class=\"wpcf7-list-item\"><input type=\"checkbox\" name=\"plusja\" value=\"1\" aria-invalid=\"false\" checked=\"checked\" \/><\/span><\/span><\/span><\/div>\n<div class=\"col-lg-11\"> L\u2019abonnement annuel ProductZfinder Plus (14 octobre 2019 - 14 octobre 2020) \u00e0 175 \u20ac hors TVA. <\/div>\n<\/div>\n<div class=\"form_row row\">\n<div class=\"col-lg-2\"> <span class=\"wpcf7-form-control-wrap\" data-name=\"extra\"><select name=\"extra\" class=\"wpcf7-form-control wpcf7-select\" aria-invalid=\"false\"><option value=\"0\">0<\/option><option value=\"1\">1<\/option><option value=\"2\">2<\/option><option value=\"3\">3<\/option><option value=\"4\">4<\/option><option value=\"5\">5<\/option><option value=\"6\">6<\/option><option value=\"7\">7<\/option><option value=\"8\">8<\/option><option value=\"9\">9<\/option><\/select><\/span><\/div>\n<div class=\"col-lg-9\"> produits suppl\u00e9mentaires dans le magazine \u00e0 60 \u20ac hors TVA.<\/div>\n<\/div>\n<div class=\"form_row row\">\n<div class=\"col-lg-3\"> Nom de l\u2019entreprise<\/div>\n<div class=\"col-lg-9\"> <span class=\"wpcf7-form-control-wrap\" data-name=\"bedrijfsnaam\"><input type=\"text\" name=\"bedrijfsnaam\" value=\"\" size=\"40\" class=\"wpcf7-form-control wpcf7-text\" aria-invalid=\"false\" \/><\/span> <\/div>\n<\/div>\n<div class=\"form_row row\">\n<div class=\"col-lg-3\"> Personne de contact* <\/div>\n<div class=\"col-lg-9\"> <span class=\"wpcf7-form-control-wrap\" data-name=\"contactpersoon\"><input type=\"text\" name=\"contactpersoon\" value=\"\" size=\"40\" class=\"wpcf7-form-control wpcf7-text wpcf7-validates-as-required\" aria-required=\"true\" aria-invalid=\"false\" \/><\/span> <\/div>\n<\/div>\n<div class=\"form_row row\">\n<div class=\"col-lg-3\"> Adresse e-mail* <\/div>\n<div class=\"col-lg-9\"> <span class=\"wpcf7-form-control-wrap\" data-name=\"email\"><input type=\"email\" name=\"email\" value=\"\" size=\"40\" class=\"wpcf7-form-control wpcf7-text wpcf7-email wpcf7-validates-as-required wpcf7-validates-as-email\" aria-required=\"true\" aria-invalid=\"false\" \/><\/span> <\/div>\n<\/div>\n<div class=\"form_row row\">\n<div class=\"col-lg-3\"> Num\u00e9ro de t\u00e9l\u00e9phone* <\/div>\n<div class=\"col-lg-9\"> <span class=\"wpcf7-form-control-wrap\" data-name=\"telefoonnummer\"><input type=\"text\" name=\"telefoonnummer\" value=\"\" size=\"40\" class=\"wpcf7-form-control wpcf7-text wpcf7-validates-as-required\" aria-required=\"true\" aria-invalid=\"false\" \/><\/span> <\/div>\n<\/div>\n<div class=\"form_row row\" style=\"margin-top:30px\">\n<div class=\"col-lg-6 pull-left mb-3\" >\n<div class=\"row\">\n<div class=\"col-lg-4\" style=\"float:left\">\n\n<\/div>\n<div class=\"col-lg-8\" style=\"float:left\">\n\n<\/div>\n<\/div>\n<\/div>\n<div class=\"col-lg-6 pull-right\"> <input type=\"submit\" value=\"COMMANDER\" class=\"wpcf7-form-control has-spinner wpcf7-submit\" \/> <\/div>\n<\/div>\n<\/div>\n<\/div>\n<p>Apr\u00e8s r\u00e9ception de ce bon de commande, nous vous enverrons une confirmation de commande avec les sp\u00e9cifications du mat\u00e9riel \u00e0 livrer.<\/p>\n<p style=\"display: none !important;\"><label>&#916;<textarea name=\"_wpcf7_ak_hp_textarea\" cols=\"45\" rows=\"8\" maxlength=\"100\"><\/textarea><\/label><input type=\"hidden\" id=\"ak_js_1\" name=\"_wpcf7_ak_js\" value=\"177\"\/><script>document.getElementById( \"ak_js_1\" ).setAttribute( \"value\", ( new Date() ).getTime() );<\/script><\/p><div class=\"wpcf7-response-output\" aria-hidden=\"true\"><\/div><\/form><\/div><span style=\"width: 100%;\"><img loading=\"lazy\" alt=\"Profiteer van PromZ Voordeel\" width=\"900\" height=\"900\" title=\"Profiteer van PromZ Voordeel\" data-id=\"61599\" src=\"https:\/\/promz.be\/wp-content\/uploads\/2019\/09\/Profiteer-van-PromZ-Voordeel-2-1.png\" style=\"width: 100%;\"><\/span><\/p>\n<h2>NOUVEAU : PROMZ AVANTAGE<\/h2>\n<p>PromZ Avantage est une nouveaut\u00e9. Ce service est offert pendant un an avec chaque abonnement ProductZfinder.<\/p>\n<ul>\n<li><span>Abonnements gratuits \u00e0 PromZ.be, PromZ Vak, PromZ Magazine, EPPI, WA Nachrichten + Newsletters<\/span><\/li>\n<li><span>Entr\u00e9e gratuite au PSI D\u00fcsseldorf + boisson gratuite au PromZ Bar<\/span><\/li>\n<li><span>Vols avantageux vers divers salons internationaux haut de gamme avec KLM<\/span><\/li>\n<li><span>Conseils et astuces pour mieux r\u00e9ussir en ligne<\/span><\/li>\n<\/ul>\n<h3>PROMZ.BE EST UNE MARQUE DE<\/h3>\n<p>Het Portaal uitgeversVeerdijk 40-11351 MS Wormer NL+31 (0)75 6475747promz@hetportaal.com<a href=\"http:\/\/www.hetportaal.com\/\" rel=\"noopener noreferrer\" target=\"_blank\">www.hetportaal.com<\/a><\/p>\n","protected":false},"excerpt":{"rendered":"<p>BESTELFORMULIERBON DE COMMANDE PACKAGE&nbsp;PLUS&nbsp;\u200bPRODUCTZFINDER \u00c0 partir du 1er octobre 2019, nous lan\u00e7ons de nouveaux abonnements annuels au ProductZfinder. Vous commandez le package PLUS en utilisant le formulaire ci-dessous. NOUVEAU : PROMZ AVANTAGE PromZ Avantage est une nouveaut\u00e9. Ce service est offert pendant un an avec chaque abonnement ProductZfinder. Abonnements gratuits \u00e0 PromZ.be, PromZ Vak, PromZ Magazine, EPPI, WA Nachrichten + Newsletters Entr\u00e9e gratuite au PSI D\u00fcsseldorf + boisson gratuite au PromZ Bar Vols avantageux vers [&#8230;]<\/p>\n<p><a class=\"btn btn-secondary understrap-read-more-link\" href=\"https:\/\/promz.be\/fr\/package-productzfinder\/bon-commande-package-package-plus-productzfinder\/\">Lire la suite&#8230;<\/a><\/p>\n","protected":false},"author":4,"featured_media":0,"parent":25235,"menu_order":0,"comment_status":"closed","ping_status":"closed","template":"","meta":[],"_links":{"self":[{"href":"https:\/\/promz.be\/fr\/wp-json\/wp\/v2\/pages\/25261"}],"collection":[{"href":"https:\/\/promz.be\/fr\/wp-json\/wp\/v2\/pages"}],"about":[{"href":"https:\/\/promz.be\/fr\/wp-json\/wp\/v2\/types\/page"}],"author":[{"embeddable":true,"href":"https:\/\/promz.be\/fr\/wp-json\/wp\/v2\/users\/4"}],"replies":[{"embeddable":true,"href":"https:\/\/promz.be\/fr\/wp-json\/wp\/v2\/comments?post=25261"}],"version-history":[{"count":3,"href":"https:\/\/promz.be\/fr\/wp-json\/wp\/v2\/pages\/25261\/revisions"}],"predecessor-version":[{"id":25291,"href":"https:\/\/promz.be\/fr\/wp-json\/wp\/v2\/pages\/25261\/revisions\/25291"}],"up":[{"embeddable":true,"href":"https:\/\/promz.be\/fr\/wp-json\/wp\/v2\/pages\/25235"}],"wp:attachment":[{"href":"https:\/\/promz.be\/fr\/wp-json\/wp\/v2\/media?parent=25261"}],"curies":[{"name":"wp","href":"https:\/\/api.w.org\/{rel}","templated":true}]}}