{"id":12180,"date":"2017-08-07T00:00:00","date_gmt":"2018-07-02T14:37:44","guid":{"rendered":"https:\/\/promz.be\/product\/cadre-photo-en-chocolat\/"},"modified":"2018-07-02T14:37:44","modified_gmt":"2018-07-02T14:37:44","slug":"cadre-photo-en-chocolat","status":"publish","type":"product","link":"https:\/\/promz.be\/fr\/product\/cadre-photo-en-chocolat\/","title":{"rendered":"Cadre Photo en Chocolat"},"content":{"rendered":"","protected":false},"excerpt":{"rendered":"<p>Imprim\u00e9 avec votre logo, photo et\/ou texte en full color.<\/p>\n<p>Poids : 250 gr<br \/>\nDisponible en : chocolat au lait, blanc ou pur.<br \/>\nEmballage : Bo\u00eete cadeau \u00e0 fen\u00eatre transparente en blanc ou en or mat. Commande minimum : 10 pi\u00e8ces.<br \/>\nD\u00e9lai de livraison : 3 \u00e0 10 jours ouvrables.<br \/>\nPrix : 5,81\u20ac \u00e0 12,32\u20ac la pi\u00e8ce.<\/p>\n<p>Retrouvez plus d\u2019informations sur <a href=\"http:\/\/www.choco-paradijs.nl\/\" target=\"_blank\" rel=\"noopener\">www.choco-paradijs.nl<\/a><\/p>\n<h2>Du chocolat imprim\u00e9 comme cadeau de relation<\/h2>\n<p>Le chocolat imprim\u00e9 est une d\u00e9licieuse forme de PR et est tr\u00e8s appr\u00e9ci\u00e9 par vos clients (potentiels). C\u2019est une mani\u00e8re id\u00e9ale de remercier vos relations en leur offrant une d\u00e9licieuse d\u00e9licatesse. Le chocolat imprim\u00e9 est une forme de promotion financi\u00e8rement tr\u00e8s abordable et qui garantit l\u2019utilisation de votre objet publicitaire, car tout le monde appr\u00e9cie le chocolat.<\/p>\n<h2>Chocolat imprim\u00e9 personnalis\u00e9<\/h2>\n<p>Vous recherchez un cadeau au chocolat \u00ab sur mesure \u00bb ? Nous avons la solution ! Il vous suffit de nous confier vos d\u00e9sirs et vos id\u00e9es et nous r\u00e9aliserons ensemble votre projet. Le chocolat imprim\u00e9 peut \u00e9galement \u00eatre une sorte de carte de visite de votre entreprise.<\/p>\n<h2>Chocolat imprim\u00e9 promotionnel<\/h2>\n<p>Le chocolat promotionnel est d\u00e9j\u00e0 r\u00e9alisable \u00e0 partir de 11 euro cent la pi\u00e8ce. C\u2019est le cadeau de relation id\u00e9al pour mettre en avant votre entreprise aupr\u00e8s de vos clients (potentiels). Le chocolat imprim\u00e9 peut \u00eatre offert avec un caf\u00e9, en tant que gadget lors d\u2019un salon, comme cadeau de luxe ou pour surprendre votre personnel ou vos relations lors de f\u00eates ou d\u2019\u00e9v\u00e8nements sp\u00e9ciaux.<\/p>\n<h2>Commander du chocolat imprim\u00e9 en ligne<\/h2>\n<p>Chez Choco-Paradijs, il vous est possible de faire imprimer votre logo sur du chocolat en le commandant tout simplement en ligne. Nous pouvons ainsi tr\u00e8s rapidement imprimer le chocolat afin de vous le livrer dans les plus brefs d\u00e9lais. [&#8230;]<\/p>\n<p><a class=\"btn btn-secondary understrap-read-more-link\" href=\"https:\/\/promz.be\/fr\/product\/cadre-photo-en-chocolat\/\">Lire la suite&#8230;<\/a><\/p>\n","protected":false},"featured_media":12065,"comment_status":"open","ping_status":"open","template":"","meta":[],"product_cat":[984,947,977,991],"product_tag":[6165,6073],"_links":{"self":[{"href":"https:\/\/promz.be\/fr\/wp-json\/wp\/v2\/product\/12180"}],"collection":[{"href":"https:\/\/promz.be\/fr\/wp-json\/wp\/v2\/product"}],"about":[{"href":"https:\/\/promz.be\/fr\/wp-json\/wp\/v2\/types\/product"}],"replies":[{"embeddable":true,"href":"https:\/\/promz.be\/fr\/wp-json\/wp\/v2\/comments?post=12180"}],"wp:featuredmedia":[{"embeddable":true,"href":"https:\/\/promz.be\/fr\/wp-json\/wp\/v2\/media\/12065"}],"wp:attachment":[{"href":"https:\/\/promz.be\/fr\/wp-json\/wp\/v2\/media?parent=12180"}],"wp:term":[{"taxonomy":"product_cat","embeddable":true,"href":"https:\/\/promz.be\/fr\/wp-json\/wp\/v2\/product_cat?post=12180"},{"taxonomy":"product_tag","embeddable":true,"href":"https:\/\/promz.be\/fr\/wp-json\/wp\/v2\/product_tag?post=12180"}],"curies":[{"name":"wp","href":"https:\/\/api.w.org\/{rel}","templated":true}]}}