{"id":12182,"date":"2018-07-04T09:34:18","date_gmt":"2018-07-04T09:34:18","guid":{"rendered":"https:\/\/promz.be\/product\/cheese-biscuits\/"},"modified":"2018-07-04T09:34:18","modified_gmt":"2018-07-04T09:34:18","slug":"cheese-biscuits","status":"publish","type":"product","link":"https:\/\/promz.be\/fr\/product\/cheese-biscuits\/","title":{"rendered":"Cheese Biscuits"},"content":{"rendered":"<p>Excellents biscuits au fromage de qualit\u00e9 dans un emballage personnalis\u00e9 !<\/p>\n<p>Un en-cas au fromage de grande qualit\u00e9 pr\u00e9sentant une excellente saveur et une texture unique. Son go\u00fbt unique provient de l\u2019utilisation d\u2019une grande proportion de v\u00e9ritable fromage affin\u00e9 (Cheddar, Gouda, Emmental ou Parmesan)<\/p>\n<p>Les Cheese Crispies et les Cheese Sticks ont un go\u00fbt fantastique car ils sont fabriqu\u00e9s \u00e0 base des meilleurs ingr\u00e9dients dans le but de cr\u00e9er des moments de plaisir uniques !<\/p>\n","protected":false},"excerpt":{"rendered":"<p>Excellents biscuits au fromage de qualit\u00e9 dans un emballage personnalis\u00e9 !<\/p>\n<p>Un en-cas au fromage de grande qualit\u00e9 pr\u00e9sentant une excellente saveur et une texture unique. Son go\u00fbt unique provient de l\u2019utilisation d\u2019une grande proportion de v\u00e9ritable fromage affin\u00e9 (Cheddar, Gouda, Emmental ou Parmesan)<\/p>\n<p>Les Cheese Crispies et les Cheese Sticks ont un go\u00fbt fantastique car ils sont fabriqu\u00e9s \u00e0 base des meilleurs ingr\u00e9dients dans le but de cr\u00e9er des moments de plaisir uniques ! [&#8230;]<\/p>\n<p><a class=\"btn btn-secondary understrap-read-more-link\" href=\"https:\/\/promz.be\/fr\/product\/cheese-biscuits\/\">Lire la suite&#8230;<\/a><\/p>\n","protected":false},"featured_media":12109,"comment_status":"open","ping_status":"open","template":"","meta":[],"product_cat":[979,984,947,991],"product_tag":[],"_links":{"self":[{"href":"https:\/\/promz.be\/fr\/wp-json\/wp\/v2\/product\/12182"}],"collection":[{"href":"https:\/\/promz.be\/fr\/wp-json\/wp\/v2\/product"}],"about":[{"href":"https:\/\/promz.be\/fr\/wp-json\/wp\/v2\/types\/product"}],"replies":[{"embeddable":true,"href":"https:\/\/promz.be\/fr\/wp-json\/wp\/v2\/comments?post=12182"}],"wp:featuredmedia":[{"embeddable":true,"href":"https:\/\/promz.be\/fr\/wp-json\/wp\/v2\/media\/12109"}],"wp:attachment":[{"href":"https:\/\/promz.be\/fr\/wp-json\/wp\/v2\/media?parent=12182"}],"wp:term":[{"taxonomy":"product_cat","embeddable":true,"href":"https:\/\/promz.be\/fr\/wp-json\/wp\/v2\/product_cat?post=12182"},{"taxonomy":"product_tag","embeddable":true,"href":"https:\/\/promz.be\/fr\/wp-json\/wp\/v2\/product_tag?post=12182"}],"curies":[{"name":"wp","href":"https:\/\/api.w.org\/{rel}","templated":true}]}}