{"id":12183,"date":"2018-07-03T06:51:46","date_gmt":"2018-07-03T06:51:46","guid":{"rendered":"https:\/\/promz.be\/product\/logo-en-bonbon\/"},"modified":"2018-07-10T14:19:18","modified_gmt":"2018-07-10T14:19:18","slug":"logo-en-bonbon","status":"publish","type":"product","link":"https:\/\/promz.be\/fr\/product\/logo-en-bonbon\/","title":{"rendered":"Logo en bonbon"},"content":{"rendered":"<h2>Vous avez envie de vous d\u00e9marquer de mani\u00e8re originale ?<\/h2>\n<p>Il est \u00e0 pr\u00e9sent possible d\u2019imprimer le logo de votre entreprise en 3D.<\/p>\n<p>Envoyez-nous votre logo ou votre photo et nous les imprimons en 3 D sur des bonbons.<\/p>\n<p>Nos bonbons sont sans gluten, naturels et v\u00e9gans et sont bien entendu fabriqu\u00e9s sur mesure.<\/p>\n<p>Vous voulez impressionner vos clients en leur envoyant un selfie magique ? Ce cadeau de relation sera sans aucun doute tr\u00e8s appr\u00e9ci\u00e9 par vos clients.<\/p>\n<p>Si, malgr\u00e9 tout, vous \u00eates en panne d\u2019inspiration mais que vous d\u00e9sirez tout de m\u00eame offrir un cadeau de relation original, laissez-nous vous guider dans votre recherche au sein de notre assortiment de plus de 50 formes magiques.<br \/>\nPossibilit\u00e9 de commander \u00e0 la pi\u00e8ce !<\/p>\n<p>Vous trouverez plus de photos sur notre <a href=\"https:\/\/www.facebook.com\/dreamcandy.be\" target=\"_blank\" rel=\"noopener\">profil Facebook<\/a><\/p>\n","protected":false},"excerpt":{"rendered":"<h2>Vous avez envie de vous d\u00e9marquer de mani\u00e8re originale ?<\/h2>\n<p>Il est \u00e0 pr\u00e9sent possible d\u2019imprimer le logo de votre entreprise en 3D.<\/p>\n<p>Envoyez-nous votre logo ou votre photo et nous les imprimons en 3 D sur des bonbons.<\/p>\n<p>Nos bonbons sont sans gluten, naturels et v\u00e9gans et sont bien entendu fabriqu\u00e9s sur mesure.<\/p>\n<p>Vous voulez impressionner vos clients en leur envoyant un selfie magique ? Ce cadeau de relation sera sans aucun doute tr\u00e8s appr\u00e9ci\u00e9 par vos clients.<\/p>\n<p>Si, malgr\u00e9 tout, vous \u00eates en panne d\u2019inspiration mais que vous d\u00e9sirez tout de m\u00eame offrir un cadeau de relation original, laissez-nous vous guider dans votre recherche au sein de notre assortiment de plus de 50 formes magiques.<br \/>\nPossibilit\u00e9 de commander \u00e0 la pi\u00e8ce !<\/p>\n<p>Vous trouverez plus de photos sur notre <a href=\"https:\/\/www.facebook.com\/dreamcandy.be\" target=\"_blank\" rel=\"noopener\">profil Facebook<\/a> [&#8230;]<\/p>\n<p><a class=\"btn btn-secondary understrap-read-more-link\" href=\"https:\/\/promz.be\/fr\/product\/logo-en-bonbon\/\">Lire la suite&#8230;<\/a><\/p>\n","protected":false},"featured_media":12069,"comment_status":"open","ping_status":"open","template":"","meta":[],"product_cat":[984,947,977],"product_tag":[],"_links":{"self":[{"href":"https:\/\/promz.be\/fr\/wp-json\/wp\/v2\/product\/12183"}],"collection":[{"href":"https:\/\/promz.be\/fr\/wp-json\/wp\/v2\/product"}],"about":[{"href":"https:\/\/promz.be\/fr\/wp-json\/wp\/v2\/types\/product"}],"replies":[{"embeddable":true,"href":"https:\/\/promz.be\/fr\/wp-json\/wp\/v2\/comments?post=12183"}],"wp:featuredmedia":[{"embeddable":true,"href":"https:\/\/promz.be\/fr\/wp-json\/wp\/v2\/media\/12069"}],"wp:attachment":[{"href":"https:\/\/promz.be\/fr\/wp-json\/wp\/v2\/media?parent=12183"}],"wp:term":[{"taxonomy":"product_cat","embeddable":true,"href":"https:\/\/promz.be\/fr\/wp-json\/wp\/v2\/product_cat?post=12183"},{"taxonomy":"product_tag","embeddable":true,"href":"https:\/\/promz.be\/fr\/wp-json\/wp\/v2\/product_tag?post=12183"}],"curies":[{"name":"wp","href":"https:\/\/api.w.org\/{rel}","templated":true}]}}