{"id":12184,"date":"2017-08-18T00:00:00","date_gmt":"2018-07-04T08:29:18","guid":{"rendered":"https:\/\/promz.be\/product\/bio-italy-vouw-faites-la-difference\/"},"modified":"2018-07-04T08:29:18","modified_gmt":"2018-07-04T08:29:18","slug":"bio-italy-vouw-faites-la-difference","status":"publish","type":"product","link":"https:\/\/promz.be\/fr\/product\/bio-italy-vouw-faites-la-difference\/","title":{"rendered":"Bio Italy \u00ab vouw faites la difference \u00bb"},"content":{"rendered":"<p>Un panier carr\u00e9 en osier comprenant :<\/p>\n<p>\u2022 Un d\u00e9coupe pizza de 8 cm<br \/>\n\u2022 Un pack de 6 bouteilles de Piacelli Ap\u00e9ritif amer rouge, 6x98ml<br \/>\n\u2022 Un sachet pour cultiver du basilic et des tomates<br \/>\n\u2022 Un paquet de 500 gr de p\u00e2tes fusilli BIO<br \/>\n\u2022 Une bouteille de 690 gr de pur\u00e9e de tomates Bio Granoro<br \/>\n\u2022 Un m\u00e9lange de 470 gr de farine pour pizza italienne<br \/>\n\u2022 Un sachet de 100 gr de chips BIO au sel de mer<br \/>\n\u2022 Une barre chocolat\u00e9e de 100 gr, compos\u00e9e de chocolat fondant Fairtrade Cachet Bio \u00e0 base de 85% de cacao de Tanzanie<br \/>\n\u2022 Une bo\u00eete de 10x2gr de th\u00e9 Fair Trade<br \/>\nLe tout est emball\u00e9 dans une bo\u00eete appropri\u00e9e, envelopp\u00e9e de papier cadeau.<\/p>\n<p>Prix : 35\u20ac<\/p>\n<p>Int\u00e9ress\u00e9 ? Contactez-nous en envoyant un email \u00e0 <a href=\"mailto:info@magnusgifts.be\">info@magnusgifts.be<\/a><\/p>\n<p>Vous d\u00e9sirez plus d\u2019informations \u00e0 propos de nos autres paniers cadeaux ou de nos cadeaux de fin d\u2019ann\u00e9e ? Visitez notre site internet <a href=\"http:\/\/magnusgifts.be\/\" target=\"_blank\" rel=\"noopener\">www.magnusgifts.be<\/a><\/p>\n","protected":false},"excerpt":{"rendered":"<p>Un panier carr\u00e9 en osier comprenant :<\/p>\n<p>\u2022 Un d\u00e9coupe pizza de 8 cm<br \/>\n\u2022 Un pack de 6 bouteilles de Piacelli Ap\u00e9ritif amer rouge, 6x98ml<br \/>\n\u2022 Un sachet pour cultiver du basilic et des tomates<br \/>\n\u2022 Un paquet de 500 gr de p\u00e2tes fusilli BIO<br \/>\n\u2022 Une bouteille de 690 gr de pur\u00e9e de tomates Bio Granoro<br \/>\n\u2022 Un m\u00e9lange de 470 gr de farine pour pizza italienne<br \/>\n\u2022 Un sachet de 100 gr de chips BIO au sel de mer<br \/>\n\u2022 Une barre chocolat\u00e9e de 100 gr, compos\u00e9e de chocolat fondant Fairtrade Cachet Bio \u00e0 base de 85% de cacao de Tanzanie<br \/>\n\u2022 Une bo\u00eete de 10x2gr de th\u00e9 Fair Trade<br \/>\nLe tout est emball\u00e9 dans une bo\u00eete appropri\u00e9e, envelopp\u00e9e de papier cadeau.<\/p>\n<p>Prix : 35\u20ac<\/p>\n<p>Int\u00e9ress\u00e9 ? Contactez-nous en envoyant un email \u00e0 <a href=\"mailto:info@magnusgifts.be\">info@magnusgifts.be<\/a><\/p>\n<p>Vous d\u00e9sirez plus d\u2019informations \u00e0 propos de nos autres paniers cadeaux ou de nos cadeaux de fin d\u2019ann\u00e9e ? Visitez notre site internet <a href=\"http:\/\/magnusgifts.be\/\" target=\"_blank\" rel=\"noopener\">www.magnusgifts.be<\/a> [&#8230;]<\/p>\n<p><a class=\"btn btn-secondary understrap-read-more-link\" href=\"https:\/\/promz.be\/fr\/product\/bio-italy-vouw-faites-la-difference\/\">Lire la suite&#8230;<\/a><\/p>\n","protected":false},"featured_media":12099,"comment_status":"open","ping_status":"open","template":"","meta":[],"product_cat":[947,984,980,991,957],"product_tag":[],"_links":{"self":[{"href":"https:\/\/promz.be\/fr\/wp-json\/wp\/v2\/product\/12184"}],"collection":[{"href":"https:\/\/promz.be\/fr\/wp-json\/wp\/v2\/product"}],"about":[{"href":"https:\/\/promz.be\/fr\/wp-json\/wp\/v2\/types\/product"}],"replies":[{"embeddable":true,"href":"https:\/\/promz.be\/fr\/wp-json\/wp\/v2\/comments?post=12184"}],"wp:featuredmedia":[{"embeddable":true,"href":"https:\/\/promz.be\/fr\/wp-json\/wp\/v2\/media\/12099"}],"wp:attachment":[{"href":"https:\/\/promz.be\/fr\/wp-json\/wp\/v2\/media?parent=12184"}],"wp:term":[{"taxonomy":"product_cat","embeddable":true,"href":"https:\/\/promz.be\/fr\/wp-json\/wp\/v2\/product_cat?post=12184"},{"taxonomy":"product_tag","embeddable":true,"href":"https:\/\/promz.be\/fr\/wp-json\/wp\/v2\/product_tag?post=12184"}],"curies":[{"name":"wp","href":"https:\/\/api.w.org\/{rel}","templated":true}]}}