{"id":12185,"date":"2018-07-04T08:57:19","date_gmt":"2018-07-04T08:57:19","guid":{"rendered":"https:\/\/promz.be\/product\/macarons-imprimes\/"},"modified":"2018-07-04T08:57:19","modified_gmt":"2018-07-04T08:57:19","slug":"macarons-imprimes","status":"publish","type":"product","link":"https:\/\/promz.be\/fr\/product\/macarons-imprimes\/","title":{"rendered":"Macarons imprimes"},"content":{"rendered":"<p>Les Macarons Parisiens sont propos\u00e9s dans diff\u00e9rents emballages cadeaux.<\/p>\n<p>Les Macarons Parisiens peuvent \u00eatre imprim\u00e9s avec votre propre logo ou votre visuel en quadrichromie et sont livrables dans diff\u00e9rents emballages cadeaux.<\/p>\n<p>Notre assortiment comporte 14 couleurs (couleurs 100% naturelles) et 28 go\u00fbts diff\u00e9rents\u00a0! Le d\u00e9lai de conservation est de 3 mois.<\/p>\n<p>N\u2019h\u00e9sitez pas \u00e0 nous contacter pour plus d\u2019informations.<\/p>\n","protected":false},"excerpt":{"rendered":"<p>Les Macarons Parisiens sont propos\u00e9s dans diff\u00e9rents emballages cadeaux.<\/p>\n<p>Les Macarons Parisiens peuvent \u00eatre imprim\u00e9s avec votre propre logo ou votre visuel en quadrichromie et sont livrables dans diff\u00e9rents emballages cadeaux.<\/p>\n<p>Notre assortiment comporte 14 couleurs (couleurs 100% naturelles) et 28 go\u00fbts diff\u00e9rents\u00a0! Le d\u00e9lai de conservation est de 3 mois.<\/p>\n<p>N\u2019h\u00e9sitez pas \u00e0 nous contacter pour plus d\u2019informations. [&#8230;]<\/p>\n<p><a class=\"btn btn-secondary understrap-read-more-link\" href=\"https:\/\/promz.be\/fr\/product\/macarons-imprimes\/\">Lire la suite&#8230;<\/a><\/p>\n","protected":false},"featured_media":12105,"comment_status":"open","ping_status":"open","template":"","meta":[],"product_cat":[947,984,1008,977,957],"product_tag":[],"_links":{"self":[{"href":"https:\/\/promz.be\/fr\/wp-json\/wp\/v2\/product\/12185"}],"collection":[{"href":"https:\/\/promz.be\/fr\/wp-json\/wp\/v2\/product"}],"about":[{"href":"https:\/\/promz.be\/fr\/wp-json\/wp\/v2\/types\/product"}],"replies":[{"embeddable":true,"href":"https:\/\/promz.be\/fr\/wp-json\/wp\/v2\/comments?post=12185"}],"wp:featuredmedia":[{"embeddable":true,"href":"https:\/\/promz.be\/fr\/wp-json\/wp\/v2\/media\/12105"}],"wp:attachment":[{"href":"https:\/\/promz.be\/fr\/wp-json\/wp\/v2\/media?parent=12185"}],"wp:term":[{"taxonomy":"product_cat","embeddable":true,"href":"https:\/\/promz.be\/fr\/wp-json\/wp\/v2\/product_cat?post=12185"},{"taxonomy":"product_tag","embeddable":true,"href":"https:\/\/promz.be\/fr\/wp-json\/wp\/v2\/product_tag?post=12185"}],"curies":[{"name":"wp","href":"https:\/\/api.w.org\/{rel}","templated":true}]}}