{"id":12186,"date":"2017-10-06T00:00:00","date_gmt":"2018-07-04T10:19:30","guid":{"rendered":"https:\/\/promz.be\/product\/boite-promo-click-clack-de-bonbons-a-la-menthe\/"},"modified":"2018-07-04T10:19:30","modified_gmt":"2018-07-04T10:19:30","slug":"boite-promo-click-clack-de-bonbons-a-la-menthe","status":"publish","type":"product","link":"https:\/\/promz.be\/fr\/product\/boite-promo-click-clack-de-bonbons-a-la-menthe\/","title":{"rendered":"Boite Promo Click-Clack de bonbons a la menthe"},"content":{"rendered":"<p>Petite bo\u00eete \u00e0 bonbons sympathique et compacte ! Un petit bonbon \u00e0 la menthe pour \u00e9liminer rapidement une mauvaise haleine.<\/p>\n<p>Gr\u00e2ce \u00e0 cette bo\u00eete \u00e0 bonbons, vous aurez toujours et partout une petite menthe \u00e0 votre port\u00e9e.<\/p>\n<p>Votre logo peut \u00eatre imprim\u00e9 en quadrichromie sur le couvercle de cette petite bo\u00eete compacte et trendy.<\/p>\n","protected":false},"excerpt":{"rendered":"<p>Petite bo\u00eete \u00e0 bonbons sympathique et compacte ! Un petit bonbon \u00e0 la menthe pour \u00e9liminer rapidement une mauvaise haleine.<\/p>\n<p>Gr\u00e2ce \u00e0 cette bo\u00eete \u00e0 bonbons, vous aurez toujours et partout une petite menthe \u00e0 votre port\u00e9e.<\/p>\n<p>Votre logo peut \u00eatre imprim\u00e9 en quadrichromie sur le couvercle de cette petite bo\u00eete compacte et trendy. [&#8230;]<\/p>\n<p><a class=\"btn btn-secondary understrap-read-more-link\" href=\"https:\/\/promz.be\/fr\/product\/boite-promo-click-clack-de-bonbons-a-la-menthe\/\">Lire la suite&#8230;<\/a><\/p>\n","protected":false},"featured_media":12116,"comment_status":"open","ping_status":"open","template":"","meta":[],"product_cat":[984,947,977],"product_tag":[],"_links":{"self":[{"href":"https:\/\/promz.be\/fr\/wp-json\/wp\/v2\/product\/12186"}],"collection":[{"href":"https:\/\/promz.be\/fr\/wp-json\/wp\/v2\/product"}],"about":[{"href":"https:\/\/promz.be\/fr\/wp-json\/wp\/v2\/types\/product"}],"replies":[{"embeddable":true,"href":"https:\/\/promz.be\/fr\/wp-json\/wp\/v2\/comments?post=12186"}],"wp:featuredmedia":[{"embeddable":true,"href":"https:\/\/promz.be\/fr\/wp-json\/wp\/v2\/media\/12116"}],"wp:attachment":[{"href":"https:\/\/promz.be\/fr\/wp-json\/wp\/v2\/media?parent=12186"}],"wp:term":[{"taxonomy":"product_cat","embeddable":true,"href":"https:\/\/promz.be\/fr\/wp-json\/wp\/v2\/product_cat?post=12186"},{"taxonomy":"product_tag","embeddable":true,"href":"https:\/\/promz.be\/fr\/wp-json\/wp\/v2\/product_tag?post=12186"}],"curies":[{"name":"wp","href":"https:\/\/api.w.org\/{rel}","templated":true}]}}