{"id":12188,"date":"2018-07-03T08:24:59","date_gmt":"2018-07-03T08:24:59","guid":{"rendered":"https:\/\/promz.be\/product\/gobelets-imprimes\/"},"modified":"2018-07-03T08:24:59","modified_gmt":"2018-07-03T08:24:59","slug":"gobelets-imprimes","status":"publish","type":"product","link":"https:\/\/promz.be\/fr\/product\/gobelets-imprimes\/","title":{"rendered":"Gobelets imprimes"},"content":{"rendered":"<p>Chez Ducks in a row, vous pouvez trouver toutes sortes de gobelets imprim\u00e9s tels que des gobelets \u00e0 caf\u00e9, gobelets pour les glaces, gobelets \u00e0 bi\u00e8re ou \u00e0 vin, ainsi que de nombreux autres mod\u00e8les.<\/p>\n<p>Leur gamme vous propose bien entendu les gobelets standards en plastique, mais \u00e9galement les gobelets PLA biod\u00e9gradables de plus en plus populaires, ainsi que les gobelets r\u00e9utilisables. Les gobelets sont un objet promotionnel id\u00e9al \u00e9tant donn\u00e9 qu\u2019ils disposent d\u2019une grande surface imprimable. Nous imprimons votre propre cr\u00e9ation, votre logo, le nom de votre entreprise ou un slogan original selon vos d\u00e9sirs. Cette forme de r\u00e9clame est particuli\u00e8rement adapt\u00e9e aux entreprises \u00e0 la recherche de mat\u00e9riel promotionnel unique. Les gobelets imprim\u00e9s peuvent \u00eatre utilis\u00e9s dans de nombreux endroits ainsi qu\u2019\u00e0 de nombreuses occasions, comme au bureau, \u00e0 la caf\u00e9taria ou lors de r\u00e9unions, mais \u00e9galement lors de salons, de festivals ou de nombreux autres \u00e9v\u00e8nements.<\/p>\n<p>Nous sommes une entreprise jeune et dynamique proposant une tr\u00e8s large gamme d\u2019articles promotionnels.<\/p>\n<p>Ces gobelets sont disponibles en version imprim\u00e9e ou vierges, dans diff\u00e9rents formats et mat\u00e9riaux. Nous vous proposons \u00e9galement d\u2019autres articles promotionnels pour l\u2019Horeca comme des cartons de bi\u00e8re, des sets de table ou des pr\u00e9sentoirs.<\/p>\n<p>Nous veillons \u00e0 ce que les gobelets vous soient livr\u00e9s avec le plus grand soin, afin de vous garantir une qualit\u00e9 parfaite \u00e0 un prix tr\u00e8s concurrentiel.<\/p>\n<p>Vous pouvez facilement commander nos gobelets directement en ligne ou par email.<\/p>\n","protected":false},"excerpt":{"rendered":"<p>Chez Ducks in a row, vous pouvez trouver toutes sortes de gobelets imprim\u00e9s tels que des gobelets \u00e0 caf\u00e9, gobelets pour les glaces, gobelets \u00e0 bi\u00e8re ou \u00e0 vin, ainsi que de nombreux autres mod\u00e8les.<\/p>\n<p>Leur gamme vous propose bien entendu les gobelets standards en plastique, mais \u00e9galement les gobelets PLA biod\u00e9gradables de plus en plus populaires, ainsi que les gobelets r\u00e9utilisables. Les gobelets sont un objet promotionnel id\u00e9al \u00e9tant donn\u00e9 qu\u2019ils disposent d\u2019une grande surface imprimable. Nous imprimons votre propre cr\u00e9ation, votre logo, le nom de votre entreprise ou un slogan original selon vos d\u00e9sirs. Cette forme de r\u00e9clame est particuli\u00e8rement adapt\u00e9e aux entreprises \u00e0 la recherche de mat\u00e9riel promotionnel unique. Les gobelets imprim\u00e9s peuvent \u00eatre utilis\u00e9s dans de nombreux endroits ainsi qu\u2019\u00e0 de nombreuses occasions, comme au bureau, \u00e0 la caf\u00e9taria ou lors de r\u00e9unions, mais \u00e9galement lors de salons, de festivals ou de nombreux autres \u00e9v\u00e8nements.<\/p>\n<p>Nous sommes une entreprise jeune et dynamique proposant une tr\u00e8s large gamme d\u2019articles promotionnels.<\/p>\n<p>Ces gobelets sont disponibles en version imprim\u00e9e ou vierges, dans diff\u00e9rents formats et mat\u00e9riaux. Nous vous proposons \u00e9galement d\u2019autres articles promotionnels pour l\u2019Horeca comme des cartons de bi\u00e8re, des sets de table ou des pr\u00e9sentoirs.<\/p>\n<p>Nous veillons \u00e0 ce que les gobelets vous soient livr\u00e9s avec le plus grand soin, afin de vous garantir une qualit\u00e9 parfaite \u00e0 un prix tr\u00e8s concurrentiel.<\/p>\n<p>Vous pouvez facilement commander nos gobelets directement en ligne ou par email. [&#8230;]<\/p>\n<p><a class=\"btn btn-secondary understrap-read-more-link\" href=\"https:\/\/promz.be\/fr\/product\/gobelets-imprimes\/\">Lire la suite&#8230;<\/a><\/p>\n","protected":false},"featured_media":12082,"comment_status":"open","ping_status":"open","template":"","meta":[],"product_cat":[979,947,986,969,995,957,968,1036],"product_tag":[3887],"_links":{"self":[{"href":"https:\/\/promz.be\/fr\/wp-json\/wp\/v2\/product\/12188"}],"collection":[{"href":"https:\/\/promz.be\/fr\/wp-json\/wp\/v2\/product"}],"about":[{"href":"https:\/\/promz.be\/fr\/wp-json\/wp\/v2\/types\/product"}],"replies":[{"embeddable":true,"href":"https:\/\/promz.be\/fr\/wp-json\/wp\/v2\/comments?post=12188"}],"wp:featuredmedia":[{"embeddable":true,"href":"https:\/\/promz.be\/fr\/wp-json\/wp\/v2\/media\/12082"}],"wp:attachment":[{"href":"https:\/\/promz.be\/fr\/wp-json\/wp\/v2\/media?parent=12188"}],"wp:term":[{"taxonomy":"product_cat","embeddable":true,"href":"https:\/\/promz.be\/fr\/wp-json\/wp\/v2\/product_cat?post=12188"},{"taxonomy":"product_tag","embeddable":true,"href":"https:\/\/promz.be\/fr\/wp-json\/wp\/v2\/product_tag?post=12188"}],"curies":[{"name":"wp","href":"https:\/\/api.w.org\/{rel}","templated":true}]}}