{"id":12650,"date":"2018-08-07T16:22:05","date_gmt":"2018-08-07T14:22:05","guid":{"rendered":"https:\/\/promz.be\/?post_type=product&#038;p=12650"},"modified":"2020-07-20T14:29:46","modified_gmt":"2020-07-20T12:29:46","slug":"sac-a-snacks-transparent","status":"publish","type":"product","link":"https:\/\/promz.be\/fr\/product\/sac-a-snacks-transparent\/","title":{"rendered":"Sac \u00e0 snacks transparent"},"content":{"rendered":"<p>Chouettes sacs transparents pour ranger vos aliments sec, tels que : noix, graines, p\u00e2tes, etc. Ils trouveront leur place dans votre cuisine ou sur votre bureau!<\/p>\n<p>\u00c0 personnaliser int\u00e9gralement dans vos go\u00fbts.<\/p>\n","protected":false},"excerpt":{"rendered":"<p>Chouettes sacs transparents pour ranger vos aliments sec, tels que : noix, graines, p\u00e2tes, etc. Ils trouveront leur place dans votre cuisine ou sur votre bureau!<\/p>\n<p>\u00c0 personnaliser int\u00e9gralement dans vos go\u00fbts. [&#8230;]<\/p>\n<p><a class=\"btn btn-secondary understrap-read-more-link\" href=\"https:\/\/promz.be\/fr\/product\/sac-a-snacks-transparent\/\">Lire la suite&#8230;<\/a><\/p>\n","protected":false},"featured_media":12651,"comment_status":"open","ping_status":"closed","template":"","meta":[],"product_cat":[988,950,973,957],"product_tag":[1552,4144,4146,3280,4137,4145],"_links":{"self":[{"href":"https:\/\/promz.be\/fr\/wp-json\/wp\/v2\/product\/12650"}],"collection":[{"href":"https:\/\/promz.be\/fr\/wp-json\/wp\/v2\/product"}],"about":[{"href":"https:\/\/promz.be\/fr\/wp-json\/wp\/v2\/types\/product"}],"replies":[{"embeddable":true,"href":"https:\/\/promz.be\/fr\/wp-json\/wp\/v2\/comments?post=12650"}],"wp:featuredmedia":[{"embeddable":true,"href":"https:\/\/promz.be\/fr\/wp-json\/wp\/v2\/media\/12651"}],"wp:attachment":[{"href":"https:\/\/promz.be\/fr\/wp-json\/wp\/v2\/media?parent=12650"}],"wp:term":[{"taxonomy":"product_cat","embeddable":true,"href":"https:\/\/promz.be\/fr\/wp-json\/wp\/v2\/product_cat?post=12650"},{"taxonomy":"product_tag","embeddable":true,"href":"https:\/\/promz.be\/fr\/wp-json\/wp\/v2\/product_tag?post=12650"}],"curies":[{"name":"wp","href":"https:\/\/api.w.org\/{rel}","templated":true}]}}