{"id":12676,"date":"2018-02-05T10:51:34","date_gmt":"2018-02-05T09:51:34","guid":{"rendered":"https:\/\/promz.be\/?post_type=product&#038;p=12676"},"modified":"2018-08-08T14:26:00","modified_gmt":"2018-08-08T12:26:00","slug":"cle-usb-a-code","status":"publish","type":"product","link":"https:\/\/promz.be\/fr\/product\/cle-usb-a-code\/","title":{"rendered":"Cl\u00e9 USB \u00e0 code"},"content":{"rendered":"<p>Cette cl\u00e9 USB est le gadget id\u00e9al si vous voulez prot\u00e9gez vos donn\u00e9es personnelles. La cl\u00e9 n&#8217;est accessible qu&#8217;avec la bonne combinaison de chiffres. De cette fa\u00e7on, vos fichiers seront toujours prot\u00e9g\u00e9s. Cl\u00e9 USB disponible en 16 ou 32 GB.<\/p>\n<p>\u00c0 personnaliser avec votre logo sur la cl\u00e9 USB ou sur l&#8217;\u00e9tiquette textile.<\/p>\n","protected":false},"excerpt":{"rendered":"<p>Cette cl\u00e9 USB est le gadget id\u00e9al si vous voulez prot\u00e9gez vos donn\u00e9es personnelles. La cl\u00e9 n&#8217;est accessible qu&#8217;avec la bonne combinaison de chiffres. De cette fa\u00e7on, vos fichiers seront toujours prot\u00e9g\u00e9s. Cl\u00e9 USB disponible en 16 ou 32 GB.<\/p>\n<p>\u00c0 personnaliser avec votre logo sur la cl\u00e9 USB ou sur l&#8217;\u00e9tiquette textile. [&#8230;]<\/p>\n<p><a class=\"btn btn-secondary understrap-read-more-link\" href=\"https:\/\/promz.be\/fr\/product\/cle-usb-a-code\/\">Lire la suite&#8230;<\/a><\/p>\n","protected":false},"featured_media":12679,"comment_status":"open","ping_status":"closed","template":"","meta":[],"product_cat":[1030,956],"product_tag":[4157,4154,4129,4158,4156,4155,4149,1245],"_links":{"self":[{"href":"https:\/\/promz.be\/fr\/wp-json\/wp\/v2\/product\/12676"}],"collection":[{"href":"https:\/\/promz.be\/fr\/wp-json\/wp\/v2\/product"}],"about":[{"href":"https:\/\/promz.be\/fr\/wp-json\/wp\/v2\/types\/product"}],"replies":[{"embeddable":true,"href":"https:\/\/promz.be\/fr\/wp-json\/wp\/v2\/comments?post=12676"}],"wp:featuredmedia":[{"embeddable":true,"href":"https:\/\/promz.be\/fr\/wp-json\/wp\/v2\/media\/12679"}],"wp:attachment":[{"href":"https:\/\/promz.be\/fr\/wp-json\/wp\/v2\/media?parent=12676"}],"wp:term":[{"taxonomy":"product_cat","embeddable":true,"href":"https:\/\/promz.be\/fr\/wp-json\/wp\/v2\/product_cat?post=12676"},{"taxonomy":"product_tag","embeddable":true,"href":"https:\/\/promz.be\/fr\/wp-json\/wp\/v2\/product_tag?post=12676"}],"curies":[{"name":"wp","href":"https:\/\/api.w.org\/{rel}","templated":true}]}}