{"id":12681,"date":"2018-03-05T10:57:03","date_gmt":"2018-03-05T09:57:03","guid":{"rendered":"https:\/\/promz.be\/?post_type=product&#038;p=12681"},"modified":"2020-07-20T14:28:21","modified_gmt":"2020-07-20T12:28:21","slug":"ruban-route-et-petites-voitures","status":"publish","type":"product","link":"https:\/\/promz.be\/fr\/product\/ruban-route-et-petites-voitures\/","title":{"rendered":"Ruban route et petites voitures"},"content":{"rendered":"<p>Ce ruban d\u00e9coratif permet \u00e0 vos enfants de tracer leur route sur le sol, comme aux murs et d&#8217;y faire rouler toutes sortes de v\u00e9hicules (voitures, camions, ambulances, trains, avions, etc.). Un jeu \u00e9ducatif pour apprendre la circulation routi\u00e8re.<\/p>\n<p>Emballage enti\u00e8rement personnalisable dans vos propres go\u00fbts.<\/p>\n","protected":false},"excerpt":{"rendered":"<p>Ce ruban d\u00e9coratif permet \u00e0 vos enfants de tracer leur route sur le sol, comme aux murs et d&#8217;y faire rouler toutes sortes de v\u00e9hicules (voitures, camions, ambulances, trains, avions, etc.). Un jeu \u00e9ducatif pour apprendre la circulation routi\u00e8re.<\/p>\n<p>Emballage enti\u00e8rement personnalisable dans vos propres go\u00fbts. [&#8230;]<\/p>\n<p><a class=\"btn btn-secondary understrap-read-more-link\" href=\"https:\/\/promz.be\/fr\/product\/ruban-route-et-petites-voitures\/\">Lire la suite&#8230;<\/a><\/p>\n","protected":false},"featured_media":12684,"comment_status":"open","ping_status":"closed","template":"","meta":[],"product_cat":[957,1022,953,992],"product_tag":[4152,4160,3174,3162,3564,4159,3595],"_links":{"self":[{"href":"https:\/\/promz.be\/fr\/wp-json\/wp\/v2\/product\/12681"}],"collection":[{"href":"https:\/\/promz.be\/fr\/wp-json\/wp\/v2\/product"}],"about":[{"href":"https:\/\/promz.be\/fr\/wp-json\/wp\/v2\/types\/product"}],"replies":[{"embeddable":true,"href":"https:\/\/promz.be\/fr\/wp-json\/wp\/v2\/comments?post=12681"}],"wp:featuredmedia":[{"embeddable":true,"href":"https:\/\/promz.be\/fr\/wp-json\/wp\/v2\/media\/12684"}],"wp:attachment":[{"href":"https:\/\/promz.be\/fr\/wp-json\/wp\/v2\/media?parent=12681"}],"wp:term":[{"taxonomy":"product_cat","embeddable":true,"href":"https:\/\/promz.be\/fr\/wp-json\/wp\/v2\/product_cat?post=12681"},{"taxonomy":"product_tag","embeddable":true,"href":"https:\/\/promz.be\/fr\/wp-json\/wp\/v2\/product_tag?post=12681"}],"curies":[{"name":"wp","href":"https:\/\/api.w.org\/{rel}","templated":true}]}}