{"id":12686,"date":"2018-03-06T10:57:52","date_gmt":"2018-03-06T09:57:52","guid":{"rendered":"https:\/\/promz.be\/?post_type=product&#038;p=12686"},"modified":"2018-08-08T14:26:52","modified_gmt":"2018-08-08T12:26:52","slug":"flip-book-personnalisable","status":"publish","type":"product","link":"https:\/\/promz.be\/fr\/product\/flip-book-personnalisable\/","title":{"rendered":"Flip book personnalisable"},"content":{"rendered":"<p>Parce que parfois, une image vaut mieux que milles mots. Ces post-its sont imprim\u00e9s num\u00e9riquement, ce qui vous permets d&#8217;utiliser une image diff\u00e9rente sur chaque feuille. Lorsque vous ferez d\u00e9filer les pages, vous pourrez voir et\/ou montrer (\u00e0 vos clients) une histoire en stop motion. Disponible en plusieurs formats et 25, 50 ou 100 pages.<\/p>\n<p>\u00c0 personnaliser enti\u00e8rement selon vos go\u00fbts.<\/p>\n","protected":false},"excerpt":{"rendered":"<p>Parce que parfois, une image vaut mieux que milles mots. Ces post-its sont imprim\u00e9s num\u00e9riquement, ce qui vous permets d&#8217;utiliser une image diff\u00e9rente sur chaque feuille. Lorsque vous ferez d\u00e9filer les pages, vous pourrez voir et\/ou montrer (\u00e0 vos clients) une histoire en stop motion. Disponible en plusieurs formats et 25, 50 ou 100 pages.<\/p>\n<p>\u00c0 personnaliser enti\u00e8rement selon vos go\u00fbts. [&#8230;]<\/p>\n<p><a class=\"btn btn-secondary understrap-read-more-link\" href=\"https:\/\/promz.be\/fr\/product\/flip-book-personnalisable\/\">Lire la suite&#8230;<\/a><\/p>\n","protected":false},"featured_media":12687,"comment_status":"open","ping_status":"closed","template":"","meta":[],"product_cat":[951,1004],"product_tag":[4162,3265,2054,4161],"_links":{"self":[{"href":"https:\/\/promz.be\/fr\/wp-json\/wp\/v2\/product\/12686"}],"collection":[{"href":"https:\/\/promz.be\/fr\/wp-json\/wp\/v2\/product"}],"about":[{"href":"https:\/\/promz.be\/fr\/wp-json\/wp\/v2\/types\/product"}],"replies":[{"embeddable":true,"href":"https:\/\/promz.be\/fr\/wp-json\/wp\/v2\/comments?post=12686"}],"wp:featuredmedia":[{"embeddable":true,"href":"https:\/\/promz.be\/fr\/wp-json\/wp\/v2\/media\/12687"}],"wp:attachment":[{"href":"https:\/\/promz.be\/fr\/wp-json\/wp\/v2\/media?parent=12686"}],"wp:term":[{"taxonomy":"product_cat","embeddable":true,"href":"https:\/\/promz.be\/fr\/wp-json\/wp\/v2\/product_cat?post=12686"},{"taxonomy":"product_tag","embeddable":true,"href":"https:\/\/promz.be\/fr\/wp-json\/wp\/v2\/product_tag?post=12686"}],"curies":[{"name":"wp","href":"https:\/\/api.w.org\/{rel}","templated":true}]}}