{"id":12691,"date":"2018-03-12T10:59:41","date_gmt":"2018-03-12T09:59:41","guid":{"rendered":"https:\/\/promz.be\/?post_type=product&#038;p=12691"},"modified":"2018-08-08T14:27:10","modified_gmt":"2018-08-08T12:27:10","slug":"moufles-a-biere","status":"publish","type":"product","link":"https:\/\/promz.be\/fr\/product\/moufles-a-biere\/","title":{"rendered":"Moufles \u00e0 bi\u00e8re"},"content":{"rendered":"<p>Un chouette barbecue d&#8217;hiver ou un agr\u00e9able moment au march\u00e9 de No\u00ebl sont toujours accompagn\u00e9s d&#8217;un encas et d&#8217;une boisson ; bien qu&#8217;une boisson bien froide ne soit pas toujours agr\u00e9able \u00e0 tenir ! Avec ces moufles \u00e0 bi\u00e8re vous profiterez de votre boisson sans vous souciez d&#8217;avoir les mains froides !<\/p>\n<p>\u00c0 personnaliser dans vos propres go\u00fbts.<\/p>\n","protected":false},"excerpt":{"rendered":"<p>Un chouette barbecue d&#8217;hiver ou un agr\u00e9able moment au march\u00e9 de No\u00ebl sont toujours accompagn\u00e9s d&#8217;un encas et d&#8217;une boisson ; bien qu&#8217;une boisson bien froide ne soit pas toujours agr\u00e9able \u00e0 tenir ! Avec ces moufles \u00e0 bi\u00e8re vous profiterez de votre boisson sans vous souciez d&#8217;avoir les mains froides !<\/p>\n<p>\u00c0 personnaliser dans vos propres go\u00fbts. [&#8230;]<\/p>\n<p><a class=\"btn btn-secondary understrap-read-more-link\" href=\"https:\/\/promz.be\/fr\/product\/moufles-a-biere\/\">Lire la suite&#8230;<\/a><\/p>\n","protected":false},"featured_media":12692,"comment_status":"open","ping_status":"closed","template":"","meta":[],"product_cat":[1037,957],"product_tag":[4165,4166,4163,4167,4164],"_links":{"self":[{"href":"https:\/\/promz.be\/fr\/wp-json\/wp\/v2\/product\/12691"}],"collection":[{"href":"https:\/\/promz.be\/fr\/wp-json\/wp\/v2\/product"}],"about":[{"href":"https:\/\/promz.be\/fr\/wp-json\/wp\/v2\/types\/product"}],"replies":[{"embeddable":true,"href":"https:\/\/promz.be\/fr\/wp-json\/wp\/v2\/comments?post=12691"}],"wp:featuredmedia":[{"embeddable":true,"href":"https:\/\/promz.be\/fr\/wp-json\/wp\/v2\/media\/12692"}],"wp:attachment":[{"href":"https:\/\/promz.be\/fr\/wp-json\/wp\/v2\/media?parent=12691"}],"wp:term":[{"taxonomy":"product_cat","embeddable":true,"href":"https:\/\/promz.be\/fr\/wp-json\/wp\/v2\/product_cat?post=12691"},{"taxonomy":"product_tag","embeddable":true,"href":"https:\/\/promz.be\/fr\/wp-json\/wp\/v2\/product_tag?post=12691"}],"curies":[{"name":"wp","href":"https:\/\/api.w.org\/{rel}","templated":true}]}}