{"id":12694,"date":"2018-03-26T11:01:23","date_gmt":"2018-03-26T09:01:23","guid":{"rendered":"https:\/\/promz.be\/?post_type=product&#038;p=12694"},"modified":"2018-08-08T14:27:28","modified_gmt":"2018-08-08T12:27:28","slug":"tyvek-drawstring-bag","status":"publish","type":"product","link":"https:\/\/promz.be\/fr\/product\/tyvek-drawstring-bag\/","title":{"rendered":"Tyvek drawstring bag"},"content":{"rendered":"<p>Les traditionnels sacs de piscine sont r\u00e9cemment revenus \u00e0 la mode et sont une bonne alternative au tote bag. On peut d\u00e9sormais \u00e9galement jouer avec diff\u00e9rents mat\u00e9riaux, comme le tyvek. Le tyvek est un tissu super r\u00e9sistant, solide, imperm\u00e9able et au touch\u00e9 semblable au papier. Super cool, en plus vous pouvez personnaliser la couleur avec vos go\u00fbts!<\/p>\n","protected":false},"excerpt":{"rendered":"<p>Les traditionnels sacs de piscine sont r\u00e9cemment revenus \u00e0 la mode et sont une bonne alternative au tote bag. On peut d\u00e9sormais \u00e9galement jouer avec diff\u00e9rents mat\u00e9riaux, comme le tyvek. Le tyvek est un tissu super r\u00e9sistant, solide, imperm\u00e9able et au touch\u00e9 semblable au papier. Super cool, en plus vous pouvez personnaliser la couleur avec vos go\u00fbts! [&#8230;]<\/p>\n<p><a class=\"btn btn-secondary understrap-read-more-link\" href=\"https:\/\/promz.be\/fr\/product\/tyvek-drawstring-bag\/\">Lire la suite&#8230;<\/a><\/p>\n","protected":false},"featured_media":12695,"comment_status":"open","ping_status":"closed","template":"","meta":[],"product_cat":[980,957,978,954],"product_tag":[4168,4170,3280,4169,4171],"_links":{"self":[{"href":"https:\/\/promz.be\/fr\/wp-json\/wp\/v2\/product\/12694"}],"collection":[{"href":"https:\/\/promz.be\/fr\/wp-json\/wp\/v2\/product"}],"about":[{"href":"https:\/\/promz.be\/fr\/wp-json\/wp\/v2\/types\/product"}],"replies":[{"embeddable":true,"href":"https:\/\/promz.be\/fr\/wp-json\/wp\/v2\/comments?post=12694"}],"wp:featuredmedia":[{"embeddable":true,"href":"https:\/\/promz.be\/fr\/wp-json\/wp\/v2\/media\/12695"}],"wp:attachment":[{"href":"https:\/\/promz.be\/fr\/wp-json\/wp\/v2\/media?parent=12694"}],"wp:term":[{"taxonomy":"product_cat","embeddable":true,"href":"https:\/\/promz.be\/fr\/wp-json\/wp\/v2\/product_cat?post=12694"},{"taxonomy":"product_tag","embeddable":true,"href":"https:\/\/promz.be\/fr\/wp-json\/wp\/v2\/product_tag?post=12694"}],"curies":[{"name":"wp","href":"https:\/\/api.w.org\/{rel}","templated":true}]}}