{"id":12700,"date":"2018-04-25T11:05:26","date_gmt":"2018-04-25T09:05:26","guid":{"rendered":"https:\/\/promz.be\/?post_type=product&#038;p=12700"},"modified":"2018-08-08T14:28:08","modified_gmt":"2018-08-08T12:28:08","slug":"ballons-biodegradables","status":"publish","type":"product","link":"https:\/\/promz.be\/fr\/product\/ballons-biodegradables\/","title":{"rendered":"Ballons biod\u00e9gradables"},"content":{"rendered":"<p>Ces ballons de baudruche en latex 100% naturel sont bien moins nocifs pour l&#8217;environnement que les ballons traditionnels. Vous pouvez \u00e9galement opter pour une ficelle \u00e0 ballon qui se dissoudra enti\u00e8rement au contact de l&#8217;eau.<\/p>\n<p>\u00c0 personnaliser avec votre logo.<\/p>\n","protected":false},"excerpt":{"rendered":"<p>Ces ballons de baudruche en latex 100% naturel sont bien moins nocifs pour l&#8217;environnement que les ballons traditionnels. Vous pouvez \u00e9galement opter pour une ficelle \u00e0 ballon qui se dissoudra enti\u00e8rement au contact de l&#8217;eau.<\/p>\n<p>\u00c0 personnaliser avec votre logo. [&#8230;]<\/p>\n<p><a class=\"btn btn-secondary understrap-read-more-link\" href=\"https:\/\/promz.be\/fr\/product\/ballons-biodegradables\/\">Lire la suite&#8230;<\/a><\/p>\n","protected":false},"featured_media":12701,"comment_status":"open","ping_status":"closed","template":"","meta":[],"product_cat":[952,980,965,957],"product_tag":[1441,4174,4177,4723,4176,4175],"_links":{"self":[{"href":"https:\/\/promz.be\/fr\/wp-json\/wp\/v2\/product\/12700"}],"collection":[{"href":"https:\/\/promz.be\/fr\/wp-json\/wp\/v2\/product"}],"about":[{"href":"https:\/\/promz.be\/fr\/wp-json\/wp\/v2\/types\/product"}],"replies":[{"embeddable":true,"href":"https:\/\/promz.be\/fr\/wp-json\/wp\/v2\/comments?post=12700"}],"wp:featuredmedia":[{"embeddable":true,"href":"https:\/\/promz.be\/fr\/wp-json\/wp\/v2\/media\/12701"}],"wp:attachment":[{"href":"https:\/\/promz.be\/fr\/wp-json\/wp\/v2\/media?parent=12700"}],"wp:term":[{"taxonomy":"product_cat","embeddable":true,"href":"https:\/\/promz.be\/fr\/wp-json\/wp\/v2\/product_cat?post=12700"},{"taxonomy":"product_tag","embeddable":true,"href":"https:\/\/promz.be\/fr\/wp-json\/wp\/v2\/product_tag?post=12700"}],"curies":[{"name":"wp","href":"https:\/\/api.w.org\/{rel}","templated":true}]}}