{"id":12703,"date":"2018-05-16T11:07:14","date_gmt":"2018-05-16T09:07:14","guid":{"rendered":"https:\/\/promz.be\/?post_type=product&#038;p=12703"},"modified":"2018-08-08T14:28:29","modified_gmt":"2018-08-08T12:28:29","slug":"chargeur-sans-fil","status":"publish","type":"product","link":"https:\/\/promz.be\/fr\/product\/chargeur-sans-fil\/","title":{"rendered":"Chargeur sans fil"},"content":{"rendered":"<p>Chargez votre t\u00e9l\u00e9phone sans c\u00e2ble gr\u00e2ce \u00e0 ce chargeur sans fil. Il fonctionne avec tous les appareils dot\u00e9 de la technologie de transmission sans fil QI, comme la derni\u00e8re g\u00e9n\u00e9ration de t\u00e9l\u00e9phones Android, les iPhone 8, 8s en X.<\/p>\n<p>Le chargeur sans fil est disponible en plusieurs mod\u00e8les, \u00e0 personnaliser avec votre logo.<\/p>\n","protected":false},"excerpt":{"rendered":"<p>Chargez votre t\u00e9l\u00e9phone sans c\u00e2ble gr\u00e2ce \u00e0 ce chargeur sans fil. Il fonctionne avec tous les appareils dot\u00e9 de la technologie de transmission sans fil QI, comme la derni\u00e8re g\u00e9n\u00e9ration de t\u00e9l\u00e9phones Android, les iPhone 8, 8s en X.<\/p>\n<p>Le chargeur sans fil est disponible en plusieurs mod\u00e8les, \u00e0 personnaliser avec votre logo. [&#8230;]<\/p>\n<p><a class=\"btn btn-secondary understrap-read-more-link\" href=\"https:\/\/promz.be\/fr\/product\/chargeur-sans-fil\/\">Lire la suite&#8230;<\/a><\/p>\n","protected":false},"featured_media":12704,"comment_status":"open","ping_status":"closed","template":"","meta":[],"product_cat":[1006,956],"product_tag":[4181,4178,4182,4179,4180],"_links":{"self":[{"href":"https:\/\/promz.be\/fr\/wp-json\/wp\/v2\/product\/12703"}],"collection":[{"href":"https:\/\/promz.be\/fr\/wp-json\/wp\/v2\/product"}],"about":[{"href":"https:\/\/promz.be\/fr\/wp-json\/wp\/v2\/types\/product"}],"replies":[{"embeddable":true,"href":"https:\/\/promz.be\/fr\/wp-json\/wp\/v2\/comments?post=12703"}],"wp:featuredmedia":[{"embeddable":true,"href":"https:\/\/promz.be\/fr\/wp-json\/wp\/v2\/media\/12704"}],"wp:attachment":[{"href":"https:\/\/promz.be\/fr\/wp-json\/wp\/v2\/media?parent=12703"}],"wp:term":[{"taxonomy":"product_cat","embeddable":true,"href":"https:\/\/promz.be\/fr\/wp-json\/wp\/v2\/product_cat?post=12703"},{"taxonomy":"product_tag","embeddable":true,"href":"https:\/\/promz.be\/fr\/wp-json\/wp\/v2\/product_tag?post=12703"}],"curies":[{"name":"wp","href":"https:\/\/api.w.org\/{rel}","templated":true}]}}