{"id":13038,"date":"2018-09-18T13:42:59","date_gmt":"2018-09-18T11:42:59","guid":{"rendered":"https:\/\/promz.be\/product\/organisateur-de-dock-en-bambou-avec-chargeur-sans-fil\/"},"modified":"2018-09-18T13:42:59","modified_gmt":"2018-09-18T11:42:59","slug":"organisateur-de-dock-en-bambou-avec-chargeur-sans-fil","status":"publish","type":"product","link":"https:\/\/promz.be\/fr\/product\/organisateur-de-dock-en-bambou-avec-chargeur-sans-fil\/","title":{"rendered":"Organisateur de dock en bambou avec chargeur sans fil"},"content":{"rendered":"<p>Ceci est un \u2018organisateur de dock\u2019 en bambou qui rassemble toutes vos petites affaires, vos cl\u00e9s, votre petite monnaie, vos re\u00e7us ou autres \u2018bons\u2019, etc. Il y a un emplacement pr\u00e9vu pour d\u00e9poser votre t\u00e9l\u00e9phone et le recharger sans fil. <\/p>\n<p>Compatible avec tous les appareils derniers-cris, comme les Andro\u00efd, iPhone\u00ae 8, 8S et X et plus r\u00e9cents encore. <\/p>\n<p>Ce dock en bambou est un super cadeau, qui peut \u00eatre personnalis\u00e9 avec un texte ou un logo grav\u00e9.<\/p>\n<p>Dimensions: 23 x 21 x 2.5 cm.<br \/>\nSortie: DC 5V \/ 1A.<\/p>\n","protected":false},"excerpt":{"rendered":"<p>Ceci est un \u2018organisateur de dock\u2019 en bambou qui rassemble toutes vos petites affaires, vos cl\u00e9s, votre petite monnaie, vos re\u00e7us ou autres \u2018bons\u2019, etc. Il y a un emplacement pr\u00e9vu pour d\u00e9poser votre t\u00e9l\u00e9phone et le recharger sans fil. <\/p>\n<p>Compatible avec tous les appareils derniers-cris, comme les Andro\u00efd, iPhone\u00ae 8, 8S et X et plus r\u00e9cents encore. <\/p>\n<p>Ce dock en bambou est un super cadeau, qui peut \u00eatre personnalis\u00e9 avec un texte ou un logo grav\u00e9.<\/p>\n<p>Dimensions: 23 x 21 x 2.5 cm.<br \/>\nSortie: DC 5V \/ 1A.<br \/>\n [&#8230;]<\/p>\n<p><a class=\"btn btn-secondary understrap-read-more-link\" href=\"https:\/\/promz.be\/fr\/product\/organisateur-de-dock-en-bambou-avec-chargeur-sans-fil\/\">Lire la suite&#8230;<\/a><\/p>\n","protected":false},"featured_media":13037,"comment_status":"open","ping_status":"closed","template":"","meta":[],"product_cat":[980,1006,991,957,956],"product_tag":[4723],"_links":{"self":[{"href":"https:\/\/promz.be\/fr\/wp-json\/wp\/v2\/product\/13038"}],"collection":[{"href":"https:\/\/promz.be\/fr\/wp-json\/wp\/v2\/product"}],"about":[{"href":"https:\/\/promz.be\/fr\/wp-json\/wp\/v2\/types\/product"}],"replies":[{"embeddable":true,"href":"https:\/\/promz.be\/fr\/wp-json\/wp\/v2\/comments?post=13038"}],"wp:featuredmedia":[{"embeddable":true,"href":"https:\/\/promz.be\/fr\/wp-json\/wp\/v2\/media\/13037"}],"wp:attachment":[{"href":"https:\/\/promz.be\/fr\/wp-json\/wp\/v2\/media?parent=13038"}],"wp:term":[{"taxonomy":"product_cat","embeddable":true,"href":"https:\/\/promz.be\/fr\/wp-json\/wp\/v2\/product_cat?post=13038"},{"taxonomy":"product_tag","embeddable":true,"href":"https:\/\/promz.be\/fr\/wp-json\/wp\/v2\/product_tag?post=13038"}],"curies":[{"name":"wp","href":"https:\/\/api.w.org\/{rel}","templated":true}]}}