{"id":13454,"date":"2018-10-12T11:47:56","date_gmt":"2018-10-12T09:47:56","guid":{"rendered":"https:\/\/promz.be\/product\/textiles-ecologiquement-responsables-imprimees\/"},"modified":"2018-10-12T11:47:56","modified_gmt":"2018-10-12T09:47:56","slug":"textiles-ecologiquement-responsables-imprimees","status":"publish","type":"product","link":"https:\/\/promz.be\/fr\/product\/textiles-ecologiquement-responsables-imprimees\/","title":{"rendered":"Textiles \u00e9cologiquement responsables imprim\u00e9es"},"content":{"rendered":"<p>S\u00e9rigraphie Goed Gedukt pr\u00e9f\u00e8re Neutral, un producteur original de fair trade textiles durables, comme des pulls et sweats \u00e0 capuche, des v\u00eatements pour b\u00e9b\u00e9, des onesies, es t-shirts et des polos. Cette marque pionni\u00e8re offre un contr\u00f4le certifi\u00e9 du d\u00e9but du processus de production au produit final. Goed Gedrukt est depuis plus de 25 ans pionnier en mati\u00e8re d&#8217;impression et de personnalisation de v\u00eatements de haute qualit\u00e9.<\/p>\n<h2>\u00c9cologiquement responsable<\/h2>\n<p>Dans notre s\u00e9rigraphie \u00e0 Schoten, nous travaillons depuis le d\u00e9but avec des encres \u00e9cologiques \u00e0 base d\u2019eau. Pendant des ann\u00e9es, nous avons d\u00e9velopp\u00e9 une expertise unique dans ce domaine. Les impressions sont plus douces. Les encres \u00e0 l&#8217;eau \u00e9cologiques ne contiennent \u00e9galement aucun solvant, sont certifi\u00e9es OEKO-TEX\u00ae, s\u00e8chent \u00e0 basse temp\u00e9rature et sont donc meilleures pour l&#8217;environnement. Travailler de mani\u00e8re respectueuse de l&#8217;environnement est d&#8217;une grande importance pour nous. Notre propre \u00e9nergie solaire g\u00e9n\u00e9r\u00e9e y contribue.<\/p>\n<h2>Large choix<\/h2>\n<p>Neutral propose une large gamme de v\u00eatements biologiques et est produite en respectant les personnes et l&#8217;environnement, conform\u00e9ment aux normes europ\u00e9ennes les plus strictes. On travaille avec des mat\u00e9riaux nets et des \u00e9nergies renouvelables. Neutral paie des prix fair trade et garantit de bonnes conditions de travail aux travailleurs d\u00e8s le d\u00e9but du processus de production. Ainsi, Neutral offre au client des produits honn\u00eates, durables et d\u2019excellente qualit\u00e9.<\/p>\n<h2>Personnel et qualitatif<\/h2>\n<p>Des produits personnalis\u00e9s d\u00e9velopp\u00e9s \u00e0 100% en respectant l&#8217;environnement: pour cela, vous devez \u00eatre chez Goed Gedrukt. En plus de notre connaissance d&#8217;impression, nous disposons aussi d&#8217;un atelier de broderie. Non seulement pour les textiles, mais aussi pour les cadeaux promotionnels de toutes sortes, vous pouvez toujours nous contacter pour obtenir un devis et \/ ou des informations.<\/p>\n<h2>Contact<\/h2>\n<p>Zeefdrukkerij Allchim Goed Gedrukt<br \/>\nIndustriepark Brechtsebaan 18b<br \/>\n2900 Schoten<br \/>\n03 658 58 62<br \/>\n<a href=\"mailto:info@goedgedrukt.be\">info@goedgedrukt.be<\/a><br \/>\n<a href=\"https:\/\/www.facebook.com\/goedgedrukt\" target=\"_blank\" rel=\"noopener\">www.facebook.com\/goedgedrukt<\/a><br \/>\n<a href=\"https:\/\/goedgedrukt.be\/\" target=\"_blank\" rel=\"noopener\">www.goedgedrukt.be<\/a><\/p>\n<p>&nbsp;<\/p>\n","protected":false},"excerpt":{"rendered":"<p>S\u00e9rigraphie Goed Gedukt pr\u00e9f\u00e8re Neutral, un producteur original de fair trade textiles durables, comme des pulls et sweats \u00e0 capuche, des v\u00eatements pour b\u00e9b\u00e9, des onesies, es t-shirts et des polos. Cette marque pionni\u00e8re offre un contr\u00f4le certifi\u00e9 du d\u00e9but du processus de production au produit final. Goed Gedrukt est depuis plus de 25 ans pionnier en mati\u00e8re d&#8217;impression et de personnalisation de v\u00eatements de haute qualit\u00e9.<\/p>\n<h2>\u00c9cologiquement responsable<\/h2>\n<p>Dans notre s\u00e9rigraphie \u00e0 Schoten, nous travaillons depuis le d\u00e9but avec des encres \u00e9cologiques \u00e0 base d\u2019eau. Pendant des ann\u00e9es, nous avons d\u00e9velopp\u00e9 une expertise unique dans ce domaine. Les impressions sont plus douces. Les encres \u00e0 l&#8217;eau \u00e9cologiques ne contiennent \u00e9galement aucun solvant, sont certifi\u00e9es OEKO-TEX\u00ae, s\u00e8chent \u00e0 basse temp\u00e9rature et sont donc meilleures pour l&#8217;environnement. Travailler de mani\u00e8re respectueuse de l&#8217;environnement est d&#8217;une grande importance pour nous. Notre propre \u00e9nergie solaire g\u00e9n\u00e9r\u00e9e y contribue.<\/p>\n<h2>Large choix<\/h2>\n<p>Neutral propose une large gamme de v\u00eatements biologiques et est produite en respectant les personnes et l&#8217;environnement, conform\u00e9ment aux normes europ\u00e9ennes les plus strictes. On travaille avec des mat\u00e9riaux nets et des \u00e9nergies renouvelables. Neutral paie des prix fair trade et garantit de bonnes conditions de travail aux travailleurs d\u00e8s le d\u00e9but du processus de production. Ainsi, Neutral offre au client des produits honn\u00eates, durables et d\u2019excellente qualit\u00e9.<\/p>\n<h2>Personnel et qualitatif<\/h2>\n<p>Des produits personnalis\u00e9s d\u00e9velopp\u00e9s \u00e0 100% en respectant l&#8217;environnement: pour cela, vous devez \u00eatre chez Goed Gedrukt. En plus de notre connaissance d&#8217;impression, nous disposons aussi d&#8217;un atelier de broderie. Non seulement pour les textiles, mais aussi pour les cadeaux promotionnels de toutes sortes, vous pouvez toujours nous contacter pour obtenir un devis et \/ ou des informations.<\/p>\n<h2>Contact<\/h2>\n<p>Zeefdrukkerij Allchim Goed Gedrukt<br \/>\nIndustriepark Brechtsebaan 18b<br \/>\n2900 Schoten<br \/>\n03 658 58 62<br \/>\n<a href=\"mailto:info@goedgedrukt.be\">info@goedgedrukt.be<\/a><br \/>\n<a href=\"https:\/\/www.facebook.com\/goedgedrukt\" target=\"_blank\" rel=\"noopener\">www.facebook.com\/goedgedrukt<\/a><br \/>\n<a href=\"https:\/\/goedgedrukt.be\/\" target=\"_blank\" rel=\"noopener\">www.goedgedrukt.be<\/a> [&#8230;]<\/p>\n<p><a class=\"btn btn-secondary understrap-read-more-link\" href=\"https:\/\/promz.be\/fr\/product\/textiles-ecologiquement-responsables-imprimees\/\">Lire la suite&#8230;<\/a><\/p>\n","protected":false},"featured_media":13453,"comment_status":"open","ping_status":"closed","template":"","meta":[],"product_cat":[1012,955,1024,967],"product_tag":[4319,4321,4322,4318,4320],"_links":{"self":[{"href":"https:\/\/promz.be\/fr\/wp-json\/wp\/v2\/product\/13454"}],"collection":[{"href":"https:\/\/promz.be\/fr\/wp-json\/wp\/v2\/product"}],"about":[{"href":"https:\/\/promz.be\/fr\/wp-json\/wp\/v2\/types\/product"}],"replies":[{"embeddable":true,"href":"https:\/\/promz.be\/fr\/wp-json\/wp\/v2\/comments?post=13454"}],"wp:featuredmedia":[{"embeddable":true,"href":"https:\/\/promz.be\/fr\/wp-json\/wp\/v2\/media\/13453"}],"wp:attachment":[{"href":"https:\/\/promz.be\/fr\/wp-json\/wp\/v2\/media?parent=13454"}],"wp:term":[{"taxonomy":"product_cat","embeddable":true,"href":"https:\/\/promz.be\/fr\/wp-json\/wp\/v2\/product_cat?post=13454"},{"taxonomy":"product_tag","embeddable":true,"href":"https:\/\/promz.be\/fr\/wp-json\/wp\/v2\/product_tag?post=13454"}],"curies":[{"name":"wp","href":"https:\/\/api.w.org\/{rel}","templated":true}]}}