{"id":13841,"date":"2018-10-17T13:13:45","date_gmt":"2018-10-17T11:13:45","guid":{"rendered":"https:\/\/promz.be\/product\/eponge-unie-cradle-to-cradle\/"},"modified":"2018-10-17T13:27:59","modified_gmt":"2018-10-17T11:27:59","slug":"eponge-unie-cradle-to-cradle","status":"publish","type":"product","link":"https:\/\/promz.be\/fr\/product\/eponge-unie-cradle-to-cradle\/","title":{"rendered":"Eponge Unie Cradle to Cradle"},"content":{"rendered":"<p>Gamme unie certifi\u00e9e Cradle to Cradle et 100 % bio d\u00e9gradable. Fabriqu\u00e9 en 100 % coton y compris les co\u00fbtures.<\/p>\n<p>Dans notre teinturerie, nous utilisons que des colorants naturels, ne laissant aucune trace dans la nature apr\u00e8s compostage.<br \/>\nGr\u00e2ce \u00e0 notre syst\u00e8me d\u2019\u00e9puration d\u2019eau, nous limitons l\u2019utilisation d\u2019eau lors de la fabrication.<\/p>\n<p>Existe en serviettes,draps de bain et gants de toilette dans une jolie palette de couleurs.<\/p>\n<p>Notre et votre solution pour une vie plus durable.<\/p>\n","protected":false},"excerpt":{"rendered":"<p>Gamme unie certifi\u00e9e Cradle to Cradle et 100 % bio d\u00e9gradable. Fabriqu\u00e9 en 100 % coton y compris les co\u00fbtures.<\/p>\n<p>Dans notre teinturerie, nous utilisons que des colorants naturels, ne laissant aucune trace dans la nature apr\u00e8s compostage.<br \/>\nGr\u00e2ce \u00e0 notre syst\u00e8me d\u2019\u00e9puration d\u2019eau, nous limitons l\u2019utilisation d\u2019eau lors de la fabrication.<\/p>\n<p>Existe en serviettes,draps de bain et gants de toilette dans une jolie palette de couleurs.<\/p>\n<p>Notre et votre solution pour une vie plus durable. [&#8230;]<\/p>\n<p><a class=\"btn btn-secondary understrap-read-more-link\" href=\"https:\/\/promz.be\/fr\/product\/eponge-unie-cradle-to-cradle\/\">Lire la suite&#8230;<\/a><\/p>\n","protected":false},"featured_media":13838,"comment_status":"open","ping_status":"closed","template":"","meta":[],"product_cat":[980,988,950,957,949,963],"product_tag":[4710,4712,4711,4713,4709],"_links":{"self":[{"href":"https:\/\/promz.be\/fr\/wp-json\/wp\/v2\/product\/13841"}],"collection":[{"href":"https:\/\/promz.be\/fr\/wp-json\/wp\/v2\/product"}],"about":[{"href":"https:\/\/promz.be\/fr\/wp-json\/wp\/v2\/types\/product"}],"replies":[{"embeddable":true,"href":"https:\/\/promz.be\/fr\/wp-json\/wp\/v2\/comments?post=13841"}],"wp:featuredmedia":[{"embeddable":true,"href":"https:\/\/promz.be\/fr\/wp-json\/wp\/v2\/media\/13838"}],"wp:attachment":[{"href":"https:\/\/promz.be\/fr\/wp-json\/wp\/v2\/media?parent=13841"}],"wp:term":[{"taxonomy":"product_cat","embeddable":true,"href":"https:\/\/promz.be\/fr\/wp-json\/wp\/v2\/product_cat?post=13841"},{"taxonomy":"product_tag","embeddable":true,"href":"https:\/\/promz.be\/fr\/wp-json\/wp\/v2\/product_tag?post=13841"}],"curies":[{"name":"wp","href":"https:\/\/api.w.org\/{rel}","templated":true}]}}