{"id":13851,"date":"2018-10-17T13:57:22","date_gmt":"2018-10-17T11:57:22","guid":{"rendered":"https:\/\/promz.be\/product\/sac-a-dos-jute\/"},"modified":"2018-10-17T13:57:22","modified_gmt":"2018-10-17T11:57:22","slug":"sac-a-dos-jute","status":"publish","type":"product","link":"https:\/\/promz.be\/fr\/product\/sac-a-dos-jute\/","title":{"rendered":"Sac \u00e0 dos Jute"},"content":{"rendered":"<p>Sac \u00e0 dos en jute. Compartiment principal zipp\u00e9 et poche frontales. Lani\u00e8res en coton ajustables. Toile de jute et coton.<\/p>\n<p><a href=\"https:\/\/www.pascogifts.com\/fr\/sac-a-dos-jute\" target=\"_blank\" rel=\"noopener\">www.pascogifts.com<\/a><\/p>\n","protected":false},"excerpt":{"rendered":"<p>Sac \u00e0 dos en jute. Compartiment principal zipp\u00e9 et poche frontales. Lani\u00e8res en coton ajustables. Toile de jute et coton.<\/p>\n<p><a href=\"https:\/\/www.pascogifts.com\/fr\/sac-a-dos-jute\" target=\"_blank\" rel=\"noopener\">www.pascogifts.com<\/a> [&#8230;]<\/p>\n<p><a class=\"btn btn-secondary understrap-read-more-link\" href=\"https:\/\/promz.be\/fr\/product\/sac-a-dos-jute\/\">Lire la suite&#8230;<\/a><\/p>\n","protected":false},"featured_media":13850,"comment_status":"open","ping_status":"closed","template":"","meta":[],"product_cat":[952,980,957,978,954],"product_tag":[],"_links":{"self":[{"href":"https:\/\/promz.be\/fr\/wp-json\/wp\/v2\/product\/13851"}],"collection":[{"href":"https:\/\/promz.be\/fr\/wp-json\/wp\/v2\/product"}],"about":[{"href":"https:\/\/promz.be\/fr\/wp-json\/wp\/v2\/types\/product"}],"replies":[{"embeddable":true,"href":"https:\/\/promz.be\/fr\/wp-json\/wp\/v2\/comments?post=13851"}],"wp:featuredmedia":[{"embeddable":true,"href":"https:\/\/promz.be\/fr\/wp-json\/wp\/v2\/media\/13850"}],"wp:attachment":[{"href":"https:\/\/promz.be\/fr\/wp-json\/wp\/v2\/media?parent=13851"}],"wp:term":[{"taxonomy":"product_cat","embeddable":true,"href":"https:\/\/promz.be\/fr\/wp-json\/wp\/v2\/product_cat?post=13851"},{"taxonomy":"product_tag","embeddable":true,"href":"https:\/\/promz.be\/fr\/wp-json\/wp\/v2\/product_tag?post=13851"}],"curies":[{"name":"wp","href":"https:\/\/api.w.org\/{rel}","templated":true}]}}