{"id":13853,"date":"2018-10-12T13:48:46","date_gmt":"2018-10-12T11:48:46","guid":{"rendered":"https:\/\/promz.be\/product\/sweat-a-capuche-imprime\/"},"modified":"2018-10-12T13:48:46","modified_gmt":"2018-10-12T11:48:46","slug":"sweat-a-capuche-imprime","status":"publish","type":"product","link":"https:\/\/promz.be\/fr\/product\/sweat-a-capuche-imprime\/","title":{"rendered":"Sweat \u00e0 capuche imprim\u00e9"},"content":{"rendered":"<p>Qualit\u00e9, durabilit\u00e9 et confort font partie de notre ADN. Chaque tissu est choisi avec la plus grande attention et respecte des crit\u00e8res stricts. 100 % du coton utilis\u00e9\u00a0 est du coton biologique. Notre polyester, lui, est principalement du polyester recycl\u00e9 dans un souci d\u2019\u00e9conomie circulaire. Chaque produit est<strong>\u00a0durable<\/strong>, assembl\u00e9 et <strong>fini \u00e0 la perfection<\/strong>.<\/p>\n<p><strong>Biznizpoint\/T-Art<\/strong><br \/>\nNaamsestraat 46<br \/>\n3000 Leuven<br \/>\n+32 (0)1640 84 83<br \/>\n<a href=\"mailto:info@biznizpoint.be\">info@biznizpoint.be<\/a><br \/>\n<a href=\"https:\/\/www.biznizpoint.be\/\" target=\"_blank\" rel=\"noopener\">www.biznizpoint.be<\/a><\/p>\n","protected":false},"excerpt":{"rendered":"<p>Qualit\u00e9, durabilit\u00e9 et confort font partie de notre ADN. Chaque tissu est choisi avec la plus grande attention et respecte des crit\u00e8res stricts. 100 % du coton utilis\u00e9\u00a0 est du coton biologique. Notre polyester, lui, est principalement du polyester recycl\u00e9 dans un souci d\u2019\u00e9conomie circulaire. Chaque produit est<strong>\u00a0durable<\/strong>, assembl\u00e9 et <strong>fini \u00e0 la perfection<\/strong>.<\/p>\n<p><strong>Biznizpoint\/T-Art<\/strong><br \/>\nNaamsestraat 46<br \/>\n3000 Leuven<br \/>\n+32 (0)1640 84 83<br \/>\n<a href=\"mailto:info@biznizpoint.be\">info@biznizpoint.be<\/a><br \/>\n<a href=\"https:\/\/www.biznizpoint.be\/\" target=\"_blank\" rel=\"noopener\">www.biznizpoint.be<\/a> [&#8230;]<\/p>\n<p><a class=\"btn btn-secondary understrap-read-more-link\" href=\"https:\/\/promz.be\/fr\/product\/sweat-a-capuche-imprime\/\">Lire la suite&#8230;<\/a><\/p>\n","protected":false},"featured_media":13463,"comment_status":"open","ping_status":"closed","template":"","meta":[],"product_cat":[980,957,1012,955,967],"product_tag":[4716],"_links":{"self":[{"href":"https:\/\/promz.be\/fr\/wp-json\/wp\/v2\/product\/13853"}],"collection":[{"href":"https:\/\/promz.be\/fr\/wp-json\/wp\/v2\/product"}],"about":[{"href":"https:\/\/promz.be\/fr\/wp-json\/wp\/v2\/types\/product"}],"replies":[{"embeddable":true,"href":"https:\/\/promz.be\/fr\/wp-json\/wp\/v2\/comments?post=13853"}],"wp:featuredmedia":[{"embeddable":true,"href":"https:\/\/promz.be\/fr\/wp-json\/wp\/v2\/media\/13463"}],"wp:attachment":[{"href":"https:\/\/promz.be\/fr\/wp-json\/wp\/v2\/media?parent=13853"}],"wp:term":[{"taxonomy":"product_cat","embeddable":true,"href":"https:\/\/promz.be\/fr\/wp-json\/wp\/v2\/product_cat?post=13853"},{"taxonomy":"product_tag","embeddable":true,"href":"https:\/\/promz.be\/fr\/wp-json\/wp\/v2\/product_tag?post=13853"}],"curies":[{"name":"wp","href":"https:\/\/api.w.org\/{rel}","templated":true}]}}