{"id":13875,"date":"2018-10-17T16:18:30","date_gmt":"2018-10-17T14:18:30","guid":{"rendered":"https:\/\/promz.be\/product\/crayons-a-impact-positif\/"},"modified":"2018-10-17T16:32:24","modified_gmt":"2018-10-17T14:32:24","slug":"crayons-a-impact-positif","status":"publish","type":"product","link":"https:\/\/promz.be\/fr\/product\/crayons-a-impact-positif\/","title":{"rendered":"Crayons \u00e0 impact positif!"},"content":{"rendered":"<p>Les crayons existent depuis 1565 et dureront longtemps. Ecrivez et faites une impression. Avec le bon choix, vous cr\u00e9ez un impact positif.<\/p>\n<p>Tous nos crayons sont \u00e9cologiques. Certains sont naturels, fabriqu\u00e9s \u00e0 partir de bois issu d&#8217;une gestion foresti\u00e8re durable portant le label FSC. D&#8217;autres sont fabriqu\u00e9s \u00e0 partir de mat\u00e9riaux recycl\u00e9s tels que des jeans, des dollars, du papier,\u2026<br \/>\nIl existe des crayons de fantaisie aux couleurs de l&#8217;arc-en-ciel ou un moulin \u00e0 vent.<\/p>\n<p>Crayons de graphite et crayons de couleur. En fait, nous proposons de nombreux articles \u00e9cologiques. Un crayon est certainement un bon d\u00e9but.<\/p>\n<p>Nous esp\u00e9rons vous apporter beaucoup de succ\u00e8s avec nos crayons (et plus).<\/p>\n<p>Informations: <a href=\"https:\/\/www.ecobos.org\/\" target=\"_blank\" rel=\"noopener\">www.ecobos.org<\/a> et <a href=\"https:\/\/www.ecobos.be\/\" target=\"_blank\" rel=\"noopener\">www.ecobos.be<\/a><\/p>\n","protected":false},"excerpt":{"rendered":"<p>Les crayons existent depuis 1565 et dureront longtemps. Ecrivez et faites une impression. Avec le bon choix, vous cr\u00e9ez un impact positif.<\/p>\n<p>Tous nos crayons sont \u00e9cologiques. Certains sont naturels, fabriqu\u00e9s \u00e0 partir de bois issu d&#8217;une gestion foresti\u00e8re durable portant le label FSC. D&#8217;autres sont fabriqu\u00e9s \u00e0 partir de mat\u00e9riaux recycl\u00e9s tels que des jeans, des dollars, du papier,\u2026<br \/>\nIl existe des crayons de fantaisie aux couleurs de l&#8217;arc-en-ciel ou un moulin \u00e0 vent.<\/p>\n<p>Crayons de graphite et crayons de couleur. En fait, nous proposons de nombreux articles \u00e9cologiques. Un crayon est certainement un bon d\u00e9but.<\/p>\n<p>Nous esp\u00e9rons vous apporter beaucoup de succ\u00e8s avec nos crayons (et plus).<\/p>\n<p>Informations: <a href=\"https:\/\/www.ecobos.org\/\" target=\"_blank\" rel=\"noopener\">www.ecobos.org<\/a> et <a href=\"https:\/\/www.ecobos.be\/\" target=\"_blank\" rel=\"noopener\">www.ecobos.be<\/a> [&#8230;]<\/p>\n<p><a class=\"btn btn-secondary understrap-read-more-link\" href=\"https:\/\/promz.be\/fr\/product\/crayons-a-impact-positif\/\">Lire la suite&#8230;<\/a><\/p>\n","protected":false},"featured_media":13866,"comment_status":"open","ping_status":"closed","template":"","meta":[],"product_cat":[974,980,951,957],"product_tag":[4718,4716,4717,4720,4719],"_links":{"self":[{"href":"https:\/\/promz.be\/fr\/wp-json\/wp\/v2\/product\/13875"}],"collection":[{"href":"https:\/\/promz.be\/fr\/wp-json\/wp\/v2\/product"}],"about":[{"href":"https:\/\/promz.be\/fr\/wp-json\/wp\/v2\/types\/product"}],"replies":[{"embeddable":true,"href":"https:\/\/promz.be\/fr\/wp-json\/wp\/v2\/comments?post=13875"}],"wp:featuredmedia":[{"embeddable":true,"href":"https:\/\/promz.be\/fr\/wp-json\/wp\/v2\/media\/13866"}],"wp:attachment":[{"href":"https:\/\/promz.be\/fr\/wp-json\/wp\/v2\/media?parent=13875"}],"wp:term":[{"taxonomy":"product_cat","embeddable":true,"href":"https:\/\/promz.be\/fr\/wp-json\/wp\/v2\/product_cat?post=13875"},{"taxonomy":"product_tag","embeddable":true,"href":"https:\/\/promz.be\/fr\/wp-json\/wp\/v2\/product_tag?post=13875"}],"curies":[{"name":"wp","href":"https:\/\/api.w.org\/{rel}","templated":true}]}}