{"id":13900,"date":"2018-10-18T09:36:10","date_gmt":"2018-10-18T07:36:10","guid":{"rendered":"https:\/\/promz.be\/product\/13900\/"},"modified":"2018-10-18T11:11:52","modified_gmt":"2018-10-18T09:11:52","slug":"samsonite-spark-sng-eco","status":"publish","type":"product","link":"https:\/\/promz.be\/fr\/product\/samsonite-spark-sng-eco\/","title":{"rendered":"Samsonite Spark SNG ECO"},"content":{"rendered":"<p>Cette collection comprend un m\u00e9lange d&#8217;articles du quotidien, de valises de voyage, y compris divers \u00ab bagage \u00e0 main \u00bb.<br \/>\nParfait pour le voyageur soucieux de l&#8217;environnement qui ne veut pas \u00e9conomiser sur la qualit\u00e9 et le confort.<\/p>\n<p>Samsonite prend soin de l&#8217;environnement, et cela s&#8217;applique \u00e9galement \u00e0 la nouvelle collection Spark SNG ECO.<br \/>\nCelle-ci s&#8217;appuie sur l&#8217;ADN de la populaire collection Spark SNG, mais est exclusivement constitu\u00e9 de tissus \u00e0 base de bouteilles en PET recycl\u00e9es \u00e0 100%.<\/p>\n<p>De plus, le li\u00e8ge v\u00e9ritable est utilis\u00e9 comme une alternative \u00e9cologique aux poign\u00e9, logo, et \u00e0 la protection du dos. Un choix conscient pour une collection forte, tendance et agr\u00e9able.<\/p>\n<p>Outre Spark SNG Eco, Samsonite introduit \u00e9galement 3 autres collections soucieuses de l&#8217;environnement. Ziproll, Hexa-packs et S&#8217;cure ECO.<\/p>\n","protected":false},"excerpt":{"rendered":"<p>Cette collection comprend un m\u00e9lange d&#8217;articles du quotidien, de valises de voyage, y compris divers \u00ab bagage \u00e0 main \u00bb.<br \/>\nParfait pour le voyageur soucieux de l&#8217;environnement qui ne veut pas \u00e9conomiser sur la qualit\u00e9 et le confort.<\/p>\n<p>Samsonite prend soin de l&#8217;environnement, et cela s&#8217;applique \u00e9galement \u00e0 la nouvelle collection Spark SNG ECO.<br \/>\nCelle-ci s&#8217;appuie sur l&#8217;ADN de la populaire collection Spark SNG, mais est exclusivement constitu\u00e9 de tissus \u00e0 base de bouteilles en PET recycl\u00e9es \u00e0 100%.<\/p>\n<p>De plus, le li\u00e8ge v\u00e9ritable est utilis\u00e9 comme une alternative \u00e9cologique aux poign\u00e9, logo, et \u00e0 la protection du dos. Un choix conscient pour une collection forte, tendance et agr\u00e9able.<\/p>\n<p>Outre Spark SNG Eco, Samsonite introduit \u00e9galement 3 autres collections soucieuses de l&#8217;environnement. Ziproll, Hexa-packs et S&#8217;cure ECO. [&#8230;]<\/p>\n<p><a class=\"btn btn-secondary understrap-read-more-link\" href=\"https:\/\/promz.be\/fr\/product\/samsonite-spark-sng-eco\/\">Lire la suite&#8230;<\/a><\/p>\n","protected":false},"featured_media":13896,"comment_status":"open","ping_status":"closed","template":"","meta":[],"product_cat":[980,994,957,954],"product_tag":[],"_links":{"self":[{"href":"https:\/\/promz.be\/fr\/wp-json\/wp\/v2\/product\/13900"}],"collection":[{"href":"https:\/\/promz.be\/fr\/wp-json\/wp\/v2\/product"}],"about":[{"href":"https:\/\/promz.be\/fr\/wp-json\/wp\/v2\/types\/product"}],"replies":[{"embeddable":true,"href":"https:\/\/promz.be\/fr\/wp-json\/wp\/v2\/comments?post=13900"}],"wp:featuredmedia":[{"embeddable":true,"href":"https:\/\/promz.be\/fr\/wp-json\/wp\/v2\/media\/13896"}],"wp:attachment":[{"href":"https:\/\/promz.be\/fr\/wp-json\/wp\/v2\/media?parent=13900"}],"wp:term":[{"taxonomy":"product_cat","embeddable":true,"href":"https:\/\/promz.be\/fr\/wp-json\/wp\/v2\/product_cat?post=13900"},{"taxonomy":"product_tag","embeddable":true,"href":"https:\/\/promz.be\/fr\/wp-json\/wp\/v2\/product_tag?post=13900"}],"curies":[{"name":"wp","href":"https:\/\/api.w.org\/{rel}","templated":true}]}}