{"id":13979,"date":"2018-03-28T00:00:00","date_gmt":"2018-03-27T22:00:00","guid":{"rendered":"https:\/\/promz.be\/product\/shoppers-en-jute\/"},"modified":"2018-03-28T00:00:00","modified_gmt":"2018-03-27T22:00:00","slug":"shoppers-en-jute","status":"publish","type":"product","link":"https:\/\/promz.be\/fr\/product\/shoppers-en-jute\/","title":{"rendered":"Shoppers en jute"},"content":{"rendered":"<p>Un large choix de shoppers en jute est disponible sur notre site internet.<br \/>\n&#8211; Jute naturelle avec film lamin\u00e9 \u00e0 l&#8217;int\u00e9rieur<br \/>\n&#8211; Diff\u00e9rents mod\u00e8les disponibles<br \/>\n&#8211; Certification CO2-Neutre<br \/>\n&#8211; Impression possible en s\u00e9rigraphie ou transfert<br \/>\n&#8211; Quantit\u00e9s mini. : 500 pi\u00e8ces<br \/>\n&#8211; Livraison entre 2 et 4 semaines<\/p>\n","protected":false},"excerpt":{"rendered":"<p>Un large choix de shoppers en jute est disponible sur notre site internet.<br \/>\n&#8211; Jute naturelle avec film lamin\u00e9 \u00e0 l&#8217;int\u00e9rieur<br \/>\n&#8211; Diff\u00e9rents mod\u00e8les disponibles<br \/>\n&#8211; Certification CO2-Neutre<br \/>\n&#8211; Impression possible en s\u00e9rigraphie ou transfert<br \/>\n&#8211; Quantit\u00e9s mini. : 500 pi\u00e8ces<br \/>\n&#8211; Livraison entre 2 et 4 semaines [&#8230;]<\/p>\n<p><a class=\"btn btn-secondary understrap-read-more-link\" href=\"https:\/\/promz.be\/fr\/product\/shoppers-en-jute\/\">Lire la suite&#8230;<\/a><\/p>\n","protected":false},"featured_media":13958,"comment_status":"closed","ping_status":"open","template":"","meta":[],"product_cat":[980,957,978,954],"product_tag":[6184,4747,3280,6183],"_links":{"self":[{"href":"https:\/\/promz.be\/fr\/wp-json\/wp\/v2\/product\/13979"}],"collection":[{"href":"https:\/\/promz.be\/fr\/wp-json\/wp\/v2\/product"}],"about":[{"href":"https:\/\/promz.be\/fr\/wp-json\/wp\/v2\/types\/product"}],"replies":[{"embeddable":true,"href":"https:\/\/promz.be\/fr\/wp-json\/wp\/v2\/comments?post=13979"}],"wp:featuredmedia":[{"embeddable":true,"href":"https:\/\/promz.be\/fr\/wp-json\/wp\/v2\/media\/13958"}],"wp:attachment":[{"href":"https:\/\/promz.be\/fr\/wp-json\/wp\/v2\/media?parent=13979"}],"wp:term":[{"taxonomy":"product_cat","embeddable":true,"href":"https:\/\/promz.be\/fr\/wp-json\/wp\/v2\/product_cat?post=13979"},{"taxonomy":"product_tag","embeddable":true,"href":"https:\/\/promz.be\/fr\/wp-json\/wp\/v2\/product_tag?post=13979"}],"curies":[{"name":"wp","href":"https:\/\/api.w.org\/{rel}","templated":true}]}}