{"id":13983,"date":"2018-07-09T00:00:00","date_gmt":"2018-07-08T22:00:00","guid":{"rendered":"https:\/\/promz.be\/product\/sacs-a-bouteilles\/"},"modified":"2020-07-20T14:28:59","modified_gmt":"2020-07-20T12:28:59","slug":"sacs-a-bouteilles","status":"publish","type":"product","link":"https:\/\/promz.be\/fr\/product\/sacs-a-bouteilles\/","title":{"rendered":"Sacs \u00e0 bouteilles"},"content":{"rendered":"<p>Un large choix de sacs \u00e0 bouteilles est disponible sur notre site internet.<br \/>\n&#8211; Mod\u00e8les de stock ou sur mesure<br \/>\n&#8211; Disponible en diff\u00e9rentes mati\u00e8res : jute, PP non tiss\u00e9, RPET<br \/>\n&#8211; Certification CO2-Neutre<br \/>\n&#8211; Quantit\u00e9s mini. de stock : 500 pi\u00e8ces<br \/>\n&#8211; Quantit\u00e9s mini. Sur mesure : 2.000 pi\u00e8ces<br \/>\n&#8211; Livraison entre 2 et 4 semaines pour le stock<br \/>\n&#8211; Livraison entre 10 et 13 semaines pour le sur mesure&#8221;<\/p>\n","protected":false},"excerpt":{"rendered":"<p>Un large choix de sacs \u00e0 bouteilles est disponible sur notre site internet.<br \/>\n&#8211; Mod\u00e8les de stock ou sur mesure<br \/>\n&#8211; Disponible en diff\u00e9rentes mati\u00e8res : jute, PP non tiss\u00e9, RPET<br \/>\n&#8211; Certification CO2-Neutre<br \/>\n&#8211; Quantit\u00e9s mini. de stock : 500 pi\u00e8ces<br \/>\n&#8211; Quantit\u00e9s mini. Sur mesure : 2.000 pi\u00e8ces<br \/>\n&#8211; Livraison entre 2 et 4 semaines pour le stock<br \/>\n&#8211; Livraison entre 10 et 13 semaines pour le sur mesure&#8221; [&#8230;]<\/p>\n<p><a class=\"btn btn-secondary understrap-read-more-link\" href=\"https:\/\/promz.be\/fr\/product\/sacs-a-bouteilles\/\">Lire la suite&#8230;<\/a><\/p>\n","protected":false},"featured_media":13948,"comment_status":"closed","ping_status":"open","template":"","meta":[],"product_cat":[980,957,978,954],"product_tag":[3282,4756,4747,3280],"_links":{"self":[{"href":"https:\/\/promz.be\/fr\/wp-json\/wp\/v2\/product\/13983"}],"collection":[{"href":"https:\/\/promz.be\/fr\/wp-json\/wp\/v2\/product"}],"about":[{"href":"https:\/\/promz.be\/fr\/wp-json\/wp\/v2\/types\/product"}],"replies":[{"embeddable":true,"href":"https:\/\/promz.be\/fr\/wp-json\/wp\/v2\/comments?post=13983"}],"wp:featuredmedia":[{"embeddable":true,"href":"https:\/\/promz.be\/fr\/wp-json\/wp\/v2\/media\/13948"}],"wp:attachment":[{"href":"https:\/\/promz.be\/fr\/wp-json\/wp\/v2\/media?parent=13983"}],"wp:term":[{"taxonomy":"product_cat","embeddable":true,"href":"https:\/\/promz.be\/fr\/wp-json\/wp\/v2\/product_cat?post=13983"},{"taxonomy":"product_tag","embeddable":true,"href":"https:\/\/promz.be\/fr\/wp-json\/wp\/v2\/product_tag?post=13983"}],"curies":[{"name":"wp","href":"https:\/\/api.w.org\/{rel}","templated":true}]}}