{"id":13984,"date":"2018-10-22T16:51:00","date_gmt":"2018-10-21T22:00:00","guid":{"rendered":"https:\/\/promz.be\/product\/autres-sacs-speciaux\/"},"modified":"2018-11-06T17:04:10","modified_gmt":"2018-11-06T16:04:10","slug":"autres-sacs-speciaux","status":"publish","type":"product","link":"https:\/\/promz.be\/fr\/product\/autres-sacs-speciaux\/","title":{"rendered":"Autres sacs sp\u00e9ciaux"},"content":{"rendered":"<p>Vous souhaitez cr\u00e9er votre propre sac, original et unique ? Faites-nous part de votre id\u00e9e et nous nous occupons du reste.<br \/>\n&#8211; Housses de costume, sacs v\u00e9lo,&#8230;<br \/>\n&#8211; Certification CO2-Neutre<br \/>\n&#8211; Quantit\u00e9s mini. : 3.000 pi\u00e8ces<br \/>\n&#8211; Livraison entre 10 et 16 semaines, d\u00e9pendant de la demande<\/p>\n","protected":false},"excerpt":{"rendered":"<p>Vous souhaitez cr\u00e9er votre propre sac, original et unique ? Faites-nous part de votre id\u00e9e et nous nous occupons du reste.<br \/>\n&#8211; Housses de costume, sacs v\u00e9lo,&#8230;<br \/>\n&#8211; Certification CO2-Neutre<br \/>\n&#8211; Quantit\u00e9s mini. : 3.000 pi\u00e8ces<br \/>\n&#8211; Livraison entre 10 et 16 semaines, d\u00e9pendant de la demande [&#8230;]<\/p>\n<p><a class=\"btn btn-secondary understrap-read-more-link\" href=\"https:\/\/promz.be\/fr\/product\/autres-sacs-speciaux\/\">Lire la suite&#8230;<\/a><\/p>\n","protected":false},"featured_media":13945,"comment_status":"closed","ping_status":"closed","template":"","meta":[],"product_cat":[980,957,978,954],"product_tag":[5603],"_links":{"self":[{"href":"https:\/\/promz.be\/fr\/wp-json\/wp\/v2\/product\/13984"}],"collection":[{"href":"https:\/\/promz.be\/fr\/wp-json\/wp\/v2\/product"}],"about":[{"href":"https:\/\/promz.be\/fr\/wp-json\/wp\/v2\/types\/product"}],"replies":[{"embeddable":true,"href":"https:\/\/promz.be\/fr\/wp-json\/wp\/v2\/comments?post=13984"}],"wp:featuredmedia":[{"embeddable":true,"href":"https:\/\/promz.be\/fr\/wp-json\/wp\/v2\/media\/13945"}],"wp:attachment":[{"href":"https:\/\/promz.be\/fr\/wp-json\/wp\/v2\/media?parent=13984"}],"wp:term":[{"taxonomy":"product_cat","embeddable":true,"href":"https:\/\/promz.be\/fr\/wp-json\/wp\/v2\/product_cat?post=13984"},{"taxonomy":"product_tag","embeddable":true,"href":"https:\/\/promz.be\/fr\/wp-json\/wp\/v2\/product_tag?post=13984"}],"curies":[{"name":"wp","href":"https:\/\/api.w.org\/{rel}","templated":true}]}}