{"id":14970,"date":"2018-02-19T00:00:00","date_gmt":"2018-02-18T23:00:00","guid":{"rendered":"https:\/\/promz.be\/product\/support-universel-deluxe-pour-voiture\/"},"modified":"2018-12-19T09:33:26","modified_gmt":"2018-12-19T08:33:26","slug":"support-universel-deluxe-pour-voiture","status":"publish","type":"product","link":"https:\/\/promz.be\/fr\/product\/support-universel-deluxe-pour-voiture\/","title":{"rendered":"Support Universel Deluxe pour voiture"},"content":{"rendered":"<p>Avec ce support universel, vous avez trouv\u00e9 le compagnon id\u00e9al de votre t\u00e9l\u00e9phone !<br \/>\nProfitez des fonctionnalit\u00e9s de votre t\u00e9l\u00e9phone \u00e0 port\u00e9e de main. Pince universelle pour tout type de voiture, s\u2019adapte parfaitement sur votre grille de ventilation. Rotation \u00e0 360\u00b0 pour une flexibilit\u00e9 totale, en horizontal comme en vertical.<\/p>\n","protected":false},"excerpt":{"rendered":"<p>Avec ce support universel, vous avez trouv\u00e9 le compagnon id\u00e9al de votre t\u00e9l\u00e9phone !<br \/>\nProfitez des fonctionnalit\u00e9s de votre t\u00e9l\u00e9phone \u00e0 port\u00e9e de main. Pince universelle pour tout type de voiture, s\u2019adapte parfaitement sur votre grille de ventilation. Rotation \u00e0 360\u00b0 pour une flexibilit\u00e9 totale, en horizontal comme en vertical. [&#8230;]<\/p>\n<p><a class=\"btn btn-secondary understrap-read-more-link\" href=\"https:\/\/promz.be\/fr\/product\/support-universel-deluxe-pour-voiture\/\">Lire la suite&#8230;<\/a><\/p>\n","protected":false},"featured_media":14894,"comment_status":"closed","ping_status":"open","template":"","meta":[],"product_cat":[961,1014,1026,957,954,956],"product_tag":[6141,6140,6139],"_links":{"self":[{"href":"https:\/\/promz.be\/fr\/wp-json\/wp\/v2\/product\/14970"}],"collection":[{"href":"https:\/\/promz.be\/fr\/wp-json\/wp\/v2\/product"}],"about":[{"href":"https:\/\/promz.be\/fr\/wp-json\/wp\/v2\/types\/product"}],"replies":[{"embeddable":true,"href":"https:\/\/promz.be\/fr\/wp-json\/wp\/v2\/comments?post=14970"}],"wp:featuredmedia":[{"embeddable":true,"href":"https:\/\/promz.be\/fr\/wp-json\/wp\/v2\/media\/14894"}],"wp:attachment":[{"href":"https:\/\/promz.be\/fr\/wp-json\/wp\/v2\/media?parent=14970"}],"wp:term":[{"taxonomy":"product_cat","embeddable":true,"href":"https:\/\/promz.be\/fr\/wp-json\/wp\/v2\/product_cat?post=14970"},{"taxonomy":"product_tag","embeddable":true,"href":"https:\/\/promz.be\/fr\/wp-json\/wp\/v2\/product_tag?post=14970"}],"curies":[{"name":"wp","href":"https:\/\/api.w.org\/{rel}","templated":true}]}}