{"id":14971,"date":"2018-03-21T00:00:00","date_gmt":"2018-03-20T23:00:00","guid":{"rendered":"https:\/\/promz.be\/product\/mug-de-voyage-dia\/"},"modified":"2018-12-19T09:34:27","modified_gmt":"2018-12-19T08:34:27","slug":"mug-de-voyage-dia","status":"publish","type":"product","link":"https:\/\/promz.be\/fr\/product\/mug-de-voyage-dia\/","title":{"rendered":"Mug de voyage Dia"},"content":{"rendered":"<p>Dia est un mug 350ml\/227ml \u00e0 double parois en acier inoxydable 304 \u00e0 l\u2019int\u00e9rieur, son design permet de le d\u00e9monter compl\u00e8tement pour le recycler et garder un monde plus propre. Sans BPA. Mod\u00e8le d\u00e9pos\u00e9\u00ae<\/p>\n","protected":false},"excerpt":{"rendered":"<p>Dia est un mug 350ml\/227ml \u00e0 double parois en acier inoxydable 304 \u00e0 l\u2019int\u00e9rieur, son design permet de le d\u00e9monter compl\u00e8tement pour le recycler et garder un monde plus propre. Sans BPA. Mod\u00e8le d\u00e9pos\u00e9\u00ae [&#8230;]<\/p>\n<p><a class=\"btn btn-secondary understrap-read-more-link\" href=\"https:\/\/promz.be\/fr\/product\/mug-de-voyage-dia\/\">Lire la suite&#8230;<\/a><\/p>\n","protected":false},"featured_media":14896,"comment_status":"closed","ping_status":"open","template":"","meta":[],"product_cat":[1014,947,980,957,968,954],"product_tag":[4723,6142,6064],"_links":{"self":[{"href":"https:\/\/promz.be\/fr\/wp-json\/wp\/v2\/product\/14971"}],"collection":[{"href":"https:\/\/promz.be\/fr\/wp-json\/wp\/v2\/product"}],"about":[{"href":"https:\/\/promz.be\/fr\/wp-json\/wp\/v2\/types\/product"}],"replies":[{"embeddable":true,"href":"https:\/\/promz.be\/fr\/wp-json\/wp\/v2\/comments?post=14971"}],"wp:featuredmedia":[{"embeddable":true,"href":"https:\/\/promz.be\/fr\/wp-json\/wp\/v2\/media\/14896"}],"wp:attachment":[{"href":"https:\/\/promz.be\/fr\/wp-json\/wp\/v2\/media?parent=14971"}],"wp:term":[{"taxonomy":"product_cat","embeddable":true,"href":"https:\/\/promz.be\/fr\/wp-json\/wp\/v2\/product_cat?post=14971"},{"taxonomy":"product_tag","embeddable":true,"href":"https:\/\/promz.be\/fr\/wp-json\/wp\/v2\/product_tag?post=14971"}],"curies":[{"name":"wp","href":"https:\/\/api.w.org\/{rel}","templated":true}]}}