{"id":14977,"date":"2018-02-16T00:00:00","date_gmt":"2018-02-15T23:00:00","guid":{"rendered":"https:\/\/promz.be\/product\/carnet-a-couverture-en-jute-et-coton-a5\/"},"modified":"2018-12-19T09:31:39","modified_gmt":"2018-12-19T08:31:39","slug":"carnet-a-couverture-en-jute-et-coton-a5","status":"publish","type":"product","link":"https:\/\/promz.be\/fr\/product\/carnet-a-couverture-en-jute-et-coton-a5\/","title":{"rendered":"Carnet \u00e0 couverture en jute et coton A5"},"content":{"rendered":"<p>Carnet de notes \u00e0 couverture en jute et coton \u00e9cologique de 80 feuilles\/160 pages de 70 g\/m2 en papier de bambou (papier cr\u00e8me), \u00e9lastique et ruban marque-page.<\/p>\n","protected":false},"excerpt":{"rendered":"<p>Carnet de notes \u00e0 couverture en jute et coton \u00e9cologique de 80 feuilles\/160 pages de 70 g\/m2 en papier de bambou (papier cr\u00e8me), \u00e9lastique et ruban marque-page. [&#8230;]<\/p>\n<p><a class=\"btn btn-secondary understrap-read-more-link\" href=\"https:\/\/promz.be\/fr\/product\/carnet-a-couverture-en-jute-et-coton-a5\/\">Lire la suite&#8230;<\/a><\/p>\n","protected":false},"featured_media":14892,"comment_status":"closed","ping_status":"open","template":"","meta":[],"product_cat":[980,951,1004,957],"product_tag":[6138,6137],"_links":{"self":[{"href":"https:\/\/promz.be\/fr\/wp-json\/wp\/v2\/product\/14977"}],"collection":[{"href":"https:\/\/promz.be\/fr\/wp-json\/wp\/v2\/product"}],"about":[{"href":"https:\/\/promz.be\/fr\/wp-json\/wp\/v2\/types\/product"}],"replies":[{"embeddable":true,"href":"https:\/\/promz.be\/fr\/wp-json\/wp\/v2\/comments?post=14977"}],"wp:featuredmedia":[{"embeddable":true,"href":"https:\/\/promz.be\/fr\/wp-json\/wp\/v2\/media\/14892"}],"wp:attachment":[{"href":"https:\/\/promz.be\/fr\/wp-json\/wp\/v2\/media?parent=14977"}],"wp:term":[{"taxonomy":"product_cat","embeddable":true,"href":"https:\/\/promz.be\/fr\/wp-json\/wp\/v2\/product_cat?post=14977"},{"taxonomy":"product_tag","embeddable":true,"href":"https:\/\/promz.be\/fr\/wp-json\/wp\/v2\/product_tag?post=14977"}],"curies":[{"name":"wp","href":"https:\/\/api.w.org\/{rel}","templated":true}]}}