{"id":14978,"date":"2018-05-11T00:00:00","date_gmt":"2018-05-10T22:00:00","guid":{"rendered":"https:\/\/promz.be\/product\/enceinte-3-en-1-avec-chargeur-a-induction\/"},"modified":"2018-12-19T09:38:28","modified_gmt":"2018-12-19T08:38:28","slug":"enceinte-3-en-1-avec-chargeur-a-induction","status":"publish","type":"product","link":"https:\/\/promz.be\/fr\/product\/enceinte-3-en-1-avec-chargeur-a-induction\/","title":{"rendered":"Enceinte 3 en 1 avec chargeur \u00e0 induction"},"content":{"rendered":"<p>Enceinte 5W avec fonction 3-en-1, station pour t\u00e9l\u00e9phone int\u00e9gr\u00e9e et chargeur \u00e0 induction. Placez simplement le t\u00e9l\u00e9phone sur le support pour charger votre t\u00e9l\u00e9phone tout en \u00e9coutant vos morceaux pr\u00e9f\u00e9r\u00e9s. La finition haut de gamme de la station emp\u00eache votre t\u00e9l\u00e9phone de glisser. Batterie 2 000 mAh permettant d\u2019\u00e9couter de la musique pendant 7 heures.<\/p>\n","protected":false},"excerpt":{"rendered":"<p>Enceinte 5W avec fonction 3-en-1, station pour t\u00e9l\u00e9phone int\u00e9gr\u00e9e et chargeur \u00e0 induction. Placez simplement le t\u00e9l\u00e9phone sur le support pour charger votre t\u00e9l\u00e9phone tout en \u00e9coutant vos morceaux pr\u00e9f\u00e9r\u00e9s. La finition haut de gamme de la station emp\u00eache votre t\u00e9l\u00e9phone de glisser. Batterie 2 000 mAh permettant d\u2019\u00e9couter de la musique pendant 7 heures. [&#8230;]<\/p>\n<p><a class=\"btn btn-secondary understrap-read-more-link\" href=\"https:\/\/promz.be\/fr\/product\/enceinte-3-en-1-avec-chargeur-a-induction\/\">Lire la suite&#8230;<\/a><\/p>\n","protected":false},"featured_media":14900,"comment_status":"closed","ping_status":"open","template":"","meta":[],"product_cat":[1026,1006,1021,956],"product_tag":[6148,6147,6150,6149],"_links":{"self":[{"href":"https:\/\/promz.be\/fr\/wp-json\/wp\/v2\/product\/14978"}],"collection":[{"href":"https:\/\/promz.be\/fr\/wp-json\/wp\/v2\/product"}],"about":[{"href":"https:\/\/promz.be\/fr\/wp-json\/wp\/v2\/types\/product"}],"replies":[{"embeddable":true,"href":"https:\/\/promz.be\/fr\/wp-json\/wp\/v2\/comments?post=14978"}],"wp:featuredmedia":[{"embeddable":true,"href":"https:\/\/promz.be\/fr\/wp-json\/wp\/v2\/media\/14900"}],"wp:attachment":[{"href":"https:\/\/promz.be\/fr\/wp-json\/wp\/v2\/media?parent=14978"}],"wp:term":[{"taxonomy":"product_cat","embeddable":true,"href":"https:\/\/promz.be\/fr\/wp-json\/wp\/v2\/product_cat?post=14978"},{"taxonomy":"product_tag","embeddable":true,"href":"https:\/\/promz.be\/fr\/wp-json\/wp\/v2\/product_tag?post=14978"}],"curies":[{"name":"wp","href":"https:\/\/api.w.org\/{rel}","templated":true}]}}