{"id":14981,"date":"2018-07-30T00:00:00","date_gmt":"2018-07-29T22:00:00","guid":{"rendered":"https:\/\/promz.be\/product\/sac-etanche\/"},"modified":"2018-12-19T10:04:39","modified_gmt":"2018-12-19T09:04:39","slug":"sac-etanche","status":"publish","type":"product","link":"https:\/\/promz.be\/fr\/product\/sac-etanche\/","title":{"rendered":"Sac \u00e9tanche"},"content":{"rendered":"<p>Sac \u00e9tanche 300D. Un sac parfait pour prot\u00e9ger vos affaires \u2013 documents, smartphone et accessoires informatiques. Ce sac \u00e9tanche est parfait pour une utilisation dans des conditions extr\u00eames.<\/p>\n","protected":false},"excerpt":{"rendered":"<p>Sac \u00e9tanche 300D. Un sac parfait pour prot\u00e9ger vos affaires \u2013 documents, smartphone et accessoires informatiques. Ce sac \u00e9tanche est parfait pour une utilisation dans des conditions extr\u00eames. [&#8230;]<\/p>\n<p><a class=\"btn btn-secondary understrap-read-more-link\" href=\"https:\/\/promz.be\/fr\/product\/sac-etanche\/\">Lire la suite&#8230;<\/a><\/p>\n","protected":false},"featured_media":14906,"comment_status":"closed","ping_status":"closed","template":"","meta":[],"product_cat":[978,954],"product_tag":[6156,6158,6157],"_links":{"self":[{"href":"https:\/\/promz.be\/fr\/wp-json\/wp\/v2\/product\/14981"}],"collection":[{"href":"https:\/\/promz.be\/fr\/wp-json\/wp\/v2\/product"}],"about":[{"href":"https:\/\/promz.be\/fr\/wp-json\/wp\/v2\/types\/product"}],"replies":[{"embeddable":true,"href":"https:\/\/promz.be\/fr\/wp-json\/wp\/v2\/comments?post=14981"}],"wp:featuredmedia":[{"embeddable":true,"href":"https:\/\/promz.be\/fr\/wp-json\/wp\/v2\/media\/14906"}],"wp:attachment":[{"href":"https:\/\/promz.be\/fr\/wp-json\/wp\/v2\/media?parent=14981"}],"wp:term":[{"taxonomy":"product_cat","embeddable":true,"href":"https:\/\/promz.be\/fr\/wp-json\/wp\/v2\/product_cat?post=14981"},{"taxonomy":"product_tag","embeddable":true,"href":"https:\/\/promz.be\/fr\/wp-json\/wp\/v2\/product_tag?post=14981"}],"curies":[{"name":"wp","href":"https:\/\/api.w.org\/{rel}","templated":true}]}}