{"id":14983,"date":"2018-09-14T00:00:00","date_gmt":"2018-09-13T22:00:00","guid":{"rendered":"https:\/\/promz.be\/product\/carnet-kraft-ecologique-a5\/"},"modified":"2018-12-19T10:06:31","modified_gmt":"2018-12-19T09:06:31","slug":"carnet-kraft-ecologique-a5","status":"publish","type":"product","link":"https:\/\/promz.be\/fr\/product\/carnet-kraft-ecologique-a5\/","title":{"rendered":"Carnet kraft \u00e9cologique A5"},"content":{"rendered":"<p>Carnet de notes \u00e0 couverture en kraft recycl\u00e9, 72 feuilles\/144 pages de 70 g\/m2 (papier cr\u00e8me), \u00e9lastique et marque-page.<\/p>\n","protected":false},"excerpt":{"rendered":"<p>Carnet de notes \u00e0 couverture en kraft recycl\u00e9, 72 feuilles\/144 pages de 70 g\/m2 (papier cr\u00e8me), \u00e9lastique et marque-page. [&#8230;]<\/p>\n<p><a class=\"btn btn-secondary understrap-read-more-link\" href=\"https:\/\/promz.be\/fr\/product\/carnet-kraft-ecologique-a5\/\">Lire la suite&#8230;<\/a><\/p>\n","protected":false},"featured_media":14910,"comment_status":"closed","ping_status":"open","template":"","meta":[],"product_cat":[980,951,1004,957],"product_tag":[6138,6137,4723,6159],"_links":{"self":[{"href":"https:\/\/promz.be\/fr\/wp-json\/wp\/v2\/product\/14983"}],"collection":[{"href":"https:\/\/promz.be\/fr\/wp-json\/wp\/v2\/product"}],"about":[{"href":"https:\/\/promz.be\/fr\/wp-json\/wp\/v2\/types\/product"}],"replies":[{"embeddable":true,"href":"https:\/\/promz.be\/fr\/wp-json\/wp\/v2\/comments?post=14983"}],"wp:featuredmedia":[{"embeddable":true,"href":"https:\/\/promz.be\/fr\/wp-json\/wp\/v2\/media\/14910"}],"wp:attachment":[{"href":"https:\/\/promz.be\/fr\/wp-json\/wp\/v2\/media?parent=14983"}],"wp:term":[{"taxonomy":"product_cat","embeddable":true,"href":"https:\/\/promz.be\/fr\/wp-json\/wp\/v2\/product_cat?post=14983"},{"taxonomy":"product_tag","embeddable":true,"href":"https:\/\/promz.be\/fr\/wp-json\/wp\/v2\/product_tag?post=14983"}],"curies":[{"name":"wp","href":"https:\/\/api.w.org\/{rel}","templated":true}]}}