{"id":14984,"date":"2018-01-09T00:00:00","date_gmt":"2018-01-08T23:00:00","guid":{"rendered":"https:\/\/promz.be\/product\/lampe-torche-de-poche-cree\/"},"modified":"2018-12-19T10:07:33","modified_gmt":"2018-12-19T09:07:33","slug":"lampe-torche-de-poche-cree","status":"publish","type":"product","link":"https:\/\/promz.be\/fr\/product\/lampe-torche-de-poche-cree\/","title":{"rendered":"Lampe torche de poche CREE"},"content":{"rendered":"<p>Lampe torche de poche en aluminium CREE 3 W\/10W compacte mais super puissante que vous pouvez emporter facilement partout o\u00f9 vous allez gr\u00e2ce \u00e0 sa taille compacte. 85 lumens. Piles incluses pour une autonomie de 4\/6\/15 heures.<\/p>\n","protected":false},"excerpt":{"rendered":"<p>Lampe torche de poche en aluminium CREE 3 W\/10W compacte mais super puissante que vous pouvez emporter facilement partout o\u00f9 vous allez gr\u00e2ce \u00e0 sa taille compacte. 85 lumens. Piles incluses pour une autonomie de 4\/6\/15 heures. [&#8230;]<\/p>\n<p><a class=\"btn btn-secondary understrap-read-more-link\" href=\"https:\/\/promz.be\/fr\/product\/lampe-torche-de-poche-cree\/\">Lire la suite&#8230;<\/a><\/p>\n","protected":false},"featured_media":14912,"comment_status":"closed","ping_status":"open","template":"","meta":[],"product_cat":[1014,952,1038,985,954],"product_tag":[6161,6160,6162],"_links":{"self":[{"href":"https:\/\/promz.be\/fr\/wp-json\/wp\/v2\/product\/14984"}],"collection":[{"href":"https:\/\/promz.be\/fr\/wp-json\/wp\/v2\/product"}],"about":[{"href":"https:\/\/promz.be\/fr\/wp-json\/wp\/v2\/types\/product"}],"replies":[{"embeddable":true,"href":"https:\/\/promz.be\/fr\/wp-json\/wp\/v2\/comments?post=14984"}],"wp:featuredmedia":[{"embeddable":true,"href":"https:\/\/promz.be\/fr\/wp-json\/wp\/v2\/media\/14912"}],"wp:attachment":[{"href":"https:\/\/promz.be\/fr\/wp-json\/wp\/v2\/media?parent=14984"}],"wp:term":[{"taxonomy":"product_cat","embeddable":true,"href":"https:\/\/promz.be\/fr\/wp-json\/wp\/v2\/product_cat?post=14984"},{"taxonomy":"product_tag","embeddable":true,"href":"https:\/\/promz.be\/fr\/wp-json\/wp\/v2\/product_tag?post=14984"}],"curies":[{"name":"wp","href":"https:\/\/api.w.org\/{rel}","templated":true}]}}