{"id":14985,"date":"2018-11-05T00:00:00","date_gmt":"2018-11-04T23:00:00","guid":{"rendered":"https:\/\/promz.be\/product\/hotel-a-insectes\/"},"modified":"2018-12-19T10:08:18","modified_gmt":"2018-12-19T09:08:18","slug":"hotel-a-insectes","status":"publish","type":"product","link":"https:\/\/promz.be\/fr\/product\/hotel-a-insectes\/","title":{"rendered":"H\u00f4tel \u00e0 insectes"},"content":{"rendered":"<p>H\u00f4tel \u00e0 insectes en bois qui peut abriter par exemple des abeilles ou papillons. Un endroit chaud et prot\u00e9g\u00e9 pour l\u2019hiver. Livr\u00e9 en bo\u00eete cadeau.<\/p>\n","protected":false},"excerpt":{"rendered":"<p>H\u00f4tel \u00e0 insectes en bois qui peut abriter par exemple des abeilles ou papillons. Un endroit chaud et prot\u00e9g\u00e9 pour l\u2019hiver. Livr\u00e9 en bo\u00eete cadeau. [&#8230;]<\/p>\n<p><a class=\"btn btn-secondary understrap-read-more-link\" href=\"https:\/\/promz.be\/fr\/product\/hotel-a-insectes\/\">Lire la suite&#8230;<\/a><\/p>\n","protected":false},"featured_media":14914,"comment_status":"closed","ping_status":"open","template":"","meta":[],"product_cat":[1029,980,950,957],"product_tag":[6042,4723,6163,6164],"_links":{"self":[{"href":"https:\/\/promz.be\/fr\/wp-json\/wp\/v2\/product\/14985"}],"collection":[{"href":"https:\/\/promz.be\/fr\/wp-json\/wp\/v2\/product"}],"about":[{"href":"https:\/\/promz.be\/fr\/wp-json\/wp\/v2\/types\/product"}],"replies":[{"embeddable":true,"href":"https:\/\/promz.be\/fr\/wp-json\/wp\/v2\/comments?post=14985"}],"wp:featuredmedia":[{"embeddable":true,"href":"https:\/\/promz.be\/fr\/wp-json\/wp\/v2\/media\/14914"}],"wp:attachment":[{"href":"https:\/\/promz.be\/fr\/wp-json\/wp\/v2\/media?parent=14985"}],"wp:term":[{"taxonomy":"product_cat","embeddable":true,"href":"https:\/\/promz.be\/fr\/wp-json\/wp\/v2\/product_cat?post=14985"},{"taxonomy":"product_tag","embeddable":true,"href":"https:\/\/promz.be\/fr\/wp-json\/wp\/v2\/product_tag?post=14985"}],"curies":[{"name":"wp","href":"https:\/\/api.w.org\/{rel}","templated":true}]}}