{"id":14987,"date":"2018-03-15T00:00:00","date_gmt":"2018-03-14T23:00:00","guid":{"rendered":"https:\/\/promz.be\/product\/set-ecouteurs-sans-fil\/"},"modified":"2018-12-19T10:11:02","modified_gmt":"2018-12-19T09:11:02","slug":"set-ecouteurs-sans-fil","status":"publish","type":"product","link":"https:\/\/promz.be\/fr\/product\/set-ecouteurs-sans-fil\/","title":{"rendered":"Set \u00e9couteurs sans-fil"},"content":{"rendered":"<p>Ecouteurs ergonomiques sans fil avec une \u00e9l\u00e9gante station de recharge. Vous pouvez \u00e9couter de la musique et prendre des appels en mode sans fil. Recharge automatique en pla\u00e7ant les \u00e9couteurs sur la station de recharge. Avec une grande surface de marquage, livr\u00e9 sous bo\u00eete cadeau.<\/p>\n","protected":false},"excerpt":{"rendered":"<p>Ecouteurs ergonomiques sans fil avec une \u00e9l\u00e9gante station de recharge. Vous pouvez \u00e9couter de la musique et prendre des appels en mode sans fil. Recharge automatique en pla\u00e7ant les \u00e9couteurs sur la station de recharge. Avec une grande surface de marquage, livr\u00e9 sous bo\u00eete cadeau. [&#8230;]<\/p>\n<p><a class=\"btn btn-secondary understrap-read-more-link\" href=\"https:\/\/promz.be\/fr\/product\/set-ecouteurs-sans-fil\/\">Lire la suite&#8230;<\/a><\/p>\n","protected":false},"featured_media":14918,"comment_status":"closed","ping_status":"open","template":"","meta":[],"product_cat":[1026,1021,956],"product_tag":[6167,6150,6166,6152],"_links":{"self":[{"href":"https:\/\/promz.be\/fr\/wp-json\/wp\/v2\/product\/14987"}],"collection":[{"href":"https:\/\/promz.be\/fr\/wp-json\/wp\/v2\/product"}],"about":[{"href":"https:\/\/promz.be\/fr\/wp-json\/wp\/v2\/types\/product"}],"replies":[{"embeddable":true,"href":"https:\/\/promz.be\/fr\/wp-json\/wp\/v2\/comments?post=14987"}],"wp:featuredmedia":[{"embeddable":true,"href":"https:\/\/promz.be\/fr\/wp-json\/wp\/v2\/media\/14918"}],"wp:attachment":[{"href":"https:\/\/promz.be\/fr\/wp-json\/wp\/v2\/media?parent=14987"}],"wp:term":[{"taxonomy":"product_cat","embeddable":true,"href":"https:\/\/promz.be\/fr\/wp-json\/wp\/v2\/product_cat?post=14987"},{"taxonomy":"product_tag","embeddable":true,"href":"https:\/\/promz.be\/fr\/wp-json\/wp\/v2\/product_tag?post=14987"}],"curies":[{"name":"wp","href":"https:\/\/api.w.org\/{rel}","templated":true}]}}