{"id":14988,"date":"2018-03-27T00:00:00","date_gmt":"2018-03-26T22:00:00","guid":{"rendered":"https:\/\/promz.be\/product\/retro-radio-fm-haut-parleur-et-powerbank\/"},"modified":"2018-12-19T10:11:44","modified_gmt":"2018-12-19T09:11:44","slug":"retro-radio-fm-haut-parleur-et-powerbank","status":"publish","type":"product","link":"https:\/\/promz.be\/fr\/product\/retro-radio-fm-haut-parleur-et-powerbank\/","title":{"rendered":"R\u00e9tro radio FM, haut-parleur et powerbank"},"content":{"rendered":"<p>Radio FM, haut-parleur et powerbank 3 en 1. Avec poign\u00e9e m\u00e9tal. Design r\u00e9tro avec antenne, haut-parleur et powerbank (6000mAh). Id\u00e9al pour les voyages, les vacances ou la plage. Les indicateurs LED indiquent la charge restante du powerbank. Possibilit\u00e9 d&#8217;\u00e9couter la musique de votre t\u00e9l\u00e9phone ou tablette. Un cadeau d&#8217;affaires original.<\/p>\n","protected":false},"excerpt":{"rendered":"<p>Radio FM, haut-parleur et powerbank 3 en 1. Avec poign\u00e9e m\u00e9tal. Design r\u00e9tro avec antenne, haut-parleur et powerbank (6000mAh). Id\u00e9al pour les voyages, les vacances ou la plage. Les indicateurs LED indiquent la charge restante du powerbank. Possibilit\u00e9 d&#8217;\u00e9couter la musique de votre t\u00e9l\u00e9phone ou tablette. Un cadeau d&#8217;affaires original. [&#8230;]<\/p>\n<p><a class=\"btn btn-secondary understrap-read-more-link\" href=\"https:\/\/promz.be\/fr\/product\/retro-radio-fm-haut-parleur-et-powerbank\/\">Lire la suite&#8230;<\/a><\/p>\n","protected":false},"featured_media":14920,"comment_status":"closed","ping_status":"open","template":"","meta":[],"product_cat":[1026,1006,1021,956],"product_tag":[6148,6147,6150,6149],"_links":{"self":[{"href":"https:\/\/promz.be\/fr\/wp-json\/wp\/v2\/product\/14988"}],"collection":[{"href":"https:\/\/promz.be\/fr\/wp-json\/wp\/v2\/product"}],"about":[{"href":"https:\/\/promz.be\/fr\/wp-json\/wp\/v2\/types\/product"}],"replies":[{"embeddable":true,"href":"https:\/\/promz.be\/fr\/wp-json\/wp\/v2\/comments?post=14988"}],"wp:featuredmedia":[{"embeddable":true,"href":"https:\/\/promz.be\/fr\/wp-json\/wp\/v2\/media\/14920"}],"wp:attachment":[{"href":"https:\/\/promz.be\/fr\/wp-json\/wp\/v2\/media?parent=14988"}],"wp:term":[{"taxonomy":"product_cat","embeddable":true,"href":"https:\/\/promz.be\/fr\/wp-json\/wp\/v2\/product_cat?post=14988"},{"taxonomy":"product_tag","embeddable":true,"href":"https:\/\/promz.be\/fr\/wp-json\/wp\/v2\/product_tag?post=14988"}],"curies":[{"name":"wp","href":"https:\/\/api.w.org\/{rel}","templated":true}]}}