{"id":14989,"date":"2018-04-02T00:00:00","date_gmt":"2018-04-01T22:00:00","guid":{"rendered":"https:\/\/promz.be\/product\/camera-daction\/"},"modified":"2018-12-19T10:12:44","modified_gmt":"2018-12-19T09:12:44","slug":"camera-daction","status":"publish","type":"product","link":"https:\/\/promz.be\/fr\/product\/camera-daction\/","title":{"rendered":"Cam\u00e9ra d&#8217;action"},"content":{"rendered":"<p>Filmez vos activit\u00e9s sportives gr\u00e2ce \u00e0 cette cam\u00e9ra d&#8217;action Full HD avec \u00e9cran 1.5 pouces et r\u00e9solution 1080p. Livr\u00e9 avec 11 accessoires diff\u00e9rents. Le bo\u00eetier \u00e9tanche de la cam\u00e9ra est r\u00e9sistant aux chocs. Les enregistrements sont d&#8217;une grande nettet\u00e9. Livr\u00e9 dans boite cadeau.<\/p>\n","protected":false},"excerpt":{"rendered":"<p>Filmez vos activit\u00e9s sportives gr\u00e2ce \u00e0 cette cam\u00e9ra d&#8217;action Full HD avec \u00e9cran 1.5 pouces et r\u00e9solution 1080p. Livr\u00e9 avec 11 accessoires diff\u00e9rents. Le bo\u00eetier \u00e9tanche de la cam\u00e9ra est r\u00e9sistant aux chocs. Les enregistrements sont d&#8217;une grande nettet\u00e9. Livr\u00e9 dans boite cadeau. [&#8230;]<\/p>\n<p><a class=\"btn btn-secondary understrap-read-more-link\" href=\"https:\/\/promz.be\/fr\/product\/camera-daction\/\">Lire la suite&#8230;<\/a><\/p>\n","protected":false},"featured_media":14922,"comment_status":"closed","ping_status":"open","template":"","meta":[],"product_cat":[1014,1026,1023,953,954,956],"product_tag":[6169,6152,6170],"_links":{"self":[{"href":"https:\/\/promz.be\/fr\/wp-json\/wp\/v2\/product\/14989"}],"collection":[{"href":"https:\/\/promz.be\/fr\/wp-json\/wp\/v2\/product"}],"about":[{"href":"https:\/\/promz.be\/fr\/wp-json\/wp\/v2\/types\/product"}],"replies":[{"embeddable":true,"href":"https:\/\/promz.be\/fr\/wp-json\/wp\/v2\/comments?post=14989"}],"wp:featuredmedia":[{"embeddable":true,"href":"https:\/\/promz.be\/fr\/wp-json\/wp\/v2\/media\/14922"}],"wp:attachment":[{"href":"https:\/\/promz.be\/fr\/wp-json\/wp\/v2\/media?parent=14989"}],"wp:term":[{"taxonomy":"product_cat","embeddable":true,"href":"https:\/\/promz.be\/fr\/wp-json\/wp\/v2\/product_cat?post=14989"},{"taxonomy":"product_tag","embeddable":true,"href":"https:\/\/promz.be\/fr\/wp-json\/wp\/v2\/product_tag?post=14989"}],"curies":[{"name":"wp","href":"https:\/\/api.w.org\/{rel}","templated":true}]}}