{"id":14990,"date":"2018-05-01T00:00:00","date_gmt":"2018-04-30T22:00:00","guid":{"rendered":"https:\/\/promz.be\/product\/lunettes-realite-virtuelle-son-integre\/"},"modified":"2018-12-19T10:13:39","modified_gmt":"2018-12-19T09:13:39","slug":"lunettes-realite-virtuelle-son-integre","status":"publish","type":"product","link":"https:\/\/promz.be\/fr\/product\/lunettes-realite-virtuelle-son-integre\/","title":{"rendered":"Lunettes R\u00e9alit\u00e9 Virtuelle son int\u00e9gr\u00e9"},"content":{"rendered":"<p>Lunettes Virtuelles avec son int\u00e9gr\u00e9. Ces lunettes virtuelles vous permettront d\u2019avoir une exp\u00e9rience virtuelles compl\u00e8te. Tr\u00e8s confortables et ajustables de trois mani\u00e8res diff\u00e9rentes.<\/p>\n","protected":false},"excerpt":{"rendered":"<p>Lunettes Virtuelles avec son int\u00e9gr\u00e9. Ces lunettes virtuelles vous permettront d\u2019avoir une exp\u00e9rience virtuelles compl\u00e8te. Tr\u00e8s confortables et ajustables de trois mani\u00e8res diff\u00e9rentes. [&#8230;]<\/p>\n<p><a class=\"btn btn-secondary understrap-read-more-link\" href=\"https:\/\/promz.be\/fr\/product\/lunettes-realite-virtuelle-son-integre\/\">Lire la suite&#8230;<\/a><\/p>\n","protected":false},"featured_media":14924,"comment_status":"closed","ping_status":"open","template":"","meta":[],"product_cat":[1026,1032,956],"product_tag":[6171,6172],"_links":{"self":[{"href":"https:\/\/promz.be\/fr\/wp-json\/wp\/v2\/product\/14990"}],"collection":[{"href":"https:\/\/promz.be\/fr\/wp-json\/wp\/v2\/product"}],"about":[{"href":"https:\/\/promz.be\/fr\/wp-json\/wp\/v2\/types\/product"}],"replies":[{"embeddable":true,"href":"https:\/\/promz.be\/fr\/wp-json\/wp\/v2\/comments?post=14990"}],"wp:featuredmedia":[{"embeddable":true,"href":"https:\/\/promz.be\/fr\/wp-json\/wp\/v2\/media\/14924"}],"wp:attachment":[{"href":"https:\/\/promz.be\/fr\/wp-json\/wp\/v2\/media?parent=14990"}],"wp:term":[{"taxonomy":"product_cat","embeddable":true,"href":"https:\/\/promz.be\/fr\/wp-json\/wp\/v2\/product_cat?post=14990"},{"taxonomy":"product_tag","embeddable":true,"href":"https:\/\/promz.be\/fr\/wp-json\/wp\/v2\/product_tag?post=14990"}],"curies":[{"name":"wp","href":"https:\/\/api.w.org\/{rel}","templated":true}]}}