{"id":14991,"date":"2018-05-31T00:00:00","date_gmt":"2018-05-30T22:00:00","guid":{"rendered":"https:\/\/promz.be\/product\/sac-a-dos-brixton\/"},"modified":"2018-12-19T10:15:03","modified_gmt":"2018-12-19T09:15:03","slug":"sac-a-dos-brixton","status":"publish","type":"product","link":"https:\/\/promz.be\/fr\/product\/sac-a-dos-brixton\/","title":{"rendered":"Sac \u00e0 dos Brixton"},"content":{"rendered":"<p>Ce sac \u00e0 dos brixton joue sur la tendance du moment. Le design moderne et unique offre suffisamment de rangement pour toutes vos affaires. Fabriqu\u00e9 en polyester 300D. Compartiment avant avec fermeture bouton \u00e0 aimant. Plusieurs compartiments de rangement \u00e0 l\u2019int\u00e9rieur du sac, incluant un compartiment pour tablette 272x210mm. Fond renforc\u00e9.<\/p>\n","protected":false},"excerpt":{"rendered":"<p>Ce sac \u00e0 dos brixton joue sur la tendance du moment. Le design moderne et unique offre suffisamment de rangement pour toutes vos affaires. Fabriqu\u00e9 en polyester 300D. Compartiment avant avec fermeture bouton \u00e0 aimant. Plusieurs compartiments de rangement \u00e0 l\u2019int\u00e9rieur du sac, incluant un compartiment pour tablette 272x210mm. Fond renforc\u00e9. [&#8230;]<\/p>\n<p><a class=\"btn btn-secondary understrap-read-more-link\" href=\"https:\/\/promz.be\/fr\/product\/sac-a-dos-brixton\/\">Lire la suite&#8230;<\/a><\/p>\n","protected":false},"featured_media":14926,"comment_status":"closed","ping_status":"open","template":"","meta":[],"product_cat":[978,954],"product_tag":[6156,6158,6157],"_links":{"self":[{"href":"https:\/\/promz.be\/fr\/wp-json\/wp\/v2\/product\/14991"}],"collection":[{"href":"https:\/\/promz.be\/fr\/wp-json\/wp\/v2\/product"}],"about":[{"href":"https:\/\/promz.be\/fr\/wp-json\/wp\/v2\/types\/product"}],"replies":[{"embeddable":true,"href":"https:\/\/promz.be\/fr\/wp-json\/wp\/v2\/comments?post=14991"}],"wp:featuredmedia":[{"embeddable":true,"href":"https:\/\/promz.be\/fr\/wp-json\/wp\/v2\/media\/14926"}],"wp:attachment":[{"href":"https:\/\/promz.be\/fr\/wp-json\/wp\/v2\/media?parent=14991"}],"wp:term":[{"taxonomy":"product_cat","embeddable":true,"href":"https:\/\/promz.be\/fr\/wp-json\/wp\/v2\/product_cat?post=14991"},{"taxonomy":"product_tag","embeddable":true,"href":"https:\/\/promz.be\/fr\/wp-json\/wp\/v2\/product_tag?post=14991"}],"curies":[{"name":"wp","href":"https:\/\/api.w.org\/{rel}","templated":true}]}}