{"id":14992,"date":"2018-06-07T00:00:00","date_gmt":"2018-06-06T22:00:00","guid":{"rendered":"https:\/\/promz.be\/product\/sac-ordinateur-brixton\/"},"modified":"2018-12-19T10:19:00","modified_gmt":"2018-12-19T09:19:00","slug":"sac-ordinateur-brixton","status":"publish","type":"product","link":"https:\/\/promz.be\/fr\/product\/sac-ordinateur-brixton\/","title":{"rendered":"Sac ordinateur Brixton"},"content":{"rendered":"<p>Ce sac moderne offre beaucoup d&#8217;espace de rangement pour vos appareils. La conception robuste offre aussi une protection optimale. Fabriqu\u00e9 en polyester 300d. Compartiment avant avec fermeture \u00e9clair.. Plusieurs compartiments de rangement \u00e0 l\u2019int\u00e9rieur du sac, incluant un compartiment pour tablette 268x210mm. Fond renforc\u00e9 et bandouli\u00e8res r\u00e9glables.<\/p>\n","protected":false},"excerpt":{"rendered":"<p>Ce sac moderne offre beaucoup d&#8217;espace de rangement pour vos appareils. La conception robuste offre aussi une protection optimale. Fabriqu\u00e9 en polyester 300d. Compartiment avant avec fermeture \u00e9clair.. Plusieurs compartiments de rangement \u00e0 l\u2019int\u00e9rieur du sac, incluant un compartiment pour tablette 268x210mm. Fond renforc\u00e9 et bandouli\u00e8res r\u00e9glables. [&#8230;]<\/p>\n<p><a class=\"btn btn-secondary understrap-read-more-link\" href=\"https:\/\/promz.be\/fr\/product\/sac-ordinateur-brixton\/\">Lire la suite&#8230;<\/a><\/p>\n","protected":false},"featured_media":14928,"comment_status":"closed","ping_status":"open","template":"","meta":[],"product_cat":[978,954],"product_tag":[6177,6174,6175,6176],"_links":{"self":[{"href":"https:\/\/promz.be\/fr\/wp-json\/wp\/v2\/product\/14992"}],"collection":[{"href":"https:\/\/promz.be\/fr\/wp-json\/wp\/v2\/product"}],"about":[{"href":"https:\/\/promz.be\/fr\/wp-json\/wp\/v2\/types\/product"}],"replies":[{"embeddable":true,"href":"https:\/\/promz.be\/fr\/wp-json\/wp\/v2\/comments?post=14992"}],"wp:featuredmedia":[{"embeddable":true,"href":"https:\/\/promz.be\/fr\/wp-json\/wp\/v2\/media\/14928"}],"wp:attachment":[{"href":"https:\/\/promz.be\/fr\/wp-json\/wp\/v2\/media?parent=14992"}],"wp:term":[{"taxonomy":"product_cat","embeddable":true,"href":"https:\/\/promz.be\/fr\/wp-json\/wp\/v2\/product_cat?post=14992"},{"taxonomy":"product_tag","embeddable":true,"href":"https:\/\/promz.be\/fr\/wp-json\/wp\/v2\/product_tag?post=14992"}],"curies":[{"name":"wp","href":"https:\/\/api.w.org\/{rel}","templated":true}]}}