{"id":14993,"date":"2018-06-19T00:00:00","date_gmt":"2018-06-18T22:00:00","guid":{"rendered":"https:\/\/promz.be\/product\/sac-de-week-end-brixton\/"},"modified":"2018-12-19T10:19:52","modified_gmt":"2018-12-19T09:19:52","slug":"sac-de-week-end-brixton","status":"publish","type":"product","link":"https:\/\/promz.be\/fr\/product\/sac-de-week-end-brixton\/","title":{"rendered":"Sac de week-end Brixton"},"content":{"rendered":"<p>Id\u00e9al pour une sortie le week-end. Ce sac de voyage suit toutes les tendances du moment. Il comporte plusieurs poches dans lesquelles vous pouvez ranger facilement toutes vos affaires. Fabriqu\u00e9 en polyester 300D. Fond renforc\u00e9, 2 compartiments \u00e0 l\u2019avant avec bouton \u00e0 aimant et un compartiment avec fermeture \u00e9clair. Bandouli\u00e8res r\u00e9glables.<\/p>\n","protected":false},"excerpt":{"rendered":"<p>Id\u00e9al pour une sortie le week-end. Ce sac de voyage suit toutes les tendances du moment. Il comporte plusieurs poches dans lesquelles vous pouvez ranger facilement toutes vos affaires. Fabriqu\u00e9 en polyester 300D. Fond renforc\u00e9, 2 compartiments \u00e0 l\u2019avant avec bouton \u00e0 aimant et un compartiment avec fermeture \u00e9clair. Bandouli\u00e8res r\u00e9glables. [&#8230;]<\/p>\n<p><a class=\"btn btn-secondary understrap-read-more-link\" href=\"https:\/\/promz.be\/fr\/product\/sac-de-week-end-brixton\/\">Lire la suite&#8230;<\/a><\/p>\n","protected":false},"featured_media":14930,"comment_status":"closed","ping_status":"open","template":"","meta":[],"product_cat":[978,954],"product_tag":[6175,6178,6179],"_links":{"self":[{"href":"https:\/\/promz.be\/fr\/wp-json\/wp\/v2\/product\/14993"}],"collection":[{"href":"https:\/\/promz.be\/fr\/wp-json\/wp\/v2\/product"}],"about":[{"href":"https:\/\/promz.be\/fr\/wp-json\/wp\/v2\/types\/product"}],"replies":[{"embeddable":true,"href":"https:\/\/promz.be\/fr\/wp-json\/wp\/v2\/comments?post=14993"}],"wp:featuredmedia":[{"embeddable":true,"href":"https:\/\/promz.be\/fr\/wp-json\/wp\/v2\/media\/14930"}],"wp:attachment":[{"href":"https:\/\/promz.be\/fr\/wp-json\/wp\/v2\/media?parent=14993"}],"wp:term":[{"taxonomy":"product_cat","embeddable":true,"href":"https:\/\/promz.be\/fr\/wp-json\/wp\/v2\/product_cat?post=14993"},{"taxonomy":"product_tag","embeddable":true,"href":"https:\/\/promz.be\/fr\/wp-json\/wp\/v2\/product_tag?post=14993"}],"curies":[{"name":"wp","href":"https:\/\/api.w.org\/{rel}","templated":true}]}}