{"id":14995,"date":"2018-07-12T00:00:00","date_gmt":"2018-07-11T22:00:00","guid":{"rendered":"https:\/\/promz.be\/product\/set-bbq-3-in-1\/"},"modified":"2018-12-19T10:21:40","modified_gmt":"2018-12-19T09:21:40","slug":"set-bbq-3-in-1","status":"publish","type":"product","link":"https:\/\/promz.be\/fr\/product\/set-bbq-3-in-1\/","title":{"rendered":"Set BBQ 3 in 1"},"content":{"rendered":"<p>Tous vos outils \u00e0 barbecue dans une poign\u00e9e tr\u00e8s pratique. Graissez votre viande, piquez votre steak, retournez votre steak hach\u00e9 et ouvrez votre bouteille. Tout cela avec juste 1 outil.<\/p>\n","protected":false},"excerpt":{"rendered":"<p>Tous vos outils \u00e0 barbecue dans une poign\u00e9e tr\u00e8s pratique. Graissez votre viande, piquez votre steak, retournez votre steak hach\u00e9 et ouvrez votre bouteille. Tout cela avec juste 1 outil. [&#8230;]<\/p>\n<p><a class=\"btn btn-secondary understrap-read-more-link\" href=\"https:\/\/promz.be\/fr\/product\/set-bbq-3-in-1\/\">Lire la suite&#8230;<\/a><\/p>\n","protected":false},"featured_media":14934,"comment_status":"closed","ping_status":"open","template":"","meta":[],"product_cat":[952,1029,950,966],"product_tag":[6180,6181,6182],"_links":{"self":[{"href":"https:\/\/promz.be\/fr\/wp-json\/wp\/v2\/product\/14995"}],"collection":[{"href":"https:\/\/promz.be\/fr\/wp-json\/wp\/v2\/product"}],"about":[{"href":"https:\/\/promz.be\/fr\/wp-json\/wp\/v2\/types\/product"}],"replies":[{"embeddable":true,"href":"https:\/\/promz.be\/fr\/wp-json\/wp\/v2\/comments?post=14995"}],"wp:featuredmedia":[{"embeddable":true,"href":"https:\/\/promz.be\/fr\/wp-json\/wp\/v2\/media\/14934"}],"wp:attachment":[{"href":"https:\/\/promz.be\/fr\/wp-json\/wp\/v2\/media?parent=14995"}],"wp:term":[{"taxonomy":"product_cat","embeddable":true,"href":"https:\/\/promz.be\/fr\/wp-json\/wp\/v2\/product_cat?post=14995"},{"taxonomy":"product_tag","embeddable":true,"href":"https:\/\/promz.be\/fr\/wp-json\/wp\/v2\/product_tag?post=14995"}],"curies":[{"name":"wp","href":"https:\/\/api.w.org\/{rel}","templated":true}]}}