{"id":15359,"date":"2018-06-15T00:00:00","date_gmt":"2018-04-11T22:00:00","guid":{"rendered":"https:\/\/promz.be\/product\/roulette-a-pizza\/"},"modified":"2021-05-25T16:20:28","modified_gmt":"2021-05-25T14:20:28","slug":"roulette-a-pizza","status":"publish","type":"product","link":"https:\/\/promz.be\/fr\/product\/roulette-a-pizza\/","title":{"rendered":"Roulette \u00e0 pizza"},"content":{"rendered":"<p>D\u00e9couper votre pizza \u00e0 cro\u00fbte mince ou \u00e9paisse, vos quesadillas, vos sandwichs ou autres sera simple comme bonjour avec la rouelette \u00e0 pizza Leo. La poign\u00e9e ergonomique douce au toucher assure un contr\u00f4le maximal, tandis que vous couperez sans effort toutes sortes de pr\u00e9parations \u00e0 p\u00e2tes gr\u00e2ce \u00e0 sa grande lame en acier inoxydable facile \u00e0 nettoyer.<\/p>\n<p>pizza|p\u00e2tes|accessoires pour pizza<\/p>\n","protected":false},"excerpt":{"rendered":"<p>D\u00e9couper votre pizza \u00e0 cro\u00fbte mince ou \u00e9paisse, vos quesadillas, vos sandwichs ou autres sera simple comme bonjour avec la rouelette \u00e0 pizza Leo. La poign\u00e9e ergonomique douce au toucher assure un contr\u00f4le maximal, tandis que vous couperez sans effort toutes sortes de pr\u00e9parations \u00e0 p\u00e2tes gr\u00e2ce \u00e0 sa grande lame en acier inoxydable facile \u00e0 nettoyer. [&#8230;]<\/p>\n<p><a class=\"btn btn-secondary understrap-read-more-link\" href=\"https:\/\/promz.be\/fr\/product\/roulette-a-pizza\/\">Lire la suite&#8230;<\/a><\/p>\n","protected":false},"featured_media":15308,"comment_status":"closed","ping_status":"open","template":"","meta":[],"product_cat":[986,988,950,957],"product_tag":[],"_links":{"self":[{"href":"https:\/\/promz.be\/fr\/wp-json\/wp\/v2\/product\/15359"}],"collection":[{"href":"https:\/\/promz.be\/fr\/wp-json\/wp\/v2\/product"}],"about":[{"href":"https:\/\/promz.be\/fr\/wp-json\/wp\/v2\/types\/product"}],"replies":[{"embeddable":true,"href":"https:\/\/promz.be\/fr\/wp-json\/wp\/v2\/comments?post=15359"}],"wp:featuredmedia":[{"embeddable":true,"href":"https:\/\/promz.be\/fr\/wp-json\/wp\/v2\/media\/15308"}],"wp:attachment":[{"href":"https:\/\/promz.be\/fr\/wp-json\/wp\/v2\/media?parent=15359"}],"wp:term":[{"taxonomy":"product_cat","embeddable":true,"href":"https:\/\/promz.be\/fr\/wp-json\/wp\/v2\/product_cat?post=15359"},{"taxonomy":"product_tag","embeddable":true,"href":"https:\/\/promz.be\/fr\/wp-json\/wp\/v2\/product_tag?post=15359"}],"curies":[{"name":"wp","href":"https:\/\/api.w.org\/{rel}","templated":true}]}}