{"id":15453,"date":"2018-04-04T08:53:02","date_gmt":"2018-04-04T06:53:02","guid":{"rendered":"https:\/\/promz.be\/product\/poches-a-vrac-en-coton-bio\/"},"modified":"2018-11-07T08:57:15","modified_gmt":"2018-11-07T07:57:15","slug":"poches-a-vrac-en-coton-bio","status":"publish","type":"product","link":"https:\/\/promz.be\/fr\/product\/poches-a-vrac-en-coton-bio\/","title":{"rendered":"Poches \u00e0 vrac en coton Bio"},"content":{"rendered":"<p>En stock nous avons 2 mod\u00e8les de poches en coton Bio, pouvant \u00eatre personnalis\u00e9es ou non.<br \/>\n&#8211; Qualit\u00e9 : 50 gr\/m2<br \/>\n&#8211; Petit mod\u00e8le : H-28 x L-20 cm<br \/>\n&#8211; Grand mod\u00e8le : H-33 x L-30 cm<br \/>\n&#8211; Certification CO2-Neutre<br \/>\n&#8211; Impression possible en s\u00e9rigraphie ou transfert<br \/>\n&#8211; Quantit\u00e9s mini. : 250 pi\u00e8ces<br \/>\n&#8211; Livraison entre 1 et 4 semaines<\/p>\n","protected":false},"excerpt":{"rendered":"<p>En stock nous avons 2 mod\u00e8les de poches en coton Bio, pouvant \u00eatre personnalis\u00e9es ou non.<br \/>\n&#8211; Qualit\u00e9 : 50 gr\/m2<br \/>\n&#8211; Petit mod\u00e8le : H-28 x L-20 cm<br \/>\n&#8211; Grand mod\u00e8le : H-33 x L-30 cm<br \/>\n&#8211; Certification CO2-Neutre<br \/>\n&#8211; Impression possible en s\u00e9rigraphie ou transfert<br \/>\n&#8211; Quantit\u00e9s mini. : 250 pi\u00e8ces<br \/>\n&#8211; Livraison entre 1 et 4 semaines [&#8230;]<\/p>\n<p><a class=\"btn btn-secondary understrap-read-more-link\" href=\"https:\/\/promz.be\/fr\/product\/poches-a-vrac-en-coton-bio\/\">Lire la suite&#8230;<\/a><\/p>\n","protected":false},"featured_media":13947,"comment_status":"open","ping_status":"closed","template":"","meta":[],"product_cat":[980,957,978,954],"product_tag":[5601,5603,5602],"_links":{"self":[{"href":"https:\/\/promz.be\/fr\/wp-json\/wp\/v2\/product\/15453"}],"collection":[{"href":"https:\/\/promz.be\/fr\/wp-json\/wp\/v2\/product"}],"about":[{"href":"https:\/\/promz.be\/fr\/wp-json\/wp\/v2\/types\/product"}],"replies":[{"embeddable":true,"href":"https:\/\/promz.be\/fr\/wp-json\/wp\/v2\/comments?post=15453"}],"wp:featuredmedia":[{"embeddable":true,"href":"https:\/\/promz.be\/fr\/wp-json\/wp\/v2\/media\/13947"}],"wp:attachment":[{"href":"https:\/\/promz.be\/fr\/wp-json\/wp\/v2\/media?parent=15453"}],"wp:term":[{"taxonomy":"product_cat","embeddable":true,"href":"https:\/\/promz.be\/fr\/wp-json\/wp\/v2\/product_cat?post=15453"},{"taxonomy":"product_tag","embeddable":true,"href":"https:\/\/promz.be\/fr\/wp-json\/wp\/v2\/product_tag?post=15453"}],"curies":[{"name":"wp","href":"https:\/\/api.w.org\/{rel}","templated":true}]}}