{"id":16057,"date":"2018-11-19T00:00:00","date_gmt":"2018-09-26T22:00:00","guid":{"rendered":"https:\/\/promz.be\/product\/glaciere-isotherme-xl\/"},"modified":"2018-11-29T09:25:08","modified_gmt":"2018-11-29T08:25:08","slug":"glaciere-isotherme-xl","status":"publish","type":"product","link":"https:\/\/promz.be\/fr\/product\/glaciere-isotherme-xl\/","title":{"rendered":"Glaci\u00e8re isotherme XL"},"content":{"rendered":"<p>Glaci\u00e8re isotherme en forme de seau pliant. il peut contenir 6 bouteilles de votre boisson pr\u00e9f\u00e9r\u00e9e, Ce produit est parfait pour les sorties en plein air, les barbecues et les pique niques entre amis. Grande poign\u00e9es pour un transport facile. Contient un ouvre bouteille dans la glaci\u00e8re.<\/p>\n","protected":false},"excerpt":{"rendered":"<p>Glaci\u00e8re isotherme en forme de seau pliant. il peut contenir 6 bouteilles de votre boisson pr\u00e9f\u00e9r\u00e9e, Ce produit est parfait pour les sorties en plein air, les barbecues et les pique niques entre amis. Grande poign\u00e9es pour un transport facile. Contient un ouvre bouteille dans la glaci\u00e8re. [&#8230;]<\/p>\n<p><a class=\"btn btn-secondary understrap-read-more-link\" href=\"https:\/\/promz.be\/fr\/product\/glaciere-isotherme-xl\/\">Lire la suite&#8230;<\/a><\/p>\n","protected":false},"featured_media":16005,"comment_status":"closed","ping_status":"closed","template":"","meta":[],"product_cat":[952,947,984,966,978,954],"product_tag":[],"_links":{"self":[{"href":"https:\/\/promz.be\/fr\/wp-json\/wp\/v2\/product\/16057"}],"collection":[{"href":"https:\/\/promz.be\/fr\/wp-json\/wp\/v2\/product"}],"about":[{"href":"https:\/\/promz.be\/fr\/wp-json\/wp\/v2\/types\/product"}],"replies":[{"embeddable":true,"href":"https:\/\/promz.be\/fr\/wp-json\/wp\/v2\/comments?post=16057"}],"wp:featuredmedia":[{"embeddable":true,"href":"https:\/\/promz.be\/fr\/wp-json\/wp\/v2\/media\/16005"}],"wp:attachment":[{"href":"https:\/\/promz.be\/fr\/wp-json\/wp\/v2\/media?parent=16057"}],"wp:term":[{"taxonomy":"product_cat","embeddable":true,"href":"https:\/\/promz.be\/fr\/wp-json\/wp\/v2\/product_cat?post=16057"},{"taxonomy":"product_tag","embeddable":true,"href":"https:\/\/promz.be\/fr\/wp-json\/wp\/v2\/product_tag?post=16057"}],"curies":[{"name":"wp","href":"https:\/\/api.w.org\/{rel}","templated":true}]}}