{"id":16058,"date":"2018-08-21T00:00:00","date_gmt":"2018-08-08T22:00:00","guid":{"rendered":"https:\/\/promz.be\/product\/tablier-a-bavette-division\/"},"modified":"2018-11-29T09:00:58","modified_gmt":"2018-11-29T08:00:58","slug":"tablier-a-bavette-division","status":"publish","type":"product","link":"https:\/\/promz.be\/fr\/product\/tablier-a-bavette-division\/","title":{"rendered":"Tablier \u00e0 bavette &#8220;Division&#8221;"},"content":{"rendered":"<p>100% coton denim avec une finition acrylique &#8220;effet huil\u00e9&#8221; longue dur\u00e9e. Effet denim teint gr\u00e2ce aux fils tiss\u00e9-teint. Tablier \u00e0 bavette au style vintage avec empi\u00e8cements en tissu contrast\u00e9 et d\u00e9tails en similicuir pour une apparence \u00e0 la fois authentique et tendance, pris\u00e9e dans bon nombre d&#8217;\u00e9tablissements.<\/p>\n","protected":false},"excerpt":{"rendered":"<p>100% coton denim avec une finition acrylique &#8220;effet huil\u00e9&#8221; longue dur\u00e9e. Effet denim teint gr\u00e2ce aux fils tiss\u00e9-teint. Tablier \u00e0 bavette au style vintage avec empi\u00e8cements en tissu contrast\u00e9 et d\u00e9tails en similicuir pour une apparence \u00e0 la fois authentique et tendance, pris\u00e9e dans bon nombre d&#8217;\u00e9tablissements. [&#8230;]<\/p>\n<p><a class=\"btn btn-secondary understrap-read-more-link\" href=\"https:\/\/promz.be\/fr\/product\/tablier-a-bavette-division\/\">Lire la suite&#8230;<\/a><\/p>\n","protected":false},"featured_media":16039,"comment_status":"closed","ping_status":"closed","template":"","meta":[],"product_cat":[952,984,947,986,966,957],"product_tag":[],"_links":{"self":[{"href":"https:\/\/promz.be\/fr\/wp-json\/wp\/v2\/product\/16058"}],"collection":[{"href":"https:\/\/promz.be\/fr\/wp-json\/wp\/v2\/product"}],"about":[{"href":"https:\/\/promz.be\/fr\/wp-json\/wp\/v2\/types\/product"}],"replies":[{"embeddable":true,"href":"https:\/\/promz.be\/fr\/wp-json\/wp\/v2\/comments?post=16058"}],"wp:featuredmedia":[{"embeddable":true,"href":"https:\/\/promz.be\/fr\/wp-json\/wp\/v2\/media\/16039"}],"wp:attachment":[{"href":"https:\/\/promz.be\/fr\/wp-json\/wp\/v2\/media?parent=16058"}],"wp:term":[{"taxonomy":"product_cat","embeddable":true,"href":"https:\/\/promz.be\/fr\/wp-json\/wp\/v2\/product_cat?post=16058"},{"taxonomy":"product_tag","embeddable":true,"href":"https:\/\/promz.be\/fr\/wp-json\/wp\/v2\/product_tag?post=16058"}],"curies":[{"name":"wp","href":"https:\/\/api.w.org\/{rel}","templated":true}]}}